{"id":24381,"date":"2022-12-04T22:05:27","date_gmt":"2022-12-04T19:05:27","guid":{"rendered":"https:\/\/hisaronuziraat.com\/site\/?post_type=product&#038;p=24381"},"modified":"2025-11-03T23:16:31","modified_gmt":"2025-11-03T20:16:31","slug":"nane","status":"publish","type":"product","link":"https:\/\/hisaronuziraat.com\/index.php\/urun\/nane\/","title":{"rendered":"Nane 100 adet"},"content":{"rendered":"<p><strong>Latince ismi:\u00a0<\/strong><strong><em>Mentha<\/em><\/strong><\/p>\n<p>Ball\u0131babagiller (Lamiaceae)\u00a0familyas\u0131 dan olan nane \u00e7ok senelik aromatik bir bitkidir. Nane i\u00e7erdi\u011fi eterik ya\u011flar bak\u0131m\u0131ndan t\u0131bbi bitkiler s\u0131n\u0131f\u0131nda b\u00fcy\u00fck \u00f6neme sahiptir. Yapraklar bo\u011fumlarda kar\u015f\u0131l\u0131kl\u0131 dizilmi\u015ftir. Genelde u\u00e7lar\u0131 sivri ve kenarlar\u0131 hafif di\u015flidir.\u00a0\u00c7i\u00e7ekleri mor tonlar\u0131ndad\u0131r. D\u00fc\u015f\u00fck s\u0131cakl\u0131klara dayanabilme \u00f6zelli\u011fine sahiptir. Nane \u00fcretimi i\u00e7in ideal toprak tipi kumlu-killi ve t\u0131nl\u0131 topraklard\u0131r. Tohumlar\u0131n\u0131n \u00e7ok k\u00fc\u00e7\u00fck olmas\u0131ndan dolay\u0131 \u00f6nce fideleri yap\u0131lmal\u0131, b\u00fcy\u00fcyen fideler sonra bah\u00e7eye ekilebilir. Tohumdan nane yeti\u015ftiricili\u011fi hassasiyet gerektirir. Toprak s\u00fcrekli nemli olmal\u0131 ve y\u00fczeye ekilmelidir. Yapraklar\u0131n\u0131n taze ve kuru olarak t\u00fcketimi yap\u0131labilmektedir.<\/p>\n<table border=\"1\" cellspacing=\"0\" cellpadding=\"0\">\n<tbody>\n<tr>\n<td>\n<div><strong>Ekim Derinli\u011fi<\/strong><\/div>\n<\/td>\n<td>\n<div>0,5\u00a0 cm<\/div>\n<\/td>\n<\/tr>\n<tr>\n<td>\n<div><strong>Y\u00fckseklik<\/strong><\/div>\n<\/td>\n<td>\n<div>40-60 cm<\/div>\n<\/td>\n<\/tr>\n<tr>\n<td>\n<div><strong>Renk<\/strong><\/div>\n<\/td>\n<td>\n<div>Yapraklar\u0131 ye\u015fil, \u00e7i\u00e7ek rengi mor<\/div>\n<\/td>\n<\/tr>\n<tr>\n<td>\n<div><strong>Ekim zaman\u0131<\/strong><\/div>\n<\/td>\n<td>\n<div>Erken ilkbahar<\/div>\n<\/td>\n<\/tr>\n<tr>\n<td>\n<div><strong>Tipi<\/strong><\/div>\n<\/td>\n<td>\n<div>\u00c7ok\u00a0 y\u0131ll\u0131k<\/div>\n<\/td>\n<\/tr>\n<tr>\n<td>\n<div><strong>Tahmini \u00c7imlenme G\u00fcn\u00fc<\/strong><\/div>\n<\/td>\n<td>\n<div>20-25 g\u00fcn<\/div>\n<\/td>\n<\/tr>\n<\/tbody>\n<\/table>\n","protected":false},"excerpt":{"rendered":"<p>Latince ismi:\u00a0Mentha Ball\u0131babagiller (Lamiaceae)\u00a0familyas\u0131 dan olan nane \u00e7ok senelik aromatik bir bitkidir. Nane i\u00e7erdi\u011fi eterik ya\u011flar bak\u0131m\u0131ndan t\u0131bbi bitkiler s\u0131n\u0131f\u0131nda b\u00fcy\u00fck \u00f6neme sahiptir. Yapraklar bo\u011fumlarda kar\u015f\u0131l\u0131kl\u0131 dizilmi\u015ftir. Genelde u\u00e7lar\u0131 sivri ve kenarlar\u0131 hafif di\u015flidir.\u00a0\u00c7i\u00e7ekleri mor tonlar\u0131ndad\u0131r. D\u00fc\u015f\u00fck s\u0131cakl\u0131klara dayanabilme \u00f6zelli\u011fine sahiptir. Nane \u00fcretimi i\u00e7in ideal toprak tipi kumlu-killi ve t\u0131nl\u0131 topraklard\u0131r. Tohumlar\u0131n\u0131n \u00e7ok k\u00fc\u00e7\u00fck olmas\u0131ndan [&hellip;]<\/p>\n","protected":false},"featured_media":25128,"comment_status":"open","ping_status":"closed","template":"","meta":[],"product_cat":[87],"product_tag":[],"class_list":{"0":"post-24381","1":"product","2":"type-product","3":"status-publish","4":"has-post-thumbnail","6":"product_cat-tibbi-bitki","7":"product_brand-arzuman","9":"first","10":"instock","11":"shipping-taxable","12":"purchasable","13":"product-type-simple"},"_links":{"self":[{"href":"https:\/\/hisaronuziraat.com\/index.php\/wp-json\/wp\/v2\/product\/24381","targetHints":{"allow":["GET"]}}],"collection":[{"href":"https:\/\/hisaronuziraat.com\/index.php\/wp-json\/wp\/v2\/product"}],"about":[{"href":"https:\/\/hisaronuziraat.com\/index.php\/wp-json\/wp\/v2\/types\/product"}],"replies":[{"embeddable":true,"href":"https:\/\/hisaronuziraat.com\/index.php\/wp-json\/wp\/v2\/comments?post=24381"}],"wp:featuredmedia":[{"embeddable":true,"href":"https:\/\/hisaronuziraat.com\/index.php\/wp-json\/wp\/v2\/media\/25128"}],"wp:attachment":[{"href":"https:\/\/hisaronuziraat.com\/index.php\/wp-json\/wp\/v2\/media?parent=24381"}],"wp:term":[{"taxonomy":"product_cat","embeddable":true,"href":"https:\/\/hisaronuziraat.com\/index.php\/wp-json\/wp\/v2\/product_cat?post=24381"},{"taxonomy":"product_tag","embeddable":true,"href":"https:\/\/hisaronuziraat.com\/index.php\/wp-json\/wp\/v2\/product_tag?post=24381"}],"curies":[{"name":"wp","href":"https:\/\/api.w.org\/{rel}","templated":true}]}}