{"id":24380,"date":"2022-12-04T22:05:27","date_gmt":"2022-12-04T19:05:27","guid":{"rendered":"https:\/\/hisaronuziraat.com\/site\/?post_type=product&#038;p=24380"},"modified":"2025-11-03T23:16:59","modified_gmt":"2025-11-03T20:16:59","slug":"biberiye","status":"publish","type":"product","link":"https:\/\/hisaronuziraat.com\/index.php\/urun\/biberiye\/","title":{"rendered":"Biberiye 50 adet"},"content":{"rendered":"<p>T\u0131bbi ve aromatik bir bitkidir.<\/p>\n<p>Baharat olarak da kullan\u0131l\u0131r.<\/p>\n<p>K\u0131\u015f\u0131n yapraklar\u0131n\u0131 d\u00f6kmeyen \u00e7ok y\u0131ll\u0131k, \u00e7al\u0131 g\u00f6r\u00fcn\u00fcml\u00fc bir bitkidir.<\/p>\n<p>T\u00fcm y\u0131l boyunca ye\u015fil olarak kal\u0131r.<\/p>\n<p>\u0130lkbahar ve yaz aylar\u0131nda \u00e7i\u00e7ek a\u00e7ar.<\/p>\n<p>G\u00fcne\u015fli ve \u0131l\u0131man iklimi severler.<\/p>\n<p>A\u015f\u0131r\u0131 so\u011fuklara dayanamazlar.<\/p>\n<p>Saks\u0131 yeti\u015ftiricili\u011fine uygundur.<\/p>\n<p><strong>Ekim Derinli\u011fi<\/strong>\u00a0 \u00a0 \u00a0 \u00a0 \u00a0 \u00a0 \u00a0 \u00a0 \u00a0 \u00a0 \u00a0 \u00a0 \u00a01-1,5 cm<br \/>\n<strong>Y\u00fckseklik\u00a0<\/strong>\u00a0 \u00a0 \u00a0 \u00a0 \u00a0 \u00a0 \u00a0 \u00a0 \u00a0 \u00a0 \u00a0 \u00a0 \u00a0 \u00a0 \u00a0 \u00a050-60 cm<br \/>\n<strong>Renk<\/strong>\u00a0 \u00a0 \u00a0 \u00a0 \u00a0 \u00a0 \u00a0 \u00a0 \u00a0 \u00a0 \u00a0 \u00a0 \u00a0 \u00a0 \u00a0 \u00a0 \u00a0 \u00a0 \u00a0 \u00a0 Ye\u015fil(bitki)-Mor(\u00e7i\u00e7ek)<br \/>\n<strong>Ekim zaman\u0131<\/strong>\u00a0 \u00a0 \u00a0 \u00a0 \u00a0 \u00a0 \u00a0 \u00a0 \u00a0 \u00a0 \u00a0 \u00a0 \u00a0 \u00a0\u0130lkbahar-Yaz<br \/>\n<strong>Tipi\u00a0<\/strong>\u00a0 \u00a0 \u00a0 \u00a0 \u00a0 \u00a0 \u00a0 \u00a0 \u00a0 \u00a0 \u00a0 \u00a0 \u00a0 \u00a0 \u00a0 \u00a0 \u00a0 \u00a0 \u00a0 \u00a0 \u00a0\u00c7ok y\u0131ll\u0131k<br \/>\n<strong>Tahmini \u00c7imlenme G\u00fcn\u00fc<\/strong>\u00a0 \u00a0 \u00a0 15-20 g\u00fcn<\/p>\n","protected":false},"excerpt":{"rendered":"<p>T\u0131bbi ve aromatik bir bitkidir. Baharat olarak da kullan\u0131l\u0131r. K\u0131\u015f\u0131n yapraklar\u0131n\u0131 d\u00f6kmeyen \u00e7ok y\u0131ll\u0131k, \u00e7al\u0131 g\u00f6r\u00fcn\u00fcml\u00fc bir bitkidir. T\u00fcm y\u0131l boyunca ye\u015fil olarak kal\u0131r. \u0130lkbahar ve yaz aylar\u0131nda \u00e7i\u00e7ek a\u00e7ar. G\u00fcne\u015fli ve \u0131l\u0131man iklimi severler. A\u015f\u0131r\u0131 so\u011fuklara dayanamazlar. Saks\u0131 yeti\u015ftiricili\u011fine uygundur. Ekim Derinli\u011fi\u00a0 \u00a0 \u00a0 \u00a0 \u00a0 \u00a0 \u00a0 \u00a0 \u00a0 \u00a0 \u00a0 \u00a0 \u00a01-1,5 [&hellip;]<\/p>\n","protected":false},"featured_media":25143,"comment_status":"open","ping_status":"closed","template":"","meta":[],"product_cat":[85],"product_tag":[],"class_list":{"0":"post-24380","1":"product","2":"type-product","3":"status-publish","4":"has-post-thumbnail","6":"product_cat-cicek","7":"product_brand-arzuman","9":"first","10":"instock","11":"shipping-taxable","12":"purchasable","13":"product-type-simple"},"_links":{"self":[{"href":"https:\/\/hisaronuziraat.com\/index.php\/wp-json\/wp\/v2\/product\/24380","targetHints":{"allow":["GET"]}}],"collection":[{"href":"https:\/\/hisaronuziraat.com\/index.php\/wp-json\/wp\/v2\/product"}],"about":[{"href":"https:\/\/hisaronuziraat.com\/index.php\/wp-json\/wp\/v2\/types\/product"}],"replies":[{"embeddable":true,"href":"https:\/\/hisaronuziraat.com\/index.php\/wp-json\/wp\/v2\/comments?post=24380"}],"wp:featuredmedia":[{"embeddable":true,"href":"https:\/\/hisaronuziraat.com\/index.php\/wp-json\/wp\/v2\/media\/25143"}],"wp:attachment":[{"href":"https:\/\/hisaronuziraat.com\/index.php\/wp-json\/wp\/v2\/media?parent=24380"}],"wp:term":[{"taxonomy":"product_cat","embeddable":true,"href":"https:\/\/hisaronuziraat.com\/index.php\/wp-json\/wp\/v2\/product_cat?post=24380"},{"taxonomy":"product_tag","embeddable":true,"href":"https:\/\/hisaronuziraat.com\/index.php\/wp-json\/wp\/v2\/product_tag?post=24380"}],"curies":[{"name":"wp","href":"https:\/\/api.w.org\/{rel}","templated":true}]}}