{"id":24379,"date":"2022-12-04T22:05:27","date_gmt":"2022-12-04T19:05:27","guid":{"rendered":"https:\/\/hisaronuziraat.com\/site\/?post_type=product&#038;p=24379"},"modified":"2025-11-03T23:16:47","modified_gmt":"2025-11-03T20:16:47","slug":"reyhan-top","status":"publish","type":"product","link":"https:\/\/hisaronuziraat.com\/index.php\/urun\/reyhan-top\/","title":{"rendered":"Reyhan Top 100 adet"},"content":{"rendered":"<p><strong>Latince ismi:<em>Ocimum\u00a0 basilicum var.minimum<\/em><\/strong><\/p>\n<p>Fesle\u011fen olarak da an\u0131lan tek y\u0131ll\u0131k ve genellikle \u0131l\u0131man b\u00f6lgelerde yeti\u015fen aromatik bir\u00a0 bitkidir.\u00a0Boylar\u0131 genellikle 25 ile 30 cm aras\u0131nda, ye\u015fil yapraklar\u0131\u00a0yumu\u015fak ve k\u00fc\u00e7\u00fck olup \u015fekil olarak ise top g\u00f6r\u00fcn\u00fcml\u00fcd\u00fcr. \u0130smini de buradan al\u0131r. Sezon sonuna do\u011fru minik beyaz \u00e7i\u00e7ekler a\u00e7ar. Yapraklar\u0131 yenilebilir. So\u011fu\u011fa kar\u015f\u0131 \u00e7ok duyarl\u0131 olan fesle\u011fen bitkisi,\u00a0 s\u0131cak ve kuru ortamlar\u0131 sever. Ok\u015fanmay\u0131 seven ve ok\u015fand\u0131k\u00e7a koku sa\u00e7an fesle\u011fenin yayd\u0131\u011f\u0131 g\u00fczel kokunun yan\u0131nda sinek kovucu \u00f6zelli\u011fi de vard\u0131r. Saks\u0131 yeti\u015ftiricili\u011fine uygundur.<\/p>\n<table border=\"1\" cellspacing=\"0\" cellpadding=\"0\">\n<tbody>\n<tr>\n<td>\n<div><strong>Ekim Derinli\u011fi<\/strong><\/div>\n<\/td>\n<td>\n<div>1 cm<\/div>\n<\/td>\n<\/tr>\n<tr>\n<td>\n<div><strong>Y\u00fckseklik<\/strong><\/div>\n<\/td>\n<td>\n<div>25-30 cm<\/div>\n<\/td>\n<\/tr>\n<tr>\n<td>\n<div><strong>Renk \u00d6zelli\u011fi<\/strong><\/div>\n<\/td>\n<td>\n<div>Ye\u015filin tonlar\u0131<\/div>\n<\/td>\n<\/tr>\n<tr>\n<td>\n<div><strong>Ekim zaman\u0131<\/strong><\/div>\n<\/td>\n<td>\n<div>\u0130lkbahar, yaz<\/div>\n<\/td>\n<\/tr>\n<tr>\n<td>\n<div><strong>Tipi<\/strong><\/div>\n<\/td>\n<td>\n<div>Tek y\u0131ll\u0131k<\/div>\n<\/td>\n<\/tr>\n<tr>\n<td>\n<div><strong>Tahmini \u00c7imlenme G\u00fcn\u00fc<\/strong><\/div>\n<\/td>\n<td>\n<div>15-20 g\u00fcn<\/div>\n<\/td>\n<\/tr>\n<\/tbody>\n<\/table>\n","protected":false},"excerpt":{"rendered":"<p>Latince ismi:Ocimum\u00a0 basilicum var.minimum Fesle\u011fen olarak da an\u0131lan tek y\u0131ll\u0131k ve genellikle \u0131l\u0131man b\u00f6lgelerde yeti\u015fen aromatik bir\u00a0 bitkidir.\u00a0Boylar\u0131 genellikle 25 ile 30 cm aras\u0131nda, ye\u015fil yapraklar\u0131\u00a0yumu\u015fak ve k\u00fc\u00e7\u00fck olup \u015fekil olarak ise top g\u00f6r\u00fcn\u00fcml\u00fcd\u00fcr. \u0130smini de buradan al\u0131r. Sezon sonuna do\u011fru minik beyaz \u00e7i\u00e7ekler a\u00e7ar. Yapraklar\u0131 yenilebilir. So\u011fu\u011fa kar\u015f\u0131 \u00e7ok duyarl\u0131 olan fesle\u011fen bitkisi,\u00a0 s\u0131cak [&hellip;]<\/p>\n","protected":false},"featured_media":25141,"comment_status":"open","ping_status":"closed","template":"","meta":[],"product_cat":[85],"product_tag":[],"class_list":{"0":"post-24379","1":"product","2":"type-product","3":"status-publish","4":"has-post-thumbnail","6":"product_cat-cicek","7":"product_brand-arzuman","9":"first","10":"instock","11":"shipping-taxable","12":"purchasable","13":"product-type-simple"},"_links":{"self":[{"href":"https:\/\/hisaronuziraat.com\/index.php\/wp-json\/wp\/v2\/product\/24379","targetHints":{"allow":["GET"]}}],"collection":[{"href":"https:\/\/hisaronuziraat.com\/index.php\/wp-json\/wp\/v2\/product"}],"about":[{"href":"https:\/\/hisaronuziraat.com\/index.php\/wp-json\/wp\/v2\/types\/product"}],"replies":[{"embeddable":true,"href":"https:\/\/hisaronuziraat.com\/index.php\/wp-json\/wp\/v2\/comments?post=24379"}],"wp:featuredmedia":[{"embeddable":true,"href":"https:\/\/hisaronuziraat.com\/index.php\/wp-json\/wp\/v2\/media\/25141"}],"wp:attachment":[{"href":"https:\/\/hisaronuziraat.com\/index.php\/wp-json\/wp\/v2\/media?parent=24379"}],"wp:term":[{"taxonomy":"product_cat","embeddable":true,"href":"https:\/\/hisaronuziraat.com\/index.php\/wp-json\/wp\/v2\/product_cat?post=24379"},{"taxonomy":"product_tag","embeddable":true,"href":"https:\/\/hisaronuziraat.com\/index.php\/wp-json\/wp\/v2\/product_tag?post=24379"}],"curies":[{"name":"wp","href":"https:\/\/api.w.org\/{rel}","templated":true}]}}