{"id":24375,"date":"2022-12-04T22:05:26","date_gmt":"2022-12-04T19:05:26","guid":{"rendered":"https:\/\/hisaronuziraat.com\/site\/?post_type=product&#038;p=24375"},"modified":"2025-11-03T23:20:21","modified_gmt":"2025-11-03T20:20:21","slug":"sarmasik","status":"publish","type":"product","link":"https:\/\/hisaronuziraat.com\/index.php\/urun\/sarmasik\/","title":{"rendered":"Sarma\u015f\u0131k 30 adet"},"content":{"rendered":"<p>Kar\u0131\u015f\u0131k Renk Tek Y\u0131ll\u0131k<\/p>\n<p><strong>Latince ismi:\u00a0<em>Convolvulus<\/em><\/strong><\/p>\n<p>Sabah sefas\u0131 olarak da bilinip \u00e7ok sevilen bir mevsimlik sarma\u015f\u0131k grubundan sar\u0131l\u0131c\u0131 bir bitkidir. Kalp bi\u00e7imli yapraklar\u0131 vard\u0131r. Borazan \u015feklindeki renk renk \u00e7i\u00e7ekleri g\u00fcndo\u011fumu ile beraber a\u00e7\u0131l\u0131r, \u00f6\u011flene do\u011fru kapan\u0131r. Her tomurcu\u011fun \u00f6mr\u00fc bir g\u00fcnd\u00fcr ama her g\u00fcn yenileri a\u00e7ar. H\u0131zl\u0131 b\u00fcy\u00fcyen sarma\u015f\u0131k, yaz aylar\u0131ndan sonbahar donlar\u0131na kadar \u00e7i\u00e7ek a\u00e7arlar. Baharda donlar atlat\u0131ld\u0131ktan sonra i\u015flenmi\u015f topra\u011fa 1 cm mesafede ekilir. Bir kez b\u00fcy\u00fcd\u00fckten sonra fazla bak\u0131m istemezler. Toprak nemli, ancak \u0131slak olmamal\u0131. Sarma\u015f\u0131k i\u00e7in bol g\u00fcne\u015fli yer tercih edilmeli. A\u015f\u0131r\u0131 g\u00fcbre verilirse bitki ye\u015file ka\u00e7ar ve \u00e7i\u00e7e\u011fi az olur. Sarma\u015f\u0131k grubundan olduklar\u0131ndan bah\u00e7e duvarlar\u0131nda, kamelyalarda, \u00e7itlerde kullan\u0131labilir.<\/p>\n<table border=\"1\" cellspacing=\"0\" cellpadding=\"0\">\n<tbody>\n<tr>\n<td>\n<div><strong>Ekim Derinli\u011fi<\/strong><\/div>\n<\/td>\n<td>\n<div>3-4cm<\/div>\n<\/td>\n<\/tr>\n<tr>\n<td>\n<div><strong>Y\u00fckseklik<\/strong><\/div>\n<\/td>\n<td>\n<div>1-3 m<\/div>\n<\/td>\n<\/tr>\n<tr>\n<td>\n<div><strong>Renk<\/strong><\/div>\n<\/td>\n<td>\n<div>Kar\u0131\u015f\u0131k<\/div>\n<\/td>\n<\/tr>\n<tr>\n<td>\n<div><strong>Ekim zaman\u0131<\/strong><\/div>\n<\/td>\n<td>\n<div>\u0130lkbahar, yaz<\/div>\n<\/td>\n<\/tr>\n<tr>\n<td>\n<div><strong>Tipi<\/strong><\/div>\n<\/td>\n<td>\n<div>Tek y\u0131ll\u0131k<\/div>\n<\/td>\n<\/tr>\n<tr>\n<td>\n<div><strong>Tahmini \u00c7imlenme G\u00fcn\u00fc<\/strong><\/div>\n<\/td>\n<td>\n<div>20-25 g\u00fcn<\/div>\n<\/td>\n<\/tr>\n<\/tbody>\n<\/table>\n","protected":false},"excerpt":{"rendered":"<p>Kar\u0131\u015f\u0131k Renk Tek Y\u0131ll\u0131k Latince ismi:\u00a0Convolvulus Sabah sefas\u0131 olarak da bilinip \u00e7ok sevilen bir mevsimlik sarma\u015f\u0131k grubundan sar\u0131l\u0131c\u0131 bir bitkidir. Kalp bi\u00e7imli yapraklar\u0131 vard\u0131r. Borazan \u015feklindeki renk renk \u00e7i\u00e7ekleri g\u00fcndo\u011fumu ile beraber a\u00e7\u0131l\u0131r, \u00f6\u011flene do\u011fru kapan\u0131r. Her tomurcu\u011fun \u00f6mr\u00fc bir g\u00fcnd\u00fcr ama her g\u00fcn yenileri a\u00e7ar. H\u0131zl\u0131 b\u00fcy\u00fcyen sarma\u015f\u0131k, yaz aylar\u0131ndan sonbahar donlar\u0131na kadar \u00e7i\u00e7ek [&hellip;]<\/p>\n","protected":false},"featured_media":25189,"comment_status":"open","ping_status":"closed","template":"","meta":[],"product_cat":[85],"product_tag":[],"class_list":{"0":"post-24375","1":"product","2":"type-product","3":"status-publish","4":"has-post-thumbnail","6":"product_cat-cicek","7":"product_brand-arzuman","9":"first","10":"instock","11":"shipping-taxable","12":"purchasable","13":"product-type-simple"},"_links":{"self":[{"href":"https:\/\/hisaronuziraat.com\/index.php\/wp-json\/wp\/v2\/product\/24375","targetHints":{"allow":["GET"]}}],"collection":[{"href":"https:\/\/hisaronuziraat.com\/index.php\/wp-json\/wp\/v2\/product"}],"about":[{"href":"https:\/\/hisaronuziraat.com\/index.php\/wp-json\/wp\/v2\/types\/product"}],"replies":[{"embeddable":true,"href":"https:\/\/hisaronuziraat.com\/index.php\/wp-json\/wp\/v2\/comments?post=24375"}],"wp:featuredmedia":[{"embeddable":true,"href":"https:\/\/hisaronuziraat.com\/index.php\/wp-json\/wp\/v2\/media\/25189"}],"wp:attachment":[{"href":"https:\/\/hisaronuziraat.com\/index.php\/wp-json\/wp\/v2\/media?parent=24375"}],"wp:term":[{"taxonomy":"product_cat","embeddable":true,"href":"https:\/\/hisaronuziraat.com\/index.php\/wp-json\/wp\/v2\/product_cat?post=24375"},{"taxonomy":"product_tag","embeddable":true,"href":"https:\/\/hisaronuziraat.com\/index.php\/wp-json\/wp\/v2\/product_tag?post=24375"}],"curies":[{"name":"wp","href":"https:\/\/api.w.org\/{rel}","templated":true}]}}