{"id":24374,"date":"2022-12-04T22:05:26","date_gmt":"2022-12-04T19:05:26","guid":{"rendered":"https:\/\/hisaronuziraat.com\/site\/?post_type=product&#038;p=24374"},"modified":"2025-11-03T23:19:32","modified_gmt":"2025-11-03T20:19:32","slug":"sus-kabagi-karisik","status":"publish","type":"product","link":"https:\/\/hisaronuziraat.com\/index.php\/urun\/sus-kabagi-karisik\/","title":{"rendered":"S\u00fcs Kaba\u011f\u0131 Kar\u0131\u015f\u0131k 10 adet"},"content":{"rendered":"<p>Kar\u0131\u015f\u0131k Renk Tek Y\u0131ll\u0131k<\/p>\n<ul class=\"detail-desc-list\">\n<li>Kar\u0131\u015f\u0131k S\u00fcs Kaba\u011f\u0131 Tohumlar\u0131: Tek Y\u0131ll\u0131k Kara\u015f\u0131k Renk ve \u015eekilli.<\/li>\n<li>Kabakgiller familyas\u0131ndan olup \u015fekli sebebi ile dekoratif ama\u00e7 i\u00e7in yeti\u015ftirilir.<\/li>\n<li>Meyveleri ve tohumu k\u00fc\u00e7\u00fck olup sarma\u015f\u0131k \u015feklinde b\u00fcy\u00fcrler.<\/li>\n<li>K\u00fc\u00e7\u00fck alanlarda da yeti\u015ftirmeye m\u00fcsait, \u00e7ok da bereketli bir \u00e7e\u015fittir.<\/li>\n<li>Taze olarak da hem rengini hem de formunu 4-5 ay korur.<\/li>\n<li>Meyve yap\u0131s\u0131 k\u00fc\u00e7\u00fck kar\u0131\u015f\u0131k renk ve \u015fekillere sahiptir.<\/li>\n<li>Bah\u00e7e yeti\u015friticili\u011fine uygundur.<\/li>\n<\/ul>\n","protected":false},"excerpt":{"rendered":"<p>Kar\u0131\u015f\u0131k Renk Tek Y\u0131ll\u0131k Kar\u0131\u015f\u0131k S\u00fcs Kaba\u011f\u0131 Tohumlar\u0131: Tek Y\u0131ll\u0131k Kara\u015f\u0131k Renk ve \u015eekilli. Kabakgiller familyas\u0131ndan olup \u015fekli sebebi ile dekoratif ama\u00e7 i\u00e7in yeti\u015ftirilir. Meyveleri ve tohumu k\u00fc\u00e7\u00fck olup sarma\u015f\u0131k \u015feklinde b\u00fcy\u00fcrler. K\u00fc\u00e7\u00fck alanlarda da yeti\u015ftirmeye m\u00fcsait, \u00e7ok da bereketli bir \u00e7e\u015fittir. Taze olarak da hem rengini hem de formunu 4-5 ay korur. Meyve yap\u0131s\u0131 [&hellip;]<\/p>\n","protected":false},"featured_media":25180,"comment_status":"open","ping_status":"closed","template":"","meta":[],"product_cat":[85],"product_tag":[],"class_list":{"0":"post-24374","1":"product","2":"type-product","3":"status-publish","4":"has-post-thumbnail","6":"product_cat-cicek","7":"product_brand-arzuman","9":"first","10":"instock","11":"shipping-taxable","12":"purchasable","13":"product-type-simple"},"_links":{"self":[{"href":"https:\/\/hisaronuziraat.com\/index.php\/wp-json\/wp\/v2\/product\/24374","targetHints":{"allow":["GET"]}}],"collection":[{"href":"https:\/\/hisaronuziraat.com\/index.php\/wp-json\/wp\/v2\/product"}],"about":[{"href":"https:\/\/hisaronuziraat.com\/index.php\/wp-json\/wp\/v2\/types\/product"}],"replies":[{"embeddable":true,"href":"https:\/\/hisaronuziraat.com\/index.php\/wp-json\/wp\/v2\/comments?post=24374"}],"wp:featuredmedia":[{"embeddable":true,"href":"https:\/\/hisaronuziraat.com\/index.php\/wp-json\/wp\/v2\/media\/25180"}],"wp:attachment":[{"href":"https:\/\/hisaronuziraat.com\/index.php\/wp-json\/wp\/v2\/media?parent=24374"}],"wp:term":[{"taxonomy":"product_cat","embeddable":true,"href":"https:\/\/hisaronuziraat.com\/index.php\/wp-json\/wp\/v2\/product_cat?post=24374"},{"taxonomy":"product_tag","embeddable":true,"href":"https:\/\/hisaronuziraat.com\/index.php\/wp-json\/wp\/v2\/product_tag?post=24374"}],"curies":[{"name":"wp","href":"https:\/\/api.w.org\/{rel}","templated":true}]}}