{"id":24373,"date":"2022-12-04T22:05:26","date_gmt":"2022-12-04T19:05:26","guid":{"rendered":"https:\/\/hisaronuziraat.com\/site\/?post_type=product&#038;p=24373"},"modified":"2025-11-03T23:19:17","modified_gmt":"2025-11-03T20:19:17","slug":"sus-kabagi","status":"publish","type":"product","link":"https:\/\/hisaronuziraat.com\/index.php\/urun\/sus-kabagi\/","title":{"rendered":"S\u00fcs Kaba\u011f\u0131 10 adet"},"content":{"rendered":"<p><strong>Latince ismi:<em>Cucurbita p.<\/em><\/strong><\/p>\n<p>Kabakgiller familyas\u0131ndan olup \u015fekli sebebi ile dekoratif ama\u00e7 i\u00e7in yeti\u015ftirilir. Meyveleri ve tohumu k\u00fc\u00e7\u00fck olup sarma\u015f\u0131k \u015feklinde b\u00fcy\u00fcrler. K\u00fc\u00e7\u00fck alanlarda da yeti\u015ftirmeye m\u00fcsait, verimli bir \u00e7e\u015fittir. Taze olarak da hem rengini hem de formunu 4-5 ay korur. Meyve yap\u0131s\u0131 k\u00fc\u00e7\u00fck olup sar\u0131 zemine ye\u015fil \u00e7izgileri olan bir \u00e7e\u015fittir. Bah\u00e7e yeti\u015ftiricili\u011fine uygundur.<\/p>\n<table border=\"1\" cellspacing=\"0\" cellpadding=\"0\">\n<tbody>\n<tr>\n<td>\n<div><strong>Ekim Derinli\u011fi<\/strong><\/div>\n<\/td>\n<td>\n<div>2-3 cm<\/div>\n<\/td>\n<\/tr>\n<tr>\n<td>\n<div><strong>Y\u00fckseklik<\/strong><\/div>\n<\/td>\n<td>\n<div>2-3 m<\/div>\n<\/td>\n<\/tr>\n<tr>\n<td>\n<div><strong>Renk<\/strong><\/div>\n<\/td>\n<td>\n<div>Sar\u0131 ve ye\u015fil tonlar\u0131<\/div>\n<\/td>\n<\/tr>\n<tr>\n<td>\n<div><strong>Ekim zaman\u0131<\/strong><\/div>\n<\/td>\n<td>\n<div>\u0130lkbahar<\/div>\n<\/td>\n<\/tr>\n<tr>\n<td>\n<div><strong>Tipi<\/strong><\/div>\n<\/td>\n<td>\n<div>Tek y\u0131ll\u0131k<\/div>\n<\/td>\n<\/tr>\n<tr>\n<td>\n<div><strong>Tahmini \u00c7imlenme G\u00fcn\u00fc<\/strong><\/div>\n<\/td>\n<td>\n<div>20-25 g\u00fcn<\/div>\n<\/td>\n<\/tr>\n<\/tbody>\n<\/table>\n","protected":false},"excerpt":{"rendered":"<p>Latince ismi:Cucurbita p. Kabakgiller familyas\u0131ndan olup \u015fekli sebebi ile dekoratif ama\u00e7 i\u00e7in yeti\u015ftirilir. Meyveleri ve tohumu k\u00fc\u00e7\u00fck olup sarma\u015f\u0131k \u015feklinde b\u00fcy\u00fcrler. K\u00fc\u00e7\u00fck alanlarda da yeti\u015ftirmeye m\u00fcsait, verimli bir \u00e7e\u015fittir. Taze olarak da hem rengini hem de formunu 4-5 ay korur. Meyve yap\u0131s\u0131 k\u00fc\u00e7\u00fck olup sar\u0131 zemine ye\u015fil \u00e7izgileri olan bir \u00e7e\u015fittir. Bah\u00e7e yeti\u015ftiricili\u011fine uygundur. Ekim [&hellip;]<\/p>\n","protected":false},"featured_media":25159,"comment_status":"open","ping_status":"closed","template":"","meta":[],"product_cat":[85],"product_tag":[],"class_list":{"0":"post-24373","1":"product","2":"type-product","3":"status-publish","4":"has-post-thumbnail","6":"product_cat-cicek","7":"product_brand-arzuman","9":"first","10":"instock","11":"shipping-taxable","12":"purchasable","13":"product-type-simple"},"_links":{"self":[{"href":"https:\/\/hisaronuziraat.com\/index.php\/wp-json\/wp\/v2\/product\/24373","targetHints":{"allow":["GET"]}}],"collection":[{"href":"https:\/\/hisaronuziraat.com\/index.php\/wp-json\/wp\/v2\/product"}],"about":[{"href":"https:\/\/hisaronuziraat.com\/index.php\/wp-json\/wp\/v2\/types\/product"}],"replies":[{"embeddable":true,"href":"https:\/\/hisaronuziraat.com\/index.php\/wp-json\/wp\/v2\/comments?post=24373"}],"wp:featuredmedia":[{"embeddable":true,"href":"https:\/\/hisaronuziraat.com\/index.php\/wp-json\/wp\/v2\/media\/25159"}],"wp:attachment":[{"href":"https:\/\/hisaronuziraat.com\/index.php\/wp-json\/wp\/v2\/media?parent=24373"}],"wp:term":[{"taxonomy":"product_cat","embeddable":true,"href":"https:\/\/hisaronuziraat.com\/index.php\/wp-json\/wp\/v2\/product_cat?post=24373"},{"taxonomy":"product_tag","embeddable":true,"href":"https:\/\/hisaronuziraat.com\/index.php\/wp-json\/wp\/v2\/product_tag?post=24373"}],"curies":[{"name":"wp","href":"https:\/\/api.w.org\/{rel}","templated":true}]}}