{"id":24372,"date":"2022-12-04T22:05:26","date_gmt":"2022-12-04T19:05:26","guid":{"rendered":"https:\/\/hisaronuziraat.com\/site\/?post_type=product&#038;p=24372"},"modified":"2025-11-03T23:20:05","modified_gmt":"2025-11-03T20:20:05","slug":"rozet-cicegi","status":"publish","type":"product","link":"https:\/\/hisaronuziraat.com\/index.php\/urun\/rozet-cicegi\/","title":{"rendered":"Rozet \u00c7i\u00e7e\u011fi 50 adet"},"content":{"rendered":"<p>Kar\u0131\u015f\u0131k Renk Tek Y\u0131ll\u0131k<\/p>\n<table>\n<tbody>\n<tr>\n<td class=\"no-border\">\n<div id=\"productDescriptionContent\">\n<table class=\"table\">\n<tbody>\n<tr>\n<td>Ekim zaman\u0131<\/td>\n<td>:<\/td>\n<td>\u015eubat, Mart, Nisan<\/td>\n<\/tr>\n<tr>\n<td>Dikim yeri<\/td>\n<td>:<\/td>\n<td>Bord\u00fcr ve Tarhlar, Saks\u0131ya uygun<\/td>\n<\/tr>\n<tr>\n<td>\u00d6zelli\u011fi<\/td>\n<td>:<\/td>\n<td>Mevsimlik, Kolay yeti\u015fen, Uzun s\u00fcre \u00e7i\u00e7ekli, Az bak\u0131m ister<\/td>\n<\/tr>\n<tr>\n<td>\u0130klim ve konumu<\/td>\n<td>:<\/td>\n<td>Yar\u0131 g\u00f6lge, G\u00fcne\u015fli, Sahil kesimi, S\u0131ca\u011fa dayan\u0131kl\u0131<\/td>\n<\/tr>\n<tr>\n<td>\u00c7i\u00e7eklenme zaman\u0131<\/td>\n<td>:<\/td>\n<td>\u0130lkbahar, Yaz, Sonbahar, Y\u0131l\u0131n b\u00fcy\u00fck k\u0131sm\u0131<\/td>\n<\/tr>\n<tr>\n<td>\u00c7i\u00e7ek rengi<\/td>\n<td>:<\/td>\n<td>K\u0131rm\u0131z\u0131<\/td>\n<\/tr>\n<tr>\n<td>T\u00fcr\u00fcne g\u00f6re<\/td>\n<td>:<\/td>\n<td>saks\u0131 ve \u00e7i\u00e7ek tarh\u0131<\/td>\n<\/tr>\n<\/tbody>\n<\/table>\n<p>&nbsp;<\/p>\n<div id=\"tabs1\">\n<h3>Tohum ekimi<\/h3>\n<p>\u015eubat sonu Bahar ba\u015f\u0131. Erken \u00e7i\u00e7eklenme i\u00e7in kapal\u0131 mekanda bol \u0131\u015f\u0131k alan korumal\u0131 ortamda bahar aylar\u0131ndan 2 ay \u00f6nce ba\u015flatabilirsiniz.<\/p>\n<\/div>\n<p>&nbsp;<\/p>\n<div id=\"tabs3\">\n<h3>Bak\u0131m\u0131 ve di\u011fer bilgiler<\/h3>\n<p>Ortalama 20 &#8211; 30 cm \u00e7apl\u0131 saks\u0131larda, bol g\u00fcbreli ve havaland\u0131r\u0131lm\u0131\u015f, s\u00fczek verimli bah\u00e7e topra\u011f\u0131nda m\u00fckemmel performans g\u00f6sterir. 15 g\u00fcnde bir \u00e7i\u00e7ek \u00e7o\u015fturan, zaten \u00e7i\u00e7eklenmeyi pek seven Vincan\u0131z\u0131 daha da bir \u00e7o\u015fturur.<\/p>\n<\/div>\n<div id=\"tabs4\">\n<h3>Nerede yeti\u015ftirilir ?<\/h3>\n<p>Sarkan sepet d\u00fczenlemelerine uygun.<\/p>\n<\/div>\n<\/div>\n<\/td>\n<\/tr>\n<\/tbody>\n<\/table>\n","protected":false},"excerpt":{"rendered":"<p>Kar\u0131\u015f\u0131k Renk Tek Y\u0131ll\u0131k Ekim zaman\u0131 : \u015eubat, Mart, Nisan Dikim yeri : Bord\u00fcr ve Tarhlar, Saks\u0131ya uygun \u00d6zelli\u011fi : Mevsimlik, Kolay yeti\u015fen, Uzun s\u00fcre \u00e7i\u00e7ekli, Az bak\u0131m ister \u0130klim ve konumu : Yar\u0131 g\u00f6lge, G\u00fcne\u015fli, Sahil kesimi, S\u0131ca\u011fa dayan\u0131kl\u0131 \u00c7i\u00e7eklenme zaman\u0131 : \u0130lkbahar, Yaz, Sonbahar, Y\u0131l\u0131n b\u00fcy\u00fck k\u0131sm\u0131 \u00c7i\u00e7ek rengi : K\u0131rm\u0131z\u0131 T\u00fcr\u00fcne g\u00f6re [&hellip;]<\/p>\n","protected":false},"featured_media":25192,"comment_status":"open","ping_status":"closed","template":"","meta":[],"product_cat":[85],"product_tag":[],"class_list":{"0":"post-24372","1":"product","2":"type-product","3":"status-publish","4":"has-post-thumbnail","6":"product_cat-cicek","7":"product_brand-istanbul-tohumculuk","9":"first","10":"outofstock","11":"shipping-taxable","12":"product-type-simple"},"_links":{"self":[{"href":"https:\/\/hisaronuziraat.com\/index.php\/wp-json\/wp\/v2\/product\/24372","targetHints":{"allow":["GET"]}}],"collection":[{"href":"https:\/\/hisaronuziraat.com\/index.php\/wp-json\/wp\/v2\/product"}],"about":[{"href":"https:\/\/hisaronuziraat.com\/index.php\/wp-json\/wp\/v2\/types\/product"}],"replies":[{"embeddable":true,"href":"https:\/\/hisaronuziraat.com\/index.php\/wp-json\/wp\/v2\/comments?post=24372"}],"wp:featuredmedia":[{"embeddable":true,"href":"https:\/\/hisaronuziraat.com\/index.php\/wp-json\/wp\/v2\/media\/25192"}],"wp:attachment":[{"href":"https:\/\/hisaronuziraat.com\/index.php\/wp-json\/wp\/v2\/media?parent=24372"}],"wp:term":[{"taxonomy":"product_cat","embeddable":true,"href":"https:\/\/hisaronuziraat.com\/index.php\/wp-json\/wp\/v2\/product_cat?post=24372"},{"taxonomy":"product_tag","embeddable":true,"href":"https:\/\/hisaronuziraat.com\/index.php\/wp-json\/wp\/v2\/product_tag?post=24372"}],"curies":[{"name":"wp","href":"https:\/\/api.w.org\/{rel}","templated":true}]}}