{"id":24371,"date":"2022-12-04T22:05:26","date_gmt":"2022-12-04T19:05:26","guid":{"rendered":"https:\/\/hisaronuziraat.com\/site\/?post_type=product&#038;p=24371"},"modified":"2025-11-03T23:18:45","modified_gmt":"2025-11-03T20:18:45","slug":"sebboy","status":"publish","type":"product","link":"https:\/\/hisaronuziraat.com\/index.php\/urun\/sebboy\/","title":{"rendered":"\u015eebboy 100 adet"},"content":{"rendered":"<p>Kar\u0131\u015f\u0131k Renk, \u00c7ok Y\u0131ll\u0131k<\/p>\n<div class=\"urun-d-baslik\"><\/div>\n<div class=\"urun-d-extra fontsize\">\n<p><strong>Latince ismi:\u00a0<em>Mathiola incana<\/em><\/strong><\/p>\n<p>Boylanabilen \u015eebboy \u00e7i\u00e7e\u011fi \u00e7ok y\u0131ll\u0131k otsu bitkilerdendir. \u00c7ok say\u0131da da\u011f\u0131n\u0131k, yukar\u0131 do\u011fru b\u00fcy\u00fcyen dallar\u0131 vard\u0131r. Yapraklar m\u0131zra\u011f\u0131ms\u0131, u\u00e7lar\u0131 yuvarlak, kenarlar\u0131 dalgal\u0131d\u0131r. G\u00fczel kokulu renkli, g\u00f6steri\u015fli \u00e7i\u00e7ekleri salk\u0131m halinde bulunur. \u00c7i\u00e7eklenme mevsimi bahar ve yaz ortalar\u0131na kadard\u0131r. \u015eebboylar, bol g\u00fcne\u015fli yerleri ve organik madde y\u00f6n\u00fcnden zengin topraklar\u0131 sever, geceleri serin ve nemli olan ortamlarda daha iyi geli\u015fir. Saks\u0131 yeti\u015ftiricili\u011fine uygundur.<\/p>\n<table border=\"1\" cellspacing=\"0\" cellpadding=\"0\">\n<tbody>\n<tr>\n<td>\n<div><strong>Ekim Derinli\u011fi<\/strong><\/div>\n<\/td>\n<td>\n<div>0,5-1 cm<\/div>\n<\/td>\n<\/tr>\n<tr>\n<td>\n<div><strong>Y\u00fckseklik<\/strong><\/div>\n<\/td>\n<td>\n<div>25-40 cm<\/div>\n<\/td>\n<\/tr>\n<tr>\n<td>\n<div><strong>Renk<\/strong><\/div>\n<\/td>\n<td>\n<div>Kar\u0131\u015f\u0131k<\/div>\n<\/td>\n<\/tr>\n<tr>\n<td>\n<div><strong>Ekim zaman\u0131<\/strong><\/div>\n<\/td>\n<td>\n<div>\u0130lkbahar, yaz<\/div>\n<\/td>\n<\/tr>\n<tr>\n<td>\n<div><strong>Tipi<\/strong><\/div>\n<\/td>\n<td>\n<div>\u00c7ok y\u0131ll\u0131k<\/div>\n<\/td>\n<\/tr>\n<tr>\n<td>\n<div><strong>Tahmini \u00c7imlenme G\u00fcn\u00fc<\/strong><\/div>\n<\/td>\n<td>\n<div>20-25 g\u00fcn<\/div>\n<\/td>\n<\/tr>\n<\/tbody>\n<\/table>\n<\/div>\n","protected":false},"excerpt":{"rendered":"<p>Kar\u0131\u015f\u0131k Renk, \u00c7ok Y\u0131ll\u0131k Latince ismi:\u00a0Mathiola incana Boylanabilen \u015eebboy \u00e7i\u00e7e\u011fi \u00e7ok y\u0131ll\u0131k otsu bitkilerdendir. \u00c7ok say\u0131da da\u011f\u0131n\u0131k, yukar\u0131 do\u011fru b\u00fcy\u00fcyen dallar\u0131 vard\u0131r. Yapraklar m\u0131zra\u011f\u0131ms\u0131, u\u00e7lar\u0131 yuvarlak, kenarlar\u0131 dalgal\u0131d\u0131r. G\u00fczel kokulu renkli, g\u00f6steri\u015fli \u00e7i\u00e7ekleri salk\u0131m halinde bulunur. \u00c7i\u00e7eklenme mevsimi bahar ve yaz ortalar\u0131na kadard\u0131r. \u015eebboylar, bol g\u00fcne\u015fli yerleri ve organik madde y\u00f6n\u00fcnden zengin topraklar\u0131 sever, geceleri [&hellip;]<\/p>\n","protected":false},"featured_media":25195,"comment_status":"open","ping_status":"closed","template":"","meta":[],"product_cat":[85],"product_tag":[],"class_list":{"0":"post-24371","1":"product","2":"type-product","3":"status-publish","4":"has-post-thumbnail","6":"product_cat-cicek","7":"product_brand-arzuman","9":"first","10":"instock","11":"shipping-taxable","12":"purchasable","13":"product-type-simple"},"_links":{"self":[{"href":"https:\/\/hisaronuziraat.com\/index.php\/wp-json\/wp\/v2\/product\/24371","targetHints":{"allow":["GET"]}}],"collection":[{"href":"https:\/\/hisaronuziraat.com\/index.php\/wp-json\/wp\/v2\/product"}],"about":[{"href":"https:\/\/hisaronuziraat.com\/index.php\/wp-json\/wp\/v2\/types\/product"}],"replies":[{"embeddable":true,"href":"https:\/\/hisaronuziraat.com\/index.php\/wp-json\/wp\/v2\/comments?post=24371"}],"wp:featuredmedia":[{"embeddable":true,"href":"https:\/\/hisaronuziraat.com\/index.php\/wp-json\/wp\/v2\/media\/25195"}],"wp:attachment":[{"href":"https:\/\/hisaronuziraat.com\/index.php\/wp-json\/wp\/v2\/media?parent=24371"}],"wp:term":[{"taxonomy":"product_cat","embeddable":true,"href":"https:\/\/hisaronuziraat.com\/index.php\/wp-json\/wp\/v2\/product_cat?post=24371"},{"taxonomy":"product_tag","embeddable":true,"href":"https:\/\/hisaronuziraat.com\/index.php\/wp-json\/wp\/v2\/product_tag?post=24371"}],"curies":[{"name":"wp","href":"https:\/\/api.w.org\/{rel}","templated":true}]}}