{"id":24369,"date":"2022-12-04T22:05:26","date_gmt":"2022-12-04T19:05:26","guid":{"rendered":"https:\/\/hisaronuziraat.com\/site\/?post_type=product&#038;p=24369"},"modified":"2025-11-03T23:18:17","modified_gmt":"2025-11-03T20:18:17","slug":"sus-aycicegi","status":"publish","type":"product","link":"https:\/\/hisaronuziraat.com\/index.php\/urun\/sus-aycicegi\/","title":{"rendered":"S\u00fcs Ay\u00e7i\u00e7e\u011fi 50 adet"},"content":{"rendered":"<p>Sar\u0131 Ve Tonlar\u0131 Tek Y\u0131ll\u0131k<\/p>\n<p><strong>Latince ismi:\u00a0<\/strong><strong><em>Helianthus\u00a0<\/em><\/strong><strong><em>debilis<\/em><\/strong><\/p>\n<p>Minyat\u00fcr ay\u00e7i\u00e7e\u011fi, g\u00fcnebakan olarak da an\u0131lan s\u00fcs ay\u00e7i\u00e7e\u011fi tek y\u0131ll\u0131k bir bitkidir. Dikine b\u00fcy\u00fcyen boylu, bol dall\u0131d\u0131r. \u00c7i\u00e7eklerin sap\u0131 uzun-t\u00fcyl\u00fc, yapraklar\u0131 iri, \u00e7i\u00e7ek tablas\u0131 geni\u015ftir. \u00c7i\u00e7ekler genellikle sar\u0131 ve sar\u0131 tonlar\u0131ndad\u0131r. Helianthus toprak iste\u011fi bak\u0131m\u0131ndan fazla se\u00e7ici de\u011fildir. Kumlu topraklardan, killi topraklara kadar de\u011fi\u015fim g\u00f6steren farkl\u0131 yap\u0131lardaki topraklarda ba\u015far\u0131yla yeti\u015ftiricili\u011fi yap\u0131lmaktad\u0131r. Toprak s\u0131cakl\u0131\u011f\u0131, tohumun \u00e7imlenebilece\u011fi dereceye ula\u015ft\u0131\u011f\u0131nda Nisan ba\u015f\u0131-May\u0131s ortas\u0131 direk topra\u011fa ekim yap\u0131labilir. Tam g\u00fcne\u015fi severler, g\u00fcnde an az alt\u0131 saat g\u00fcn\u0131\u015f\u0131\u011f\u0131 sa\u011flanmal\u0131. Bah\u00e7e yeti\u015ftiricili\u011fine uygundur.<\/p>\n<table border=\"1\" cellspacing=\"0\" cellpadding=\"0\">\n<tbody>\n<tr>\n<td>\n<div><strong>Ekim Derinli\u011fi<\/strong><\/div>\n<\/td>\n<td>\n<div>1-1,5 cm<\/div>\n<\/td>\n<\/tr>\n<tr>\n<td>\n<div><strong>Y\u00fckseklik<\/strong><\/div>\n<\/td>\n<td>\n<div>50-80 cm<\/div>\n<\/td>\n<\/tr>\n<tr>\n<td>\n<div><strong>Renk<\/strong><\/div>\n<\/td>\n<td>\n<div>Sar\u0131 ve tonlar\u0131<\/div>\n<\/td>\n<\/tr>\n<tr>\n<td>\n<div><strong>Ekim zaman\u0131<\/strong><\/div>\n<\/td>\n<td>\n<div>\u0130lkbahar, yaz<\/div>\n<\/td>\n<\/tr>\n<tr>\n<td>\n<div><strong>Tipi<\/strong><\/div>\n<\/td>\n<td>\n<div>Tek y\u0131ll\u0131k<\/div>\n<\/td>\n<\/tr>\n<tr>\n<td>\n<div><strong>Tahmini \u00c7imlenme G\u00fcn\u00fc<\/strong><\/div>\n<\/td>\n<td>\n<div>20-25 g\u00fcn<\/div>\n<\/td>\n<\/tr>\n<\/tbody>\n<\/table>\n","protected":false},"excerpt":{"rendered":"<p>Sar\u0131 Ve Tonlar\u0131 Tek Y\u0131ll\u0131k Latince ismi:\u00a0Helianthus\u00a0debilis Minyat\u00fcr ay\u00e7i\u00e7e\u011fi, g\u00fcnebakan olarak da an\u0131lan s\u00fcs ay\u00e7i\u00e7e\u011fi tek y\u0131ll\u0131k bir bitkidir. Dikine b\u00fcy\u00fcyen boylu, bol dall\u0131d\u0131r. \u00c7i\u00e7eklerin sap\u0131 uzun-t\u00fcyl\u00fc, yapraklar\u0131 iri, \u00e7i\u00e7ek tablas\u0131 geni\u015ftir. \u00c7i\u00e7ekler genellikle sar\u0131 ve sar\u0131 tonlar\u0131ndad\u0131r. Helianthus toprak iste\u011fi bak\u0131m\u0131ndan fazla se\u00e7ici de\u011fildir. Kumlu topraklardan, killi topraklara kadar de\u011fi\u015fim g\u00f6steren farkl\u0131 yap\u0131lardaki topraklarda [&hellip;]<\/p>\n","protected":false},"featured_media":25182,"comment_status":"open","ping_status":"closed","template":"","meta":[],"product_cat":[85],"product_tag":[],"class_list":{"0":"post-24369","1":"product","2":"type-product","3":"status-publish","4":"has-post-thumbnail","6":"product_cat-cicek","7":"product_brand-arzuman","9":"first","10":"instock","11":"shipping-taxable","12":"purchasable","13":"product-type-simple"},"_links":{"self":[{"href":"https:\/\/hisaronuziraat.com\/index.php\/wp-json\/wp\/v2\/product\/24369","targetHints":{"allow":["GET"]}}],"collection":[{"href":"https:\/\/hisaronuziraat.com\/index.php\/wp-json\/wp\/v2\/product"}],"about":[{"href":"https:\/\/hisaronuziraat.com\/index.php\/wp-json\/wp\/v2\/types\/product"}],"replies":[{"embeddable":true,"href":"https:\/\/hisaronuziraat.com\/index.php\/wp-json\/wp\/v2\/comments?post=24369"}],"wp:featuredmedia":[{"embeddable":true,"href":"https:\/\/hisaronuziraat.com\/index.php\/wp-json\/wp\/v2\/media\/25182"}],"wp:attachment":[{"href":"https:\/\/hisaronuziraat.com\/index.php\/wp-json\/wp\/v2\/media?parent=24369"}],"wp:term":[{"taxonomy":"product_cat","embeddable":true,"href":"https:\/\/hisaronuziraat.com\/index.php\/wp-json\/wp\/v2\/product_cat?post=24369"},{"taxonomy":"product_tag","embeddable":true,"href":"https:\/\/hisaronuziraat.com\/index.php\/wp-json\/wp\/v2\/product_tag?post=24369"}],"curies":[{"name":"wp","href":"https:\/\/api.w.org\/{rel}","templated":true}]}}