{"id":24368,"date":"2022-12-04T22:05:26","date_gmt":"2022-12-04T19:05:26","guid":{"rendered":"https:\/\/hisaronuziraat.com\/site\/?post_type=product&#038;p=24368"},"modified":"2025-11-03T23:18:07","modified_gmt":"2025-11-03T20:18:07","slug":"melisa","status":"publish","type":"product","link":"https:\/\/hisaronuziraat.com\/index.php\/urun\/melisa\/","title":{"rendered":"Melisa 50 adet"},"content":{"rendered":"<p>Ye\u015fil Renk, \u00c7ok Y\u0131ll\u0131k<\/p>\n<p>3,5 &#8211; 4 m ye kadar boylanabilen, herdem ye\u015fil bir \u00e7al\u0131d\u0131r.<br \/>\n\u00c7i\u00e7ekler geceleri \u00e7ok yo\u011fun bir koku verir.<br \/>\nBitki a\u015f\u0131r\u0131 r\u00fczgara kar\u015f\u0131 hassast\u0131r.<\/p>\n<p>Geceleri verdi\u011fi koku y\u00fcz\u00fcnden son zamanlarda aran\u0131lan bir bitki t\u00fcr\u00fc haline gelmi\u015ftir.<\/p>\n<p>Melisa Parf\u00fcm \u00c7i\u00e7e\u011fi Genel \u00d6zellikleri<br \/>\nG\u00fcn batmas\u0131na yak\u0131n yo\u011fun parf\u00fcm kokusu yayan \u00e7i\u00e7ekleri gece boyu kokmaya devam eder. Bahar, yaz ve sonbaharda y\u0131lda 3 kez \u00e7i\u00e7eklenme d\u00f6nemine girer. \u00c7ok uzaktan dahi al\u0131nan bu parf\u00fcm kokusu, Melisay\u0131 en aranan bah\u00e7e bitkilerinden biri haline getirmi\u015ftir.<\/p>\n<p>Melisa D\u00fcnya&#8217;n\u0131n en yo\u011fun kokulu bitkilerinden biri olup, kokusu 50 metre \u00f6teden dahi al\u0131nabilir. Parf\u00fcm kokusu yasemin, vanilya, pudra ve balsam kokular\u0131n\u0131 bir araya getiren \u00e7ok yo\u011fun bir kokudur. \u00c7i\u00e7ekleri ise olduk\u00e7a k\u00fc\u00e7\u00fck ancak zarif ve g\u00f6steri\u015fsizdir. Salk\u0131mlar halinde a\u00e7an \u00e7i\u00e7ekler g\u00fcnd\u00fcz saatlerinde kokmaz. G\u00fcn bat\u0131m\u0131ndan sonra ba\u015flayan koku, gecenin ilerleyen saatlerinden en \u00fcst noktas\u0131na ula\u015f\u0131r. Melisa san\u0131lan\u0131n aksine olduk\u00e7a ars\u0131z bir bitki olup h\u0131zla geli\u015fir. Dikildi\u011fi ilk y\u0131l \u00e7i\u00e7eklenir.<\/p>\n<p>Melisa yeti\u015ftirilmesi kolay, zahmetsiz ve hastal\u0131k ve b\u00f6cek y\u00f6n\u00fcnden s\u0131k\u0131nt\u0131s\u0131 olmayan bir bitkidir. Saks\u0131 performans\u0131 y\u00fcksek oldu\u011fundan, boyunu bodur b\u0131rakarak saks\u0131da yeti\u015ftirebilir ve balkonunuzda ak\u015fam saatlerinde keyifli bir ortam yaratabilirsiniz. Bah\u00e7e dikimlerinde genelde pencere yak\u0131nlar\u0131na dikilen Melisa, gece boyu sald\u0131\u011f\u0131 parf\u00fcm kokusu ile evinizin havas\u0131n\u0131 de\u011fi\u015ftirir.<\/p>\n<p>Dikim yeri : K\u00f6k k\u0131sm\u0131 g\u00f6lgede ve r\u00fczgar almayan bir yerde kalmal\u0131, \u00fcst k\u0131sm\u0131 g\u00fcne\u015fe do\u011fru b\u00fcy\u00fcmelidir. T\u00fcm g\u00fcn g\u00fcne\u015f g\u00f6ren a\u00e7\u0131k bir alana dikmek yerine, g\u00fcneye bakan yar\u0131 g\u00f6lge bir alanda daha mutlu olacakt\u0131r. Melisa tam geli\u015fene dek susuz kalmay\u0131 sevmez.<br \/>\n\u00d6nerilen: Kokulu bah\u00e7eler, saks\u0131 ve konteyn\u0131rlar.Toprak : Toprak ay\u0131rt etmez. Ge\u00e7irgen, s\u00fczek, nem tutumu iyi derin bah\u00e7e topra\u011f\u0131nda mutlu olur.<br \/>\nB\u00fcy\u00fcme h\u0131z\u0131 : \u00c7ok h\u0131zl\u0131<br \/>\n\u00c7i\u00e7eklenme d\u00f6nemi : \u00c7i\u00e7ekleri \u00f6nemsizdir yaprak g\u00fczelli\u011fi ve kokusu i\u00e7in yeti\u015ftirilir.<br \/>\nDona dayan\u0131kl\u0131l\u0131k : Donlara yar\u0131 dayan\u0131kl\u0131<br \/>\n\u0130klim ku\u015fa\u011f\u0131 : 7-11<br \/>\n\u00d6mr\u00fc : \u00c7ok y\u0131ll\u0131k<\/p>\n<p>Dikim, bak\u0131m ve g\u00fcbreleme :<br \/>\n\u015eeklini korumak ve dallanmas\u0131n\u0131 te\u015fvik etmek i\u00e7in \u00e7i\u00e7eklenme ertesi kuvvetli budama ile \u015fekil verin. Melissa dip s\u00fcrg\u00fcn\u00fc de veren bir bitkidir. Bu s\u00fcrg\u00fcnler ayn\u0131 kalitede \u00e7i\u00e7ek veren dallar verir. Dikim yerine g\u00f6re bu s\u00fcrg\u00fcnleri budaya bilir yada tutabilirsiniz.<br \/>\nG\u00fcbreleme aktif b\u00fcy\u00fcme d\u00f6nemine giri\u015f olan erken bahar ba\u015f\u0131nda topra\u011fa kar\u0131\u015ft\u0131r\u0131larak yap\u0131lmal\u0131d\u0131r. A\u015f\u0131r\u0131azotlu g\u00fcbreleme bitkinin sadece ye\u015fil aksam\u0131n\u0131 geli\u015ftirir ve \u00e7i\u00e7eklenmesini azalt\u0131r. A\u015f\u0131r\u0131 g\u00fcbrelemeden melisa da daima ka\u00e7\u0131n\u0131n\u0131z.<\/p>\n","protected":false},"excerpt":{"rendered":"<p>Ye\u015fil Renk, \u00c7ok Y\u0131ll\u0131k 3,5 &#8211; 4 m ye kadar boylanabilen, herdem ye\u015fil bir \u00e7al\u0131d\u0131r. \u00c7i\u00e7ekler geceleri \u00e7ok yo\u011fun bir koku verir. Bitki a\u015f\u0131r\u0131 r\u00fczgara kar\u015f\u0131 hassast\u0131r. Geceleri verdi\u011fi koku y\u00fcz\u00fcnden son zamanlarda aran\u0131lan bir bitki t\u00fcr\u00fc haline gelmi\u015ftir. Melisa Parf\u00fcm \u00c7i\u00e7e\u011fi Genel \u00d6zellikleri G\u00fcn batmas\u0131na yak\u0131n yo\u011fun parf\u00fcm kokusu yayan \u00e7i\u00e7ekleri gece boyu kokmaya [&hellip;]<\/p>\n","protected":false},"featured_media":25172,"comment_status":"open","ping_status":"closed","template":"","meta":[],"product_cat":[87],"product_tag":[],"class_list":{"0":"post-24368","1":"product","2":"type-product","3":"status-publish","4":"has-post-thumbnail","6":"product_cat-tibbi-bitki","7":"product_brand-arzuman","9":"first","10":"instock","11":"shipping-taxable","12":"purchasable","13":"product-type-simple"},"_links":{"self":[{"href":"https:\/\/hisaronuziraat.com\/index.php\/wp-json\/wp\/v2\/product\/24368","targetHints":{"allow":["GET"]}}],"collection":[{"href":"https:\/\/hisaronuziraat.com\/index.php\/wp-json\/wp\/v2\/product"}],"about":[{"href":"https:\/\/hisaronuziraat.com\/index.php\/wp-json\/wp\/v2\/types\/product"}],"replies":[{"embeddable":true,"href":"https:\/\/hisaronuziraat.com\/index.php\/wp-json\/wp\/v2\/comments?post=24368"}],"wp:featuredmedia":[{"embeddable":true,"href":"https:\/\/hisaronuziraat.com\/index.php\/wp-json\/wp\/v2\/media\/25172"}],"wp:attachment":[{"href":"https:\/\/hisaronuziraat.com\/index.php\/wp-json\/wp\/v2\/media?parent=24368"}],"wp:term":[{"taxonomy":"product_cat","embeddable":true,"href":"https:\/\/hisaronuziraat.com\/index.php\/wp-json\/wp\/v2\/product_cat?post=24368"},{"taxonomy":"product_tag","embeddable":true,"href":"https:\/\/hisaronuziraat.com\/index.php\/wp-json\/wp\/v2\/product_tag?post=24368"}],"curies":[{"name":"wp","href":"https:\/\/api.w.org\/{rel}","templated":true}]}}