{"id":24367,"date":"2022-12-04T22:05:26","date_gmt":"2022-12-04T19:05:26","guid":{"rendered":"https:\/\/hisaronuziraat.com\/site\/?post_type=product&#038;p=24367"},"modified":"2025-11-03T23:17:52","modified_gmt":"2025-11-03T20:17:52","slug":"su-et-kabagi","status":"publish","type":"product","link":"https:\/\/hisaronuziraat.com\/index.php\/urun\/su-et-kabagi\/","title":{"rendered":"Su \/ Et Kaba\u011f\u0131 5 adet"},"content":{"rendered":"<p>Ye\u015fil Tonlar ,Tek Y\u0131ll\u0131k<\/p>\n<div>Su\/Et kabak\u00a0Tohumu<\/div>\n<div>\n<div>\n<div>\n<div>\n<div>\n<div>\n<div>\n<div>\n<div>\n<div>Latincesi ismi: Lagenaria\u00a0 siceraria<\/div>\n<div>Su kaba\u011f\u0131, kabakgiller familyas\u0131ndan tek y\u0131ll\u0131k bir bitkidir. Sar\u0131l\u0131c\u0131 bir bitki oldu\u011fu i\u00e7in, asma kaba\u011f\u0131 olarak da bilinir. Meyveleri iri, \u00e7e\u015fitli \u015fekil ve boyda olan t\u00fcrleri vard\u0131r. Genellikle sap\u0131 dar, alt k\u0131sm\u0131 \u015fi\u015fmand\u0131r. Taze hali yemek i\u00e7in, tohumluk olarak b\u0131rak\u0131ld\u0131\u011f\u0131nda ise kabu\u011fu s\u00fcslemede kullan\u0131labilir. Bah\u00e7e yeti\u015ftiricili\u011fine uygundur.<\/div>\n<\/div>\n<\/div>\n<\/div>\n<\/div>\n<\/div>\n<table border=\"1\" cellspacing=\"0\" cellpadding=\"0\">\n<tbody>\n<tr>\n<td>\n<div><strong>Ekim Derinli\u011fi<\/strong><\/div>\n<\/td>\n<td>\n<div>4-5 cm<\/div>\n<\/td>\n<\/tr>\n<tr>\n<td>\n<div><strong>Y\u00fckseklik<\/strong><\/div>\n<\/td>\n<td>\n<div>2-3 m<\/div>\n<\/td>\n<\/tr>\n<tr>\n<td>\n<div><strong>Renk<\/strong><\/div>\n<\/td>\n<td>\n<div>Ye\u015fil tonlar\u0131<\/div>\n<\/td>\n<\/tr>\n<tr>\n<td>\n<div><strong>Ekim zaman\u0131<\/strong><\/div>\n<\/td>\n<td>\n<div>\u0130lkbahar , yaz<\/div>\n<\/td>\n<\/tr>\n<tr>\n<td>\n<div><strong>Tipi<\/strong><\/div>\n<\/td>\n<td>\n<div>Tek y\u0131ll\u0131k<\/div>\n<\/td>\n<\/tr>\n<tr>\n<td>\n<div><strong>Tahmini \u00c7imlenme G\u00fcn\u00fc<\/strong><\/div>\n<\/td>\n<td>\n<div>20-25 g\u00fcn<\/div>\n<\/td>\n<\/tr>\n<\/tbody>\n<\/table>\n<\/div>\n<div><\/div>\n<\/div>\n<div>\u00d6neriler<\/div>\n<\/div>\n<\/div>\n<div>\n<p>Toprak i\u015flendikten sonra, t\u0131rm\u0131kla d\u00fczeltilir. Tohumlar nemli topra\u011f\u0131n \u00fczerine serpilip, \u00fczeri tohum kal\u0131nl\u0131\u011f\u0131 kadar toprakla \u00f6rt\u00fcl\u00fcp, hafif\u00e7e bast\u0131r\u0131larak tohumun s\u0131k\u0131\u015ft\u0131r\u0131lmas\u0131 sa\u011flan\u0131r. Tohuma p\u00fcsk\u00fcrtme y\u00f6ntemi ile can suyu verilir.<\/p>\n<p>Tohumdan \u00e7i\u00e7ek yeti\u015ftirmek \u00f6zen ve titizlik gerektirir. Tohumun \u00e7imlenmesini sa\u011flayacak nem, \u0131s\u0131 ve \u0131\u015f\u0131k ortam\u0131 ayarlanmal\u0131d\u0131r. \u00c7\u0131kan bitkiler aras\u0131nda gerekli g\u00f6r\u00fcld\u00fc\u011f\u00fc takdirde fazla veya zay\u0131f bitkiler s\u00f6k\u00fclerek seyreltme yap\u0131labilir. Yeti\u015ftirme s\u00fcresince topra\u011fa belirli aral\u0131klarla g\u00fcbre verilebilir. D\u0131\u015f mekan ekimlerinde, b\u00f6lgeye g\u00f6re de\u011fi\u015fmekle birlikte ilkbahar donlar\u0131 ge\u00e7tikten sonra yani erken bahar aylar\u0131 i\u00e7 mekanda ise her mevsim ekim yap\u0131labilir. Yeti\u015ftirmeyi h\u0131zland\u0131rmak i\u00e7in ekime \u00f6nce i\u00e7 mekan-sera da ba\u015flan\u0131p, fideler toprak \u0131s\u0131nd\u0131ktan sonra bah\u00e7eye \u015fa\u015f\u0131rt\u0131labilir.<\/p>\n<\/div>\n","protected":false},"excerpt":{"rendered":"<p>Ye\u015fil Tonlar ,Tek Y\u0131ll\u0131k Su\/Et kabak\u00a0Tohumu Latincesi ismi: Lagenaria\u00a0 siceraria Su kaba\u011f\u0131, kabakgiller familyas\u0131ndan tek y\u0131ll\u0131k bir bitkidir. Sar\u0131l\u0131c\u0131 bir bitki oldu\u011fu i\u00e7in, asma kaba\u011f\u0131 olarak da bilinir. Meyveleri iri, \u00e7e\u015fitli \u015fekil ve boyda olan t\u00fcrleri vard\u0131r. Genellikle sap\u0131 dar, alt k\u0131sm\u0131 \u015fi\u015fmand\u0131r. Taze hali yemek i\u00e7in, tohumluk olarak b\u0131rak\u0131ld\u0131\u011f\u0131nda ise kabu\u011fu s\u00fcslemede kullan\u0131labilir. Bah\u00e7e [&hellip;]<\/p>\n","protected":false},"featured_media":25169,"comment_status":"open","ping_status":"closed","template":"","meta":[],"product_cat":[85],"product_tag":[],"class_list":{"0":"post-24367","1":"product","2":"type-product","3":"status-publish","4":"has-post-thumbnail","6":"product_cat-cicek","7":"product_brand-arzuman","8":"product_brand-nesil-tohum","10":"first","11":"instock","12":"shipping-taxable","13":"purchasable","14":"product-type-simple"},"_links":{"self":[{"href":"https:\/\/hisaronuziraat.com\/index.php\/wp-json\/wp\/v2\/product\/24367","targetHints":{"allow":["GET"]}}],"collection":[{"href":"https:\/\/hisaronuziraat.com\/index.php\/wp-json\/wp\/v2\/product"}],"about":[{"href":"https:\/\/hisaronuziraat.com\/index.php\/wp-json\/wp\/v2\/types\/product"}],"replies":[{"embeddable":true,"href":"https:\/\/hisaronuziraat.com\/index.php\/wp-json\/wp\/v2\/comments?post=24367"}],"wp:featuredmedia":[{"embeddable":true,"href":"https:\/\/hisaronuziraat.com\/index.php\/wp-json\/wp\/v2\/media\/25169"}],"wp:attachment":[{"href":"https:\/\/hisaronuziraat.com\/index.php\/wp-json\/wp\/v2\/media?parent=24367"}],"wp:term":[{"taxonomy":"product_cat","embeddable":true,"href":"https:\/\/hisaronuziraat.com\/index.php\/wp-json\/wp\/v2\/product_cat?post=24367"},{"taxonomy":"product_tag","embeddable":true,"href":"https:\/\/hisaronuziraat.com\/index.php\/wp-json\/wp\/v2\/product_tag?post=24367"}],"curies":[{"name":"wp","href":"https:\/\/api.w.org\/{rel}","templated":true}]}}