{"id":24366,"date":"2022-12-04T22:05:26","date_gmt":"2022-12-04T19:05:26","guid":{"rendered":"https:\/\/hisaronuziraat.com\/site\/?post_type=product&amp;p=24366"},"modified":"2022-12-04T22:05:26","modified_gmt":"2022-12-04T19:05:26","slug":"vapur-dumani","status":"publish","type":"product","link":"https:\/\/hisaronuziraat.com\/index.php\/urun\/vapur-dumani\/","title":{"rendered":"Vapur Duman\u0131 100 adet"},"content":{"rendered":"<p>Mavi Renk Tek Y\u0131ll\u0131k<\/p>\n<div class=\"urun-d-baslik\"><\/div>\n<div class=\"urun-d-extra fontsize\">\n<p><strong>Latince ismi:\u00a0<\/strong><strong><em>Ageratum houstanianum<\/em><\/strong><\/p>\n<p>S\u00fcs bitkileri yeti\u015ftiricili\u011finde \u00f6nemli bir yere sahip olan otsu tek y\u0131ll\u0131k bir bitkidir. Dallanm\u0131\u015f formda, yapraklar\u0131 oval ve t\u00fcyl\u00fc olup, bir\u00e7o\u011fu bir arada ba\u015f\u00e7\u0131klar \u015feklinde mavimsi-lavanta renkli bol say\u0131da \u00e7i\u00e7eklere sahiptir. \u00d6zellikle uzun s\u00fcre \u00e7i\u00e7ekli kalabildikleri i\u00e7in park ve bah\u00e7elerde \u00e7ok aran\u0131lan bitkilerdir. \u00c7i\u00e7ek bah\u00e7elerinde, sar\u0131 renkli kadifelerin \u00f6n\u00fcnde olduk\u00e7a \u00e7ekici renk kontrast\u0131 olu\u015fturur. Solan \u00e7i\u00e7ekler zaman\u0131nda al\u0131n\u0131rsa, bitkiler daha uzun s\u00fcre \u00e7i\u00e7ekli kalabilir. Saks\u0131 yeti\u015ftiricili\u011fine uygundur.<\/p>\n<table border=\"1\" cellspacing=\"0\" cellpadding=\"0\">\n<tbody>\n<tr>\n<td>\n<div><strong>Ekim Derinli\u011fi<\/strong><\/div>\n<\/td>\n<td>\n<div>0,5-1 cm<\/div>\n<\/td>\n<\/tr>\n<tr>\n<td>\n<div><strong>Y\u00fckseklik<\/strong><\/div>\n<\/td>\n<td>\n<div>15-20 cm<\/div>\n<\/td>\n<\/tr>\n<tr>\n<td>\n<div><strong>Renk<\/strong><\/div>\n<\/td>\n<td>\n<div>A\u00e7\u0131k mavi ve u\u00e7uk eflatun<\/div>\n<\/td>\n<\/tr>\n<tr>\n<td>\n<div><strong>Ekim zaman\u0131<\/strong><\/div>\n<\/td>\n<td>\n<div>\u0130lkbahar, yaz<\/div>\n<\/td>\n<\/tr>\n<tr>\n<td>\n<div><strong>Tipi<\/strong><\/div>\n<\/td>\n<td>\n<div>Tek y\u0131ll\u0131k<\/div>\n<\/td>\n<\/tr>\n<tr>\n<td>\n<div><strong>Tahmini \u00c7imlenme G\u00fcn\u00fc<\/strong><\/div>\n<\/td>\n<td>\n<div>15-20 g\u00fcn<\/div>\n<\/td>\n<\/tr>\n<\/tbody>\n<\/table>\n<\/div>\n","protected":false},"excerpt":{"rendered":"<p>Mavi Renk Tek Y\u0131ll\u0131k Latince ismi:\u00a0Ageratum houstanianum S\u00fcs bitkileri yeti\u015ftiricili\u011finde \u00f6nemli bir yere sahip olan otsu tek y\u0131ll\u0131k bir bitkidir. Dallanm\u0131\u015f formda, yapraklar\u0131 oval ve t\u00fcyl\u00fc olup, bir\u00e7o\u011fu bir arada ba\u015f\u00e7\u0131klar \u015feklinde mavimsi-lavanta renkli bol say\u0131da \u00e7i\u00e7eklere sahiptir. \u00d6zellikle uzun s\u00fcre \u00e7i\u00e7ekli kalabildikleri i\u00e7in park ve bah\u00e7elerde \u00e7ok aran\u0131lan bitkilerdir. \u00c7i\u00e7ek bah\u00e7elerinde, sar\u0131 renkli kadifelerin [&hellip;]<\/p>\n","protected":false},"featured_media":25166,"comment_status":"open","ping_status":"closed","template":"","meta":[],"product_cat":[85],"product_tag":[],"class_list":{"0":"post-24366","1":"product","2":"type-product","3":"status-publish","4":"has-post-thumbnail","6":"product_cat-cicek","7":"product_brand-arzuman","9":"first","10":"instock","11":"taxable","12":"shipping-taxable","13":"purchasable","14":"product-type-simple"},"_links":{"self":[{"href":"https:\/\/hisaronuziraat.com\/index.php\/wp-json\/wp\/v2\/product\/24366","targetHints":{"allow":["GET"]}}],"collection":[{"href":"https:\/\/hisaronuziraat.com\/index.php\/wp-json\/wp\/v2\/product"}],"about":[{"href":"https:\/\/hisaronuziraat.com\/index.php\/wp-json\/wp\/v2\/types\/product"}],"replies":[{"embeddable":true,"href":"https:\/\/hisaronuziraat.com\/index.php\/wp-json\/wp\/v2\/comments?post=24366"}],"wp:featuredmedia":[{"embeddable":true,"href":"https:\/\/hisaronuziraat.com\/index.php\/wp-json\/wp\/v2\/media\/25166"}],"wp:attachment":[{"href":"https:\/\/hisaronuziraat.com\/index.php\/wp-json\/wp\/v2\/media?parent=24366"}],"wp:term":[{"taxonomy":"product_cat","embeddable":true,"href":"https:\/\/hisaronuziraat.com\/index.php\/wp-json\/wp\/v2\/product_cat?post=24366"},{"taxonomy":"product_tag","embeddable":true,"href":"https:\/\/hisaronuziraat.com\/index.php\/wp-json\/wp\/v2\/product_tag?post=24366"}],"curies":[{"name":"wp","href":"https:\/\/api.w.org\/{rel}","templated":true}]}}