{"id":24361,"date":"2022-12-04T22:05:25","date_gmt":"2022-12-04T19:05:25","guid":{"rendered":"https:\/\/hisaronuziraat.com\/site\/?post_type=product&#038;p=24361"},"modified":"2025-11-03T23:20:47","modified_gmt":"2025-11-03T20:20:47","slug":"mine","status":"publish","type":"product","link":"https:\/\/hisaronuziraat.com\/index.php\/urun\/mine\/","title":{"rendered":"Mine 50 adet"},"content":{"rendered":"<p>Kar\u0131\u015f\u0131k Renk \u00c7ok Y\u0131ll\u0131k<\/p>\n<p><strong>Latince ismi:\u00a0<em>Verbena<\/em><\/strong><\/p>\n<p>Verbenaceae familyas\u0131ndan \u00e7ok y\u0131ll\u0131k bir bitkidir. Yaz boyunca renk renk a\u00e7an g\u00f6steri\u015fli \u00e7i\u00e7ekleri ile kelebekleri \u00e7eker. Tohumlar Mart gibi ekilir, \u00fczeri hafif\u00e7e kapat\u0131l\u0131r. 20-30 g\u00fcn i\u00e7inde \u00e7imlenir. Fideler ekimden 4 \u2013 5 hafta sonra 8-10 cm boya gelince \u015fa\u015f\u0131rt\u0131l\u0131rlar. Tohum ekiminden \u00e7i\u00e7eklenmeye kadar ge\u00e7en s\u00fcre 10-12 haftad\u0131r. S\u0131ca\u011f\u0131 severler, bol \u0131\u015f\u0131kl\u0131, g\u00fcne\u015fli, havadar yerlerde iyi geli\u015fir. Toprak hafif killi, kumlu, bitki besin maddelerince zengin olmal\u0131d\u0131r. Geni\u015f alanlarda yer \u00f6rt\u00fcc\u00fc olarak, sera ve balkonlarda kap i\u00e7inde bina giri\u015flerinde ve merdiven ba\u015flar\u0131nda kullan\u0131l\u0131r.<\/p>\n<table border=\"1\" cellspacing=\"0\" cellpadding=\"0\">\n<tbody>\n<tr>\n<td>\n<div><strong>Ekim Derinli\u011fi<\/strong><\/div>\n<\/td>\n<td>\n<div>0,5-1 cm<\/div>\n<\/td>\n<\/tr>\n<tr>\n<td>\n<div><strong>Y\u00fckseklik<\/strong><\/div>\n<\/td>\n<td>\n<div>20-30 cm<\/div>\n<\/td>\n<\/tr>\n<tr>\n<td>\n<div><strong>Renk<\/strong><\/div>\n<\/td>\n<td>\n<div>Kar\u0131\u015f\u0131k<\/div>\n<\/td>\n<\/tr>\n<tr>\n<td>\n<div><strong>Ekim zaman\u0131<\/strong><\/div>\n<\/td>\n<td>\n<div>\u0130lkbahar, yaz<\/div>\n<\/td>\n<\/tr>\n<tr>\n<td>\n<div><strong>Tipi<\/strong><\/div>\n<\/td>\n<td>\n<div>\u00c7ok y\u0131ll\u0131k<\/div>\n<\/td>\n<\/tr>\n<tr>\n<td>\n<div><strong>Tahmini \u00c7imlenme G\u00fcn\u00fc<\/strong><\/div>\n<\/td>\n<td>25-30 g\u00fcn<\/td>\n<\/tr>\n<\/tbody>\n<\/table>\n","protected":false},"excerpt":{"rendered":"<p>Kar\u0131\u015f\u0131k Renk \u00c7ok Y\u0131ll\u0131k Latince ismi:\u00a0Verbena Verbenaceae familyas\u0131ndan \u00e7ok y\u0131ll\u0131k bir bitkidir. Yaz boyunca renk renk a\u00e7an g\u00f6steri\u015fli \u00e7i\u00e7ekleri ile kelebekleri \u00e7eker. Tohumlar Mart gibi ekilir, \u00fczeri hafif\u00e7e kapat\u0131l\u0131r. 20-30 g\u00fcn i\u00e7inde \u00e7imlenir. Fideler ekimden 4 \u2013 5 hafta sonra 8-10 cm boya gelince \u015fa\u015f\u0131rt\u0131l\u0131rlar. Tohum ekiminden \u00e7i\u00e7eklenmeye kadar ge\u00e7en s\u00fcre 10-12 haftad\u0131r. S\u0131ca\u011f\u0131 severler, [&hellip;]<\/p>\n","protected":false},"featured_media":25200,"comment_status":"open","ping_status":"closed","template":"","meta":[],"product_cat":[85],"product_tag":[],"class_list":{"0":"post-24361","1":"product","2":"type-product","3":"status-publish","4":"has-post-thumbnail","6":"product_cat-cicek","7":"product_brand-arzuman","9":"first","10":"instock","11":"shipping-taxable","12":"purchasable","13":"product-type-simple"},"_links":{"self":[{"href":"https:\/\/hisaronuziraat.com\/index.php\/wp-json\/wp\/v2\/product\/24361","targetHints":{"allow":["GET"]}}],"collection":[{"href":"https:\/\/hisaronuziraat.com\/index.php\/wp-json\/wp\/v2\/product"}],"about":[{"href":"https:\/\/hisaronuziraat.com\/index.php\/wp-json\/wp\/v2\/types\/product"}],"replies":[{"embeddable":true,"href":"https:\/\/hisaronuziraat.com\/index.php\/wp-json\/wp\/v2\/comments?post=24361"}],"wp:featuredmedia":[{"embeddable":true,"href":"https:\/\/hisaronuziraat.com\/index.php\/wp-json\/wp\/v2\/media\/25200"}],"wp:attachment":[{"href":"https:\/\/hisaronuziraat.com\/index.php\/wp-json\/wp\/v2\/media?parent=24361"}],"wp:term":[{"taxonomy":"product_cat","embeddable":true,"href":"https:\/\/hisaronuziraat.com\/index.php\/wp-json\/wp\/v2\/product_cat?post=24361"},{"taxonomy":"product_tag","embeddable":true,"href":"https:\/\/hisaronuziraat.com\/index.php\/wp-json\/wp\/v2\/product_tag?post=24361"}],"curies":[{"name":"wp","href":"https:\/\/api.w.org\/{rel}","templated":true}]}}