{"id":24360,"date":"2022-12-04T22:05:25","date_gmt":"2022-12-04T19:05:25","guid":{"rendered":"https:\/\/hisaronuziraat.com\/site\/?post_type=product&#038;p=24360"},"modified":"2025-11-03T23:21:01","modified_gmt":"2025-11-03T20:21:01","slug":"mor-feslegen","status":"publish","type":"product","link":"https:\/\/hisaronuziraat.com\/index.php\/urun\/mor-feslegen\/","title":{"rendered":"Mor Fesle\u011fen 100 adet"},"content":{"rendered":"<p>Mor Tek Y\u0131ll\u0131k<\/p>\n<p><strong>Latince ismi:<em>Ocimum\u00a0 basilicum<\/em><\/strong><\/p>\n<ul>\n<li>Yapraklar\u0131n\u0131n mor rengi ay\u0131rt edici \u00f6zelli\u011fidir.<\/li>\n<li>Mor fesle\u011fen olarak da bilinir.<\/li>\n<li>\u00c7i\u00e7eklenme d\u00f6neminde \u00e7i\u00e7ek rengi mordur.<\/li>\n<li>Yapraklar\u0131 yenilebilir.<\/li>\n<li>Bah\u00e7eler i\u00e7in olduk\u00e7a \u00e7ekici ve aromatik bir bitkidir.<\/li>\n<li>G\u00fcne\u015f \u0131\u015f\u0131\u011f\u0131n\u0131n ve \u0131s\u0131n\u0131n \u00e7ok olmas\u0131 geli\u015fimi te\u015fvik eder.<\/li>\n<li>Fesle\u011fen bitkisi d\u00fczenli bir sulama ister.<\/li>\n<li>Toprak ise g\u00fcbre ile zenginle\u015ftirilmeli.<\/li>\n<li>Saks\u0131da ve bah\u00e7ede yeti\u015ftiricili\u011fe uygundur.<\/li>\n<\/ul>\n<div>\n<table border=\"1\" cellspacing=\"0\" cellpadding=\"0\">\n<tbody>\n<tr>\n<td>\n<div>Ekim Derinli\u011fi<\/div>\n<\/td>\n<td>\n<div>1 cm<\/div>\n<\/td>\n<\/tr>\n<tr>\n<td>\n<div>Y\u00fckseklik<\/div>\n<\/td>\n<td>\n<div>25-30 cm<\/div>\n<\/td>\n<\/tr>\n<tr>\n<td>\n<div>Renk \u00d6zelli\u011fi<\/div>\n<\/td>\n<td>\n<div>Mor<\/div>\n<\/td>\n<\/tr>\n<tr>\n<td>\n<div>Ekim zaman\u0131<\/div>\n<\/td>\n<td>\n<div>\u0130lkbahar,yaz(\u015eubat-Mart-Nisan-May\u0131s-Haziran)<\/div>\n<\/td>\n<\/tr>\n<tr>\n<td>\n<div>Tipi<\/div>\n<\/td>\n<td>\n<div>Tek y\u0131ll\u0131k<\/div>\n<\/td>\n<\/tr>\n<tr>\n<td>\n<div>Tahmini \u00c7imlenme G\u00fcn\u00fc<\/div>\n<\/td>\n<td>\n<div>15-20 g\u00fcn<\/div>\n<\/td>\n<\/tr>\n<\/tbody>\n<\/table>\n<\/div>\n","protected":false},"excerpt":{"rendered":"<p>Mor Tek Y\u0131ll\u0131k Latince ismi:Ocimum\u00a0 basilicum Yapraklar\u0131n\u0131n mor rengi ay\u0131rt edici \u00f6zelli\u011fidir. Mor fesle\u011fen olarak da bilinir. \u00c7i\u00e7eklenme d\u00f6neminde \u00e7i\u00e7ek rengi mordur. Yapraklar\u0131 yenilebilir. Bah\u00e7eler i\u00e7in olduk\u00e7a \u00e7ekici ve aromatik bir bitkidir. G\u00fcne\u015f \u0131\u015f\u0131\u011f\u0131n\u0131n ve \u0131s\u0131n\u0131n \u00e7ok olmas\u0131 geli\u015fimi te\u015fvik eder. Fesle\u011fen bitkisi d\u00fczenli bir sulama ister. Toprak ise g\u00fcbre ile zenginle\u015ftirilmeli. Saks\u0131da ve bah\u00e7ede [&hellip;]<\/p>\n","protected":false},"featured_media":25224,"comment_status":"open","ping_status":"closed","template":"","meta":[],"product_cat":[85],"product_tag":[],"class_list":{"0":"post-24360","1":"product","2":"type-product","3":"status-publish","4":"has-post-thumbnail","6":"product_cat-cicek","7":"product_brand-arzuman","9":"first","10":"instock","11":"shipping-taxable","12":"purchasable","13":"product-type-simple"},"_links":{"self":[{"href":"https:\/\/hisaronuziraat.com\/index.php\/wp-json\/wp\/v2\/product\/24360","targetHints":{"allow":["GET"]}}],"collection":[{"href":"https:\/\/hisaronuziraat.com\/index.php\/wp-json\/wp\/v2\/product"}],"about":[{"href":"https:\/\/hisaronuziraat.com\/index.php\/wp-json\/wp\/v2\/types\/product"}],"replies":[{"embeddable":true,"href":"https:\/\/hisaronuziraat.com\/index.php\/wp-json\/wp\/v2\/comments?post=24360"}],"wp:featuredmedia":[{"embeddable":true,"href":"https:\/\/hisaronuziraat.com\/index.php\/wp-json\/wp\/v2\/media\/25224"}],"wp:attachment":[{"href":"https:\/\/hisaronuziraat.com\/index.php\/wp-json\/wp\/v2\/media?parent=24360"}],"wp:term":[{"taxonomy":"product_cat","embeddable":true,"href":"https:\/\/hisaronuziraat.com\/index.php\/wp-json\/wp\/v2\/product_cat?post=24360"},{"taxonomy":"product_tag","embeddable":true,"href":"https:\/\/hisaronuziraat.com\/index.php\/wp-json\/wp\/v2\/product_tag?post=24360"}],"curies":[{"name":"wp","href":"https:\/\/api.w.org\/{rel}","templated":true}]}}