{"id":24357,"date":"2022-12-04T22:05:25","date_gmt":"2022-12-04T19:05:25","guid":{"rendered":"https:\/\/hisaronuziraat.com\/site\/?post_type=product&amp;p=24357"},"modified":"2022-12-04T22:05:25","modified_gmt":"2022-12-04T19:05:25","slug":"perlit","status":"publish","type":"product","link":"https:\/\/hisaronuziraat.com\/index.php\/urun\/perlit\/","title":{"rendered":"Perlit 5lt"},"content":{"rendered":"<p>Perlit k\u00fc\u00e7\u00fck, beyaz, kristalle\u015fmi\u015f m\u0131s\u0131r patla\u011f\u0131 taneleri gibi g\u00f6z\u00fck\u00fcr. Fiziksel ve kimyasal olarak dura\u011fand\u0131r. G\u00f6zenekli taneciklerin bo\u015fluklu yap\u0131s\u0131, hafif, serbest drenaja sahip ve iyi havaland\u0131r\u0131lan bir \u00fcr\u00fcn sa\u011flar.\u00a0H\u0131zl\u0131 bir \u015fekilde 1600\u00b0F\u2019a (871\u00b0C) \u0131s\u0131t\u0131ld\u0131\u011f\u0131nda, ham ta\u015f i\u00e7indeki su buharla\u015f\u0131r ve hayret verici hafiflikte ki a\u011f\u0131rl\u0131\u011fa sahip say\u0131s\u0131z baloncuklar olu\u015fturarak m\u0131s\u0131r patla\u011f\u0131na\u00a0benzer bir \u015fekilde a\u00e7\u0131l\u0131r.<\/p>\n","protected":false},"excerpt":{"rendered":"<p>Perlit k\u00fc\u00e7\u00fck, beyaz, kristalle\u015fmi\u015f m\u0131s\u0131r patla\u011f\u0131 taneleri gibi g\u00f6z\u00fck\u00fcr. Fiziksel ve kimyasal olarak dura\u011fand\u0131r. G\u00f6zenekli taneciklerin bo\u015fluklu yap\u0131s\u0131, hafif, serbest drenaja sahip ve iyi havaland\u0131r\u0131lan bir \u00fcr\u00fcn sa\u011flar.\u00a0H\u0131zl\u0131 bir \u015fekilde 1600\u00b0F\u2019a (871\u00b0C) \u0131s\u0131t\u0131ld\u0131\u011f\u0131nda, ham ta\u015f i\u00e7indeki su buharla\u015f\u0131r ve hayret verici hafiflikte ki a\u011f\u0131rl\u0131\u011fa sahip say\u0131s\u0131z baloncuklar olu\u015fturarak m\u0131s\u0131r patla\u011f\u0131na\u00a0benzer bir \u015fekilde a\u00e7\u0131l\u0131r.<\/p>\n","protected":false},"featured_media":25226,"comment_status":"open","ping_status":"closed","template":"","meta":[],"product_cat":[92],"product_tag":[],"class_list":{"0":"post-24357","1":"product","2":"type-product","3":"status-publish","4":"has-post-thumbnail","6":"product_cat-toprak","7":"product_brand-selvi-torf","9":"first","10":"outofstock","11":"taxable","12":"shipping-taxable","13":"product-type-simple"},"_links":{"self":[{"href":"https:\/\/hisaronuziraat.com\/index.php\/wp-json\/wp\/v2\/product\/24357","targetHints":{"allow":["GET"]}}],"collection":[{"href":"https:\/\/hisaronuziraat.com\/index.php\/wp-json\/wp\/v2\/product"}],"about":[{"href":"https:\/\/hisaronuziraat.com\/index.php\/wp-json\/wp\/v2\/types\/product"}],"replies":[{"embeddable":true,"href":"https:\/\/hisaronuziraat.com\/index.php\/wp-json\/wp\/v2\/comments?post=24357"}],"wp:featuredmedia":[{"embeddable":true,"href":"https:\/\/hisaronuziraat.com\/index.php\/wp-json\/wp\/v2\/media\/25226"}],"wp:attachment":[{"href":"https:\/\/hisaronuziraat.com\/index.php\/wp-json\/wp\/v2\/media?parent=24357"}],"wp:term":[{"taxonomy":"product_cat","embeddable":true,"href":"https:\/\/hisaronuziraat.com\/index.php\/wp-json\/wp\/v2\/product_cat?post=24357"},{"taxonomy":"product_tag","embeddable":true,"href":"https:\/\/hisaronuziraat.com\/index.php\/wp-json\/wp\/v2\/product_tag?post=24357"}],"curies":[{"name":"wp","href":"https:\/\/api.w.org\/{rel}","templated":true}]}}