{"id":24347,"date":"2022-12-04T22:05:17","date_gmt":"2022-12-04T19:05:17","guid":{"rendered":"https:\/\/hisaronuziraat.com\/site\/?post_type=product&#038;p=24347"},"modified":"2025-11-03T23:21:29","modified_gmt":"2025-11-03T20:21:29","slug":"meramli-kiz-gazania-spiendens","status":"publish","type":"product","link":"https:\/\/hisaronuziraat.com\/index.php\/urun\/meramli-kiz-gazania-spiendens\/","title":{"rendered":"Meraml\u0131 K\u0131z (Gazania Spiendens) 20 adet"},"content":{"rendered":"<p>Sar\u0131 Turuncu Tek Y\u0131ll\u0131k<\/p>\n<p><strong>Latince ismi:\u00a0<\/strong><strong><em>Gazania s<\/em><\/strong><strong><em>plendens<\/em><\/strong><\/p>\n<p>Gazanya, bile\u015fikgiller familyas\u0131ndan, papatyaya benzer b\u00fcy\u00fck sar\u0131-turuncu renkli \u00e7i\u00e7ekleri olan tek y\u0131ll\u0131k s\u00fcs bitkisidir. Koyun g\u00f6z\u00fc olarak da bilinen bu bitki kelebek ve ku\u015flar\u0131 kendisine \u00e7eker. \u0130lkbahardan sonbahar kadar \u00e7i\u00e7eklenebilirler. Her \u00e7e\u015fit toprakta yeti\u015febilir. Zengin topraklarda daha iyi bir geli\u015fim g\u00f6sterse de fakir, kumlu topraklarda da yeti\u015fir. Son donlardan hemen sonra bah\u00e7eye veya donlardan d\u00f6rt hafta \u00f6nce i\u00e7eriye ekilebilir. \u00c7i\u00e7ekleri solar solmaz gereksiz dal uzant\u0131lar\u0131yla beraber kesilmesi \u00e7i\u00e7eklenmeyi te\u015fvik eder. Bah\u00e7elerde \u00e7i\u00e7ek gruplar\u0131, kaya bah\u00e7eleri ve yer kaplay\u0131c\u0131 olarak kullan\u0131labilir. Bah\u00e7e yeti\u015ftiricili\u011fine uygundur.<\/p>\n<table border=\"1\" cellspacing=\"0\" cellpadding=\"0\">\n<tbody>\n<tr>\n<td>\n<div><strong>Ekim Derinli\u011fi<\/strong><\/div>\n<\/td>\n<td>\n<div>1 cm<\/div>\n<\/td>\n<\/tr>\n<tr>\n<td>\n<div><strong>Y\u00fckseklik<\/strong><\/div>\n<\/td>\n<td>\n<div>20-25 cm<\/div>\n<\/td>\n<\/tr>\n<tr>\n<td>\n<div><strong>Renk<\/strong><\/div>\n<\/td>\n<td>\n<div>Sar\u0131, turuncu<\/div>\n<\/td>\n<\/tr>\n<tr>\n<td>\n<div><strong>Ekim zaman\u0131<\/strong><\/div>\n<\/td>\n<td>\n<div>\u0130lkbahar, yaz<\/div>\n<\/td>\n<\/tr>\n<tr>\n<td>\n<div><strong>Tipi<\/strong><\/div>\n<\/td>\n<td>\n<div>Tek y\u0131ll\u0131k<\/div>\n<\/td>\n<\/tr>\n<tr>\n<td>\n<div><strong>Tahmini \u00c7imlenme G\u00fcn\u00fc<\/strong><\/div>\n<\/td>\n<td>\n<div>20-25 g\u00fcn<\/div>\n<\/td>\n<\/tr>\n<\/tbody>\n<\/table>\n","protected":false},"excerpt":{"rendered":"<p>Sar\u0131 Turuncu Tek Y\u0131ll\u0131k Latince ismi:\u00a0Gazania splendens Gazanya, bile\u015fikgiller familyas\u0131ndan, papatyaya benzer b\u00fcy\u00fck sar\u0131-turuncu renkli \u00e7i\u00e7ekleri olan tek y\u0131ll\u0131k s\u00fcs bitkisidir. Koyun g\u00f6z\u00fc olarak da bilinen bu bitki kelebek ve ku\u015flar\u0131 kendisine \u00e7eker. \u0130lkbahardan sonbahar kadar \u00e7i\u00e7eklenebilirler. Her \u00e7e\u015fit toprakta yeti\u015febilir. Zengin topraklarda daha iyi bir geli\u015fim g\u00f6sterse de fakir, kumlu topraklarda da yeti\u015fir. Son [&hellip;]<\/p>\n","protected":false},"featured_media":25247,"comment_status":"open","ping_status":"closed","template":"","meta":[],"product_cat":[85],"product_tag":[],"class_list":{"0":"post-24347","1":"product","2":"type-product","3":"status-publish","4":"has-post-thumbnail","6":"product_cat-cicek","7":"product_brand-arzuman","9":"first","10":"instock","11":"shipping-taxable","12":"purchasable","13":"product-type-simple"},"_links":{"self":[{"href":"https:\/\/hisaronuziraat.com\/index.php\/wp-json\/wp\/v2\/product\/24347","targetHints":{"allow":["GET"]}}],"collection":[{"href":"https:\/\/hisaronuziraat.com\/index.php\/wp-json\/wp\/v2\/product"}],"about":[{"href":"https:\/\/hisaronuziraat.com\/index.php\/wp-json\/wp\/v2\/types\/product"}],"replies":[{"embeddable":true,"href":"https:\/\/hisaronuziraat.com\/index.php\/wp-json\/wp\/v2\/comments?post=24347"}],"wp:featuredmedia":[{"embeddable":true,"href":"https:\/\/hisaronuziraat.com\/index.php\/wp-json\/wp\/v2\/media\/25247"}],"wp:attachment":[{"href":"https:\/\/hisaronuziraat.com\/index.php\/wp-json\/wp\/v2\/media?parent=24347"}],"wp:term":[{"taxonomy":"product_cat","embeddable":true,"href":"https:\/\/hisaronuziraat.com\/index.php\/wp-json\/wp\/v2\/product_cat?post=24347"},{"taxonomy":"product_tag","embeddable":true,"href":"https:\/\/hisaronuziraat.com\/index.php\/wp-json\/wp\/v2\/product_tag?post=24347"}],"curies":[{"name":"wp","href":"https:\/\/api.w.org\/{rel}","templated":true}]}}