{"id":24346,"date":"2022-12-04T22:05:17","date_gmt":"2022-12-04T19:05:17","guid":{"rendered":"https:\/\/hisaronuziraat.com\/site\/?post_type=product&#038;p=24346"},"modified":"2025-11-03T23:27:34","modified_gmt":"2025-11-03T20:27:34","slug":"laden","status":"publish","type":"product","link":"https:\/\/hisaronuziraat.com\/index.php\/urun\/laden\/","title":{"rendered":"Laden 6 adet"},"content":{"rendered":"<p>K\u0131z\u0131l Turuncu Tek Y\u0131ll\u0131k<\/p>\n<p><strong>Latince ismi:\u00a0<\/strong><strong><em>Tropaeolum majus<\/em><\/strong><\/p>\n<p>Latin \u00e7i\u00e7e\u011fi, hint teresi olarak da an\u0131lan tek y\u0131ll\u0131k otsu bir bitki olup g\u00f6steri\u015fli \u00e7i\u00e7ekleri ve yapraklar\u0131 nedeniyle d\u00fcnyaya yay\u0131lan, \u00fclkemizde de s\u00fcs bitkisi olarak yeti\u015ftirilmektedir. Ho\u015f kokulu parlak \u00e7i\u00e7ekleri k\u0131z\u0131l, turuncu tonlar\u0131ndad\u0131r. Kal\u0131n, d\u00fczg\u00fcn, \u00e7ok dall\u0131 bir g\u00f6vdesi vard\u0131r. Yuvarla\u011f\u0131ms\u0131 iri g\u00f6k ye\u015fili yapraklar\u0131 nil\u00fcfer \u00e7i\u00e7e\u011finin minik yapraklar\u0131n\u0131 and\u0131r\u0131r. Bitkinin tohumlar\u0131 fasulye irili\u011finde olup kuruyunca minik yerf\u0131st\u0131klar\u0131na benzer. \u0130lkbahar donlar\u0131ndan sonra ekilmeli. Yaz boyu \u00e7i\u00e7ek a\u00e7arlar. Saks\u0131da yeti\u015ftiricili\u011fe uygundur.<\/p>\n<table border=\"1\" cellspacing=\"0\" cellpadding=\"0\">\n<tbody>\n<tr>\n<td>\n<div><strong>Ekim Derinli\u011fi<\/strong><\/div>\n<\/td>\n<td>\n<div>4-5 cm<\/div>\n<\/td>\n<\/tr>\n<tr>\n<td>\n<div><strong>Y\u00fckseklik<\/strong><\/div>\n<\/td>\n<td>\n<div>20-30 cm<\/div>\n<\/td>\n<\/tr>\n<tr>\n<td>\n<div><strong>Renk<\/strong><\/div>\n<\/td>\n<td>\n<div>K\u0131z\u0131l,turuncu tonlar\u0131<\/div>\n<\/td>\n<\/tr>\n<tr>\n<td>\n<div><strong>Ekim zaman\u0131<\/strong><\/div>\n<\/td>\n<td>\n<div>\u0130lkbahar, yaz<\/div>\n<\/td>\n<\/tr>\n<tr>\n<td>\n<div><strong>Tipi<\/strong><\/div>\n<\/td>\n<td>\n<div>Tek y\u0131ll\u0131k<\/div>\n<\/td>\n<\/tr>\n<tr>\n<td>\n<div><strong>Tahmini \u00c7imlenme G\u00fcn\u00fc<\/strong><\/div>\n<\/td>\n<td>\n<div>15-20 g\u00fcn<\/div>\n<\/td>\n<\/tr>\n<\/tbody>\n<\/table>\n","protected":false},"excerpt":{"rendered":"<p>K\u0131z\u0131l Turuncu Tek Y\u0131ll\u0131k Latince ismi:\u00a0Tropaeolum majus Latin \u00e7i\u00e7e\u011fi, hint teresi olarak da an\u0131lan tek y\u0131ll\u0131k otsu bir bitki olup g\u00f6steri\u015fli \u00e7i\u00e7ekleri ve yapraklar\u0131 nedeniyle d\u00fcnyaya yay\u0131lan, \u00fclkemizde de s\u00fcs bitkisi olarak yeti\u015ftirilmektedir. Ho\u015f kokulu parlak \u00e7i\u00e7ekleri k\u0131z\u0131l, turuncu tonlar\u0131ndad\u0131r. Kal\u0131n, d\u00fczg\u00fcn, \u00e7ok dall\u0131 bir g\u00f6vdesi vard\u0131r. Yuvarla\u011f\u0131ms\u0131 iri g\u00f6k ye\u015fili yapraklar\u0131 nil\u00fcfer \u00e7i\u00e7e\u011finin minik [&hellip;]<\/p>\n","protected":false},"featured_media":25244,"comment_status":"open","ping_status":"closed","template":"","meta":[],"product_cat":[85],"product_tag":[],"class_list":{"0":"post-24346","1":"product","2":"type-product","3":"status-publish","4":"has-post-thumbnail","6":"product_cat-cicek","7":"product_brand-arzuman","9":"first","10":"instock","11":"shipping-taxable","12":"purchasable","13":"product-type-simple"},"_links":{"self":[{"href":"https:\/\/hisaronuziraat.com\/index.php\/wp-json\/wp\/v2\/product\/24346","targetHints":{"allow":["GET"]}}],"collection":[{"href":"https:\/\/hisaronuziraat.com\/index.php\/wp-json\/wp\/v2\/product"}],"about":[{"href":"https:\/\/hisaronuziraat.com\/index.php\/wp-json\/wp\/v2\/types\/product"}],"replies":[{"embeddable":true,"href":"https:\/\/hisaronuziraat.com\/index.php\/wp-json\/wp\/v2\/comments?post=24346"}],"wp:featuredmedia":[{"embeddable":true,"href":"https:\/\/hisaronuziraat.com\/index.php\/wp-json\/wp\/v2\/media\/25244"}],"wp:attachment":[{"href":"https:\/\/hisaronuziraat.com\/index.php\/wp-json\/wp\/v2\/media?parent=24346"}],"wp:term":[{"taxonomy":"product_cat","embeddable":true,"href":"https:\/\/hisaronuziraat.com\/index.php\/wp-json\/wp\/v2\/product_cat?post=24346"},{"taxonomy":"product_tag","embeddable":true,"href":"https:\/\/hisaronuziraat.com\/index.php\/wp-json\/wp\/v2\/product_tag?post=24346"}],"curies":[{"name":"wp","href":"https:\/\/api.w.org\/{rel}","templated":true}]}}