{"id":24344,"date":"2022-12-04T22:05:17","date_gmt":"2022-12-04T19:05:17","guid":{"rendered":"https:\/\/hisaronuziraat.com\/site\/?post_type=product&#038;p=24344"},"modified":"2025-11-03T23:23:03","modified_gmt":"2025-11-03T20:23:03","slug":"kosmos","status":"publish","type":"product","link":"https:\/\/hisaronuziraat.com\/index.php\/urun\/kosmos\/","title":{"rendered":"Kosmos 30 adet"},"content":{"rendered":"<p>Kar\u0131\u015f\u0131k Renk Tek Y\u0131ll\u0131k<\/p>\n<p><strong>Latince ismi:<em>Cosmos L.<\/em><\/strong><\/p>\n<p>T\u00fcrlerine g\u00f6re tek y\u0131ll\u0131k, otsu en h\u0131zl\u0131 b\u00fcy\u00fcyen bitkilerdendir. Kar\u0131\u015f\u0131k renkli, ince, geli\u015fmi\u015f dallarla telsi saplar\u0131n\u0131n ucunda \u00e7i\u00e7eklenmeleri, temmuzdan sonbahardaki ilk donlara kadar s\u00fcrekli a\u00e7an \u00e7i\u00e7ekleri 5-10 cm\u00a0geni\u015flikte g\u00f6steri\u015flidir. H\u0131zl\u0131 geli\u015fir, zarif g\u00f6r\u00fcn\u00fcmleri vard\u0131r. Bah\u00e7e yeti\u015ftiricili\u011fine uygundur.<\/p>\n<table border=\"1\" cellspacing=\"0\" cellpadding=\"0\">\n<tbody>\n<tr>\n<td>\n<div><strong>Ekim Derinli\u011fi<\/strong><\/div>\n<\/td>\n<td>\n<div>1-2 cm<\/div>\n<\/td>\n<\/tr>\n<tr>\n<td>\n<div><strong>Y\u00fckseklik<\/strong><\/div>\n<\/td>\n<td>\n<div>60-80 cm<\/div>\n<\/td>\n<\/tr>\n<tr>\n<td>\n<div><strong>Renk<\/strong><\/div>\n<\/td>\n<td>\n<div>Kar\u0131\u015f\u0131k<\/div>\n<\/td>\n<\/tr>\n<tr>\n<td>\n<div><strong>Ekim zaman\u0131<\/strong><\/div>\n<\/td>\n<td>\n<div>\u0130lkbahar, yaz<\/div>\n<\/td>\n<\/tr>\n<tr>\n<td>\n<div><strong>Tipi<\/strong><\/div>\n<\/td>\n<td>\n<div>Tek y\u0131ll\u0131k<\/div>\n<\/td>\n<\/tr>\n<tr>\n<td>\n<div><strong>Tahmini \u00c7imlenme G\u00fcn\u00fc<\/strong><\/div>\n<\/td>\n<td>\n<div>10-15 g\u00fcn<\/div>\n<\/td>\n<\/tr>\n<\/tbody>\n<\/table>\n","protected":false},"excerpt":{"rendered":"<p>Kar\u0131\u015f\u0131k Renk Tek Y\u0131ll\u0131k Latince ismi:Cosmos L. T\u00fcrlerine g\u00f6re tek y\u0131ll\u0131k, otsu en h\u0131zl\u0131 b\u00fcy\u00fcyen bitkilerdendir. Kar\u0131\u015f\u0131k renkli, ince, geli\u015fmi\u015f dallarla telsi saplar\u0131n\u0131n ucunda \u00e7i\u00e7eklenmeleri, temmuzdan sonbahardaki ilk donlara kadar s\u00fcrekli a\u00e7an \u00e7i\u00e7ekleri 5-10 cm\u00a0geni\u015flikte g\u00f6steri\u015flidir. H\u0131zl\u0131 geli\u015fir, zarif g\u00f6r\u00fcn\u00fcmleri vard\u0131r. Bah\u00e7e yeti\u015ftiricili\u011fine uygundur. Ekim Derinli\u011fi 1-2 cm Y\u00fckseklik 60-80 cm Renk Kar\u0131\u015f\u0131k Ekim zaman\u0131 [&hellip;]<\/p>\n","protected":false},"featured_media":25238,"comment_status":"open","ping_status":"closed","template":"","meta":[],"product_cat":[85],"product_tag":[],"class_list":{"0":"post-24344","1":"product","2":"type-product","3":"status-publish","4":"has-post-thumbnail","6":"product_cat-cicek","7":"product_brand-arzuman","9":"first","10":"instock","11":"shipping-taxable","12":"purchasable","13":"product-type-simple"},"_links":{"self":[{"href":"https:\/\/hisaronuziraat.com\/index.php\/wp-json\/wp\/v2\/product\/24344","targetHints":{"allow":["GET"]}}],"collection":[{"href":"https:\/\/hisaronuziraat.com\/index.php\/wp-json\/wp\/v2\/product"}],"about":[{"href":"https:\/\/hisaronuziraat.com\/index.php\/wp-json\/wp\/v2\/types\/product"}],"replies":[{"embeddable":true,"href":"https:\/\/hisaronuziraat.com\/index.php\/wp-json\/wp\/v2\/comments?post=24344"}],"wp:featuredmedia":[{"embeddable":true,"href":"https:\/\/hisaronuziraat.com\/index.php\/wp-json\/wp\/v2\/media\/25238"}],"wp:attachment":[{"href":"https:\/\/hisaronuziraat.com\/index.php\/wp-json\/wp\/v2\/media?parent=24344"}],"wp:term":[{"taxonomy":"product_cat","embeddable":true,"href":"https:\/\/hisaronuziraat.com\/index.php\/wp-json\/wp\/v2\/product_cat?post=24344"},{"taxonomy":"product_tag","embeddable":true,"href":"https:\/\/hisaronuziraat.com\/index.php\/wp-json\/wp\/v2\/product_tag?post=24344"}],"curies":[{"name":"wp","href":"https:\/\/api.w.org\/{rel}","templated":true}]}}