{"id":24343,"date":"2022-12-04T22:05:17","date_gmt":"2022-12-04T19:05:17","guid":{"rendered":"https:\/\/hisaronuziraat.com\/site\/?post_type=product&#038;p=24343"},"modified":"2025-06-14T14:11:22","modified_gmt":"2025-06-14T11:11:22","slug":"kuskonmaz","status":"publish","type":"product","link":"https:\/\/hisaronuziraat.com\/index.php\/urun\/kuskonmaz\/","title":{"rendered":"Ku\u015fkonmaz 10 adet"},"content":{"rendered":"<p>\u00d6nceden s\u00fcr\u00fclm\u00fc\u015f ya da bellenmi\u015f olan toprak t\u0131rm\u0131k ya da benzer bir aletle ekim i\u00e7in uygun hale getirilir, ekim yap\u0131lacak alan ihtiyaca g\u00f6re g\u00fcbrelenir, keseksiz d\u00fczg\u00fcn bir toprak y\u00fczeyi olu\u015fturulur.<\/p>\n<p>Ku\u015fkonmaz, uzun \u00f6m\u00fcrl\u00fc \u00e7ok y\u0131ll\u0131k bir sebzedir. Uygun yer se\u00e7imi, haz\u0131rl\u0131\u011f\u0131 ve bak\u0131m\u0131 ile 10 y\u0131l veya daha uzun s\u00fcre verim al\u0131nabilir. Ku\u015fkonmaz, yarg\u0131 g\u00f6lg\u00f6de, iyi drene edilmi\u015f, verimli, hafif topraklar\u0131 tercih eder. \u00d6zellikle Ege ve Marmara b\u00f6lgesi yeti\u015ftiricili\u011fe uygundur.<\/p>\n<p>Tohumdan fide yap\u0131l\u0131r. Mart, Nisan aylar\u0131nda toprak \u0131s\u0131nmaya ba\u015flay\u0131nca tohum ekimine ba\u015flan\u0131r. Fide dikiminin yap\u0131ld\u0131\u011f\u0131 bahar ve ertesi sezon\u00a0toplam 2 sezon s\u00fcre sonunda 3. bahardan itibaren meyve vermeye ba\u015flar. Nemli topra\u011fa ekim yapmak tohumun h\u0131zl\u0131 \u00e7imlenmesini sa\u011flar.<\/p>\n<p>\u00d6zellikle y\u00fczlek ekilen k\u00fc\u00e7\u00fck taneli tohumlar\u0131 yerlerinden oynatacak tazyikli sulama yap\u0131lmamal\u0131 ve toprak y\u00fczeyinde g\u00f6llenme olu\u015fturulmamal\u0131d\u0131r. S\u0131cak havalarda sulama s\u0131kl\u0131\u011f\u0131 art\u0131r\u0131lmal\u0131, topra\u011f\u0131n nemli kalmas\u0131na \u00f6zen g\u00f6sterilmelidir. Yabanc\u0131 ot ve zararl\u0131larla m\u00fccadeleye dikkat edilmelidir.<\/p>\n","protected":false},"excerpt":{"rendered":"<p>\u00d6nceden s\u00fcr\u00fclm\u00fc\u015f ya da bellenmi\u015f olan toprak t\u0131rm\u0131k ya da benzer bir aletle ekim i\u00e7in uygun hale getirilir, ekim yap\u0131lacak alan ihtiyaca g\u00f6re g\u00fcbrelenir, keseksiz d\u00fczg\u00fcn bir toprak y\u00fczeyi olu\u015fturulur. Ku\u015fkonmaz, uzun \u00f6m\u00fcrl\u00fc \u00e7ok y\u0131ll\u0131k bir sebzedir. Uygun yer se\u00e7imi, haz\u0131rl\u0131\u011f\u0131 ve bak\u0131m\u0131 ile 10 y\u0131l veya daha uzun s\u00fcre verim al\u0131nabilir. Ku\u015fkonmaz, yarg\u0131 g\u00f6lg\u00f6de, [&hellip;]<\/p>\n","protected":false},"featured_media":25241,"comment_status":"open","ping_status":"closed","template":"","meta":[],"product_cat":[90],"product_tag":[],"class_list":{"0":"post-24343","1":"product","2":"type-product","3":"status-publish","4":"has-post-thumbnail","6":"product_cat-sebze","7":"product_brand-arzuman","9":"first","10":"instock","11":"taxable","12":"shipping-taxable","13":"purchasable","14":"product-type-simple"},"_links":{"self":[{"href":"https:\/\/hisaronuziraat.com\/index.php\/wp-json\/wp\/v2\/product\/24343","targetHints":{"allow":["GET"]}}],"collection":[{"href":"https:\/\/hisaronuziraat.com\/index.php\/wp-json\/wp\/v2\/product"}],"about":[{"href":"https:\/\/hisaronuziraat.com\/index.php\/wp-json\/wp\/v2\/types\/product"}],"replies":[{"embeddable":true,"href":"https:\/\/hisaronuziraat.com\/index.php\/wp-json\/wp\/v2\/comments?post=24343"}],"wp:featuredmedia":[{"embeddable":true,"href":"https:\/\/hisaronuziraat.com\/index.php\/wp-json\/wp\/v2\/media\/25241"}],"wp:attachment":[{"href":"https:\/\/hisaronuziraat.com\/index.php\/wp-json\/wp\/v2\/media?parent=24343"}],"wp:term":[{"taxonomy":"product_cat","embeddable":true,"href":"https:\/\/hisaronuziraat.com\/index.php\/wp-json\/wp\/v2\/product_cat?post=24343"},{"taxonomy":"product_tag","embeddable":true,"href":"https:\/\/hisaronuziraat.com\/index.php\/wp-json\/wp\/v2\/product_tag?post=24343"}],"curies":[{"name":"wp","href":"https:\/\/api.w.org\/{rel}","templated":true}]}}