{"id":24342,"date":"2022-12-04T22:05:17","date_gmt":"2022-12-04T19:05:17","guid":{"rendered":"https:\/\/hisaronuziraat.com\/site\/?post_type=product&#038;p=24342"},"modified":"2025-06-14T14:11:09","modified_gmt":"2025-06-14T11:11:09","slug":"karagoz","status":"publish","type":"product","link":"https:\/\/hisaronuziraat.com\/index.php\/urun\/karagoz\/","title":{"rendered":"Karag\u00f6z 50 adet"},"content":{"rendered":"<p>K\u0131rm\u0131z\u0131, Sar\u0131 Renk Tek Y\u0131ll\u0131k<\/p>\n<p><strong>Latince ismi:<em>Tagetes L.<\/em><\/strong><\/p>\n<p>Karag\u00f6z tek y\u0131ll\u0131k bir bitki olup \u00e7i\u00e7e\u011fin orta k\u0131sm\u0131 k\u0131rm\u0131z\u0131 tonunda olup u\u00e7lar\u0131 sar\u0131 renkli, \u00a0yapraklar\u0131 keskin kokulu olup sebze\u00a0<strong>bah\u00e7elerine<\/strong>\u00a0dikildi\u011fi zaman bir\u00e7ok zararl\u0131y\u0131\u00a0<strong>bah\u00e7eden\u00a0<\/strong>uzak tutar. S\u0131cak iklim bitkisidir. Yeti\u015ftirilmesi olduk\u00e7a kolayd\u0131r. Ge\u00e7irgen ve verimli toprak sever. Fazla su istemez. Kuruduk\u00e7a sulanabilir. Haziran ba\u015f\u0131ndan ekim sonuna kadar \u00e7i\u00e7ekli kal\u0131r. Park ve bah\u00e7elerde tek olarak ya da di\u011fer mevsimlik bitkilerle uyum i\u00e7inde kullan\u0131labilir.<\/p>\n<table border=\"1\" cellspacing=\"0\" cellpadding=\"0\">\n<tbody>\n<tr>\n<td>\n<div><strong>Ekim Derinli\u011fi<\/strong><\/div>\n<\/td>\n<td>\n<div>1-2 cm<\/div>\n<\/td>\n<\/tr>\n<tr>\n<td>\n<div><strong>Y\u00fckseklik<\/strong><\/div>\n<\/td>\n<td>\n<div>25-50 cm<\/div>\n<\/td>\n<\/tr>\n<tr>\n<td>\n<div><strong>Renk<\/strong><\/div>\n<\/td>\n<td>\n<div>K\u0131rm\u0131z\u0131, sar\u0131 tonlar\u0131<\/div>\n<\/td>\n<\/tr>\n<tr>\n<td>\n<div><strong>Ekim zaman\u0131<\/strong><\/div>\n<\/td>\n<td>\n<div>\u0130lkbahar, yaz<\/div>\n<\/td>\n<\/tr>\n<tr>\n<td>\n<div><strong>Tipi<\/strong><\/div>\n<\/td>\n<td>\n<div>Tek y\u0131ll\u0131k<\/div>\n<\/td>\n<\/tr>\n<tr>\n<td>\n<div><strong>Tahmini \u00c7imlenme G\u00fcn\u00fc<\/strong><\/div>\n<\/td>\n<td>\n<div>15-20 g\u00fcn<\/div>\n<\/td>\n<\/tr>\n<\/tbody>\n<\/table>\n","protected":false},"excerpt":{"rendered":"<p>K\u0131rm\u0131z\u0131, Sar\u0131 Renk Tek Y\u0131ll\u0131k Latince ismi:Tagetes L. Karag\u00f6z tek y\u0131ll\u0131k bir bitki olup \u00e7i\u00e7e\u011fin orta k\u0131sm\u0131 k\u0131rm\u0131z\u0131 tonunda olup u\u00e7lar\u0131 sar\u0131 renkli, \u00a0yapraklar\u0131 keskin kokulu olup sebze\u00a0bah\u00e7elerine\u00a0dikildi\u011fi zaman bir\u00e7ok zararl\u0131y\u0131\u00a0bah\u00e7eden\u00a0uzak tutar. S\u0131cak iklim bitkisidir. Yeti\u015ftirilmesi olduk\u00e7a kolayd\u0131r. Ge\u00e7irgen ve verimli toprak sever. Fazla su istemez. Kuruduk\u00e7a sulanabilir. Haziran ba\u015f\u0131ndan ekim sonuna kadar \u00e7i\u00e7ekli kal\u0131r. [&hellip;]<\/p>\n","protected":false},"featured_media":25234,"comment_status":"open","ping_status":"closed","template":"","meta":[],"product_cat":[85],"product_tag":[],"class_list":{"0":"post-24342","1":"product","2":"type-product","3":"status-publish","4":"has-post-thumbnail","6":"product_cat-cicek","7":"product_brand-arzuman","9":"first","10":"instock","11":"taxable","12":"shipping-taxable","13":"purchasable","14":"product-type-simple"},"_links":{"self":[{"href":"https:\/\/hisaronuziraat.com\/index.php\/wp-json\/wp\/v2\/product\/24342","targetHints":{"allow":["GET"]}}],"collection":[{"href":"https:\/\/hisaronuziraat.com\/index.php\/wp-json\/wp\/v2\/product"}],"about":[{"href":"https:\/\/hisaronuziraat.com\/index.php\/wp-json\/wp\/v2\/types\/product"}],"replies":[{"embeddable":true,"href":"https:\/\/hisaronuziraat.com\/index.php\/wp-json\/wp\/v2\/comments?post=24342"}],"wp:featuredmedia":[{"embeddable":true,"href":"https:\/\/hisaronuziraat.com\/index.php\/wp-json\/wp\/v2\/media\/25234"}],"wp:attachment":[{"href":"https:\/\/hisaronuziraat.com\/index.php\/wp-json\/wp\/v2\/media?parent=24342"}],"wp:term":[{"taxonomy":"product_cat","embeddable":true,"href":"https:\/\/hisaronuziraat.com\/index.php\/wp-json\/wp\/v2\/product_cat?post=24342"},{"taxonomy":"product_tag","embeddable":true,"href":"https:\/\/hisaronuziraat.com\/index.php\/wp-json\/wp\/v2\/product_tag?post=24342"}],"curies":[{"name":"wp","href":"https:\/\/api.w.org\/{rel}","templated":true}]}}