{"id":24340,"date":"2022-12-04T22:05:16","date_gmt":"2022-12-04T19:05:16","guid":{"rendered":"https:\/\/hisaronuziraat.com\/site\/?post_type=product&#038;p=24340"},"modified":"2025-11-03T23:29:07","modified_gmt":"2025-11-03T20:29:07","slug":"husnu-yusuf","status":"publish","type":"product","link":"https:\/\/hisaronuziraat.com\/index.php\/urun\/husnu-yusuf\/","title":{"rendered":"H\u00fcsn\u00fc Yusuf 100 adet"},"content":{"rendered":"<p>Kar\u0131\u015f\u0131k \u0130ki Y\u0131ll\u0131k<\/p>\n<div class=\"urun-d-extra fontsize\">\n<p>Karanfilgiller familyas\u0131ndan iki y\u0131ll\u0131k dayan\u0131kl\u0131 otsu bir bitkidir. Yaz boyunca renk renk a\u00e7an \u00e7i\u00e7ekleri ile s\u00fcs bitkisi olarak olduk\u00e7a yayg\u0131n yeti\u015ftirilir. \u00c7i\u00e7ekleri yal\u0131nkat ya da katmerli olabilir. G\u00fcne\u015fli veya s\u0131cak b\u00f6lgelerde yar\u0131 g\u00f6lge yerler uygundur. \u00c7ok su istemez hatta a\u015f\u0131r\u0131 suya da tolerans\u0131 yoktur. Bitki tohumlar\u0131yla \u00fcretilir. Tohumlar\u0131 ilkbaharda havalar ve toprak \u0131s\u0131nd\u0131\u011f\u0131nda, do\u011frudan do\u011fruya bah\u00e7elerde haz\u0131rlanm\u0131\u015f yerlerine ekilir, ikinci y\u0131l \u00e7i\u00e7ek a\u00e7ar. Daha erken \u00e7i\u00e7ek a\u00e7mas\u0131 i\u00e7in tohumlar\u0131 kapal\u0131 mek\u00e2nlarda s\u0131cak yast\u0131klara erken ekimi(son donlardan 6-8 hafta \u00f6nce) yap\u0131lmal\u0131. Geli\u015fen bitki, yaz ortalar\u0131nda \u00e7i\u00e7ek a\u00e7ar. Saks\u0131 yeti\u015ftiricili\u011fine uygundur.<\/p>\n<\/div>\n","protected":false},"excerpt":{"rendered":"<p>Kar\u0131\u015f\u0131k \u0130ki Y\u0131ll\u0131k Karanfilgiller familyas\u0131ndan iki y\u0131ll\u0131k dayan\u0131kl\u0131 otsu bir bitkidir. Yaz boyunca renk renk a\u00e7an \u00e7i\u00e7ekleri ile s\u00fcs bitkisi olarak olduk\u00e7a yayg\u0131n yeti\u015ftirilir. \u00c7i\u00e7ekleri yal\u0131nkat ya da katmerli olabilir. G\u00fcne\u015fli veya s\u0131cak b\u00f6lgelerde yar\u0131 g\u00f6lge yerler uygundur. \u00c7ok su istemez hatta a\u015f\u0131r\u0131 suya da tolerans\u0131 yoktur. Bitki tohumlar\u0131yla \u00fcretilir. Tohumlar\u0131 ilkbaharda havalar ve toprak [&hellip;]<\/p>\n","protected":false},"featured_media":24725,"comment_status":"open","ping_status":"closed","template":"","meta":[],"product_cat":[85],"product_tag":[],"class_list":{"0":"post-24340","1":"product","2":"type-product","3":"status-publish","4":"has-post-thumbnail","6":"product_cat-cicek","7":"product_brand-arzuman","9":"first","10":"instock","11":"shipping-taxable","12":"purchasable","13":"product-type-simple"},"_links":{"self":[{"href":"https:\/\/hisaronuziraat.com\/index.php\/wp-json\/wp\/v2\/product\/24340","targetHints":{"allow":["GET"]}}],"collection":[{"href":"https:\/\/hisaronuziraat.com\/index.php\/wp-json\/wp\/v2\/product"}],"about":[{"href":"https:\/\/hisaronuziraat.com\/index.php\/wp-json\/wp\/v2\/types\/product"}],"replies":[{"embeddable":true,"href":"https:\/\/hisaronuziraat.com\/index.php\/wp-json\/wp\/v2\/comments?post=24340"}],"wp:featuredmedia":[{"embeddable":true,"href":"https:\/\/hisaronuziraat.com\/index.php\/wp-json\/wp\/v2\/media\/24725"}],"wp:attachment":[{"href":"https:\/\/hisaronuziraat.com\/index.php\/wp-json\/wp\/v2\/media?parent=24340"}],"wp:term":[{"taxonomy":"product_cat","embeddable":true,"href":"https:\/\/hisaronuziraat.com\/index.php\/wp-json\/wp\/v2\/product_cat?post=24340"},{"taxonomy":"product_tag","embeddable":true,"href":"https:\/\/hisaronuziraat.com\/index.php\/wp-json\/wp\/v2\/product_tag?post=24340"}],"curies":[{"name":"wp","href":"https:\/\/api.w.org\/{rel}","templated":true}]}}