{"id":24339,"date":"2022-12-04T22:05:16","date_gmt":"2022-12-04T19:05:16","guid":{"rendered":"https:\/\/hisaronuziraat.com\/site\/?post_type=product&#038;p=24339"},"modified":"2025-11-03T23:28:49","modified_gmt":"2025-11-03T20:28:49","slug":"horoz-ibigi","status":"publish","type":"product","link":"https:\/\/hisaronuziraat.com\/index.php\/urun\/horoz-ibigi\/","title":{"rendered":"Horoz \u0130bi\u011fi 100 adet"},"content":{"rendered":"<p>Koyu Pembe Tek Y\u0131ll\u0131k<\/p>\n<p><strong>Latince ismi:\u00a0<em>Celosia<\/em><\/strong><\/p>\n<p>G\u00fcne\u015fli ve yar\u0131 g\u00f6lgeli ortamlarda ekilen, g\u00f6steri\u015fli \u00e7i\u00e7ekleriyle ve fiziki yap\u0131s\u0131 ile dikkat \u00e7eken bir \u00e7e\u015fittir. Bitki yakla\u015f\u0131k 20 -30 cm kadar boylan\u0131r.\u00a0K\u0131rm\u0131z\u0131, sar\u0131, turuncu, mor gibi renkleri vard\u0131r.\u00a0\u00c7i\u00e7ekleri kadifemsi, ibi\u011fimsi, buru\u015fuk ba\u015fl\u0131 s\u0131k\u0131 yap\u0131da k\u00fc\u00e7\u00fck demetler halinde bulunur.\u00a0Horozibi\u011fi bitkileri bol g\u00fcne\u015fli, s\u0131cak ortamlar\u0131 severler. D\u00fczenli olarak sulanmas\u0131 gerekir. Haziran-Eyl\u00fcl aylar\u0131 aras\u0131nda \u00e7i\u00e7ek a\u00e7ar. Saks\u0131da yeti\u015ftiricili\u011fe de uygundur.<\/p>\n<table border=\"1\" cellspacing=\"0\" cellpadding=\"0\">\n<tbody>\n<tr>\n<td>\n<div><strong>Ekim Derinli\u011fi<\/strong><\/div>\n<\/td>\n<td>\n<div>0,5-1 cm<\/div>\n<\/td>\n<\/tr>\n<tr>\n<td>\n<div><strong>Y\u00fckseklik<\/strong><\/div>\n<\/td>\n<td>\n<div>20-30 cm<\/div>\n<\/td>\n<\/tr>\n<tr>\n<td>\n<div><strong>Renk<\/strong><\/div>\n<\/td>\n<td>\n<div>Koyu pembe,k\u0131rm\u0131z\u0131<\/div>\n<\/td>\n<\/tr>\n<tr>\n<td>\n<div><strong>Ekim zaman\u0131<\/strong><\/div>\n<\/td>\n<td>\n<div>\u0130lkbahar, yaz<\/div>\n<\/td>\n<\/tr>\n<tr>\n<td>\n<div><strong>Tipi<\/strong><\/div>\n<\/td>\n<td>\n<div>Tek y\u0131ll\u0131k<\/div>\n<\/td>\n<\/tr>\n<tr>\n<td>\n<div><strong>Tahmini \u00c7imlenme G\u00fcn\u00fc<\/strong><\/div>\n<\/td>\n<td>\n<div>25-30 g\u00fcn<\/div>\n<\/td>\n<\/tr>\n<\/tbody>\n<\/table>\n","protected":false},"excerpt":{"rendered":"<p>Koyu Pembe Tek Y\u0131ll\u0131k Latince ismi:\u00a0Celosia G\u00fcne\u015fli ve yar\u0131 g\u00f6lgeli ortamlarda ekilen, g\u00f6steri\u015fli \u00e7i\u00e7ekleriyle ve fiziki yap\u0131s\u0131 ile dikkat \u00e7eken bir \u00e7e\u015fittir. Bitki yakla\u015f\u0131k 20 -30 cm kadar boylan\u0131r.\u00a0K\u0131rm\u0131z\u0131, sar\u0131, turuncu, mor gibi renkleri vard\u0131r.\u00a0\u00c7i\u00e7ekleri kadifemsi, ibi\u011fimsi, buru\u015fuk ba\u015fl\u0131 s\u0131k\u0131 yap\u0131da k\u00fc\u00e7\u00fck demetler halinde bulunur.\u00a0Horozibi\u011fi bitkileri bol g\u00fcne\u015fli, s\u0131cak ortamlar\u0131 severler. D\u00fczenli olarak sulanmas\u0131 gerekir. [&hellip;]<\/p>\n","protected":false},"featured_media":25253,"comment_status":"open","ping_status":"closed","template":"","meta":[],"product_cat":[85],"product_tag":[],"class_list":{"0":"post-24339","1":"product","2":"type-product","3":"status-publish","4":"has-post-thumbnail","6":"product_cat-cicek","7":"product_brand-arzuman","9":"first","10":"instock","11":"shipping-taxable","12":"purchasable","13":"product-type-simple"},"_links":{"self":[{"href":"https:\/\/hisaronuziraat.com\/index.php\/wp-json\/wp\/v2\/product\/24339","targetHints":{"allow":["GET"]}}],"collection":[{"href":"https:\/\/hisaronuziraat.com\/index.php\/wp-json\/wp\/v2\/product"}],"about":[{"href":"https:\/\/hisaronuziraat.com\/index.php\/wp-json\/wp\/v2\/types\/product"}],"replies":[{"embeddable":true,"href":"https:\/\/hisaronuziraat.com\/index.php\/wp-json\/wp\/v2\/comments?post=24339"}],"wp:featuredmedia":[{"embeddable":true,"href":"https:\/\/hisaronuziraat.com\/index.php\/wp-json\/wp\/v2\/media\/25253"}],"wp:attachment":[{"href":"https:\/\/hisaronuziraat.com\/index.php\/wp-json\/wp\/v2\/media?parent=24339"}],"wp:term":[{"taxonomy":"product_cat","embeddable":true,"href":"https:\/\/hisaronuziraat.com\/index.php\/wp-json\/wp\/v2\/product_cat?post=24339"},{"taxonomy":"product_tag","embeddable":true,"href":"https:\/\/hisaronuziraat.com\/index.php\/wp-json\/wp\/v2\/product_tag?post=24339"}],"curies":[{"name":"wp","href":"https:\/\/api.w.org\/{rel}","templated":true}]}}