{"id":24338,"date":"2022-12-04T22:05:16","date_gmt":"2022-12-04T19:05:16","guid":{"rendered":"https:\/\/hisaronuziraat.com\/site\/?post_type=product&#038;p=24338"},"modified":"2025-11-03T23:28:34","modified_gmt":"2025-11-03T20:28:34","slug":"hercai-menekse","status":"publish","type":"product","link":"https:\/\/hisaronuziraat.com\/index.php\/urun\/hercai-menekse\/","title":{"rendered":"Hercai Menek\u015fe 100 adet"},"content":{"rendered":"<p>Kar\u0131\u015f\u0131k Renk \u00c7ok Y\u0131ll\u0131k<\/p>\n<p><strong>Latince ismi:<\/strong><strong><em>Viola<\/em><\/strong><\/p>\n<p>Hercai menek\u015fe, menek\u015fegiller familyas\u0131ndan olup g\u00f6steri\u015fli \u00e7i\u00e7ekleri sebebi en yayg\u0131n yeti\u015ftirilen s\u00fcs bitkisidir. \u00c7ok y\u0131ll\u0131k olan bu bitki 20 cm kadar boylanabilir. Ye\u015fil renkli g\u00f6vdesi taban\u0131ndan ba\u015flayarak dallan\u0131r. Kar\u0131\u015f\u0131k renkli, hafif ama ho\u015f kokulu \u00e7i\u00e7ekleri ilkbahardan ba\u015flay\u0131p yaz boyunca a\u00e7an, 5-10 cm olabilir. Nemli topraklar\u0131 tercih eden hercai menek\u015feler susuz b\u0131rak\u0131lmamal\u0131 ancak a\u015f\u0131r\u0131 da sulamamal\u0131d\u0131r. K\u0131sa boylu olmalar\u0131 sebebi ile bah\u00e7e ve parklardaki \u00e7i\u00e7ek tarhlar\u0131nda yeti\u015ftirildi\u011finde \u00e7ok dekoratif olduklar\u0131 gibi, saks\u0131 ve plastik kutularda yeti\u015ftirilerek de pek ho\u015f pencere \u00f6n\u00fc ve \u00f6zellikle balkon bitkisi \u00f6zelli\u011fi kazan\u0131rlar.<\/p>\n<table border=\"1\" cellspacing=\"0\" cellpadding=\"0\">\n<tbody>\n<tr>\n<td>\n<div><strong>Ekim Derinli\u011fi<\/strong><\/div>\n<\/td>\n<td>\n<div>0,5-1 cm<\/div>\n<\/td>\n<\/tr>\n<tr>\n<td>\n<div><strong>Y\u00fckseklik<\/strong><\/div>\n<\/td>\n<td>\n<div>15-20 cm<\/div>\n<\/td>\n<\/tr>\n<tr>\n<td>\n<div><strong>Renk<\/strong><\/div>\n<\/td>\n<td>\n<div>Kar\u0131\u015f\u0131k<\/div>\n<\/td>\n<\/tr>\n<tr>\n<td>\n<div><strong>Ekim zaman\u0131<\/strong><\/div>\n<\/td>\n<td>\n<div>\u0130lkbahar, yaz<\/div>\n<\/td>\n<\/tr>\n<tr>\n<td>\n<div><strong>Tipi<\/strong><\/div>\n<\/td>\n<td>\n<div>\u00c7ok y\u0131ll\u0131k<\/div>\n<\/td>\n<\/tr>\n<tr>\n<td>\n<div><strong>Tahmini \u00c7imlenme G\u00fcn\u00fc<\/strong><\/div>\n<\/td>\n<td>\n<div>20-25 g\u00fcn<\/div>\n<\/td>\n<\/tr>\n<\/tbody>\n<\/table>\n","protected":false},"excerpt":{"rendered":"<p>Kar\u0131\u015f\u0131k Renk \u00c7ok Y\u0131ll\u0131k Latince ismi:Viola Hercai menek\u015fe, menek\u015fegiller familyas\u0131ndan olup g\u00f6steri\u015fli \u00e7i\u00e7ekleri sebebi en yayg\u0131n yeti\u015ftirilen s\u00fcs bitkisidir. \u00c7ok y\u0131ll\u0131k olan bu bitki 20 cm kadar boylanabilir. Ye\u015fil renkli g\u00f6vdesi taban\u0131ndan ba\u015flayarak dallan\u0131r. Kar\u0131\u015f\u0131k renkli, hafif ama ho\u015f kokulu \u00e7i\u00e7ekleri ilkbahardan ba\u015flay\u0131p yaz boyunca a\u00e7an, 5-10 cm olabilir. Nemli topraklar\u0131 tercih eden hercai menek\u015feler [&hellip;]<\/p>\n","protected":false},"featured_media":25260,"comment_status":"open","ping_status":"closed","template":"","meta":[],"product_cat":[85],"product_tag":[],"class_list":{"0":"post-24338","1":"product","2":"type-product","3":"status-publish","4":"has-post-thumbnail","6":"product_cat-cicek","7":"product_brand-arzuman","9":"first","10":"instock","11":"shipping-taxable","12":"purchasable","13":"product-type-simple"},"_links":{"self":[{"href":"https:\/\/hisaronuziraat.com\/index.php\/wp-json\/wp\/v2\/product\/24338","targetHints":{"allow":["GET"]}}],"collection":[{"href":"https:\/\/hisaronuziraat.com\/index.php\/wp-json\/wp\/v2\/product"}],"about":[{"href":"https:\/\/hisaronuziraat.com\/index.php\/wp-json\/wp\/v2\/types\/product"}],"replies":[{"embeddable":true,"href":"https:\/\/hisaronuziraat.com\/index.php\/wp-json\/wp\/v2\/comments?post=24338"}],"wp:featuredmedia":[{"embeddable":true,"href":"https:\/\/hisaronuziraat.com\/index.php\/wp-json\/wp\/v2\/media\/25260"}],"wp:attachment":[{"href":"https:\/\/hisaronuziraat.com\/index.php\/wp-json\/wp\/v2\/media?parent=24338"}],"wp:term":[{"taxonomy":"product_cat","embeddable":true,"href":"https:\/\/hisaronuziraat.com\/index.php\/wp-json\/wp\/v2\/product_cat?post=24338"},{"taxonomy":"product_tag","embeddable":true,"href":"https:\/\/hisaronuziraat.com\/index.php\/wp-json\/wp\/v2\/product_tag?post=24338"}],"curies":[{"name":"wp","href":"https:\/\/api.w.org\/{rel}","templated":true}]}}