{"id":24337,"date":"2022-12-04T22:05:16","date_gmt":"2022-12-04T19:05:16","guid":{"rendered":"https:\/\/hisaronuziraat.com\/site\/?post_type=product&#038;p=24337"},"modified":"2025-11-03T23:28:20","modified_gmt":"2025-11-03T20:28:20","slug":"zinna-cicegi-30-adet","status":"publish","type":"product","link":"https:\/\/hisaronuziraat.com\/index.php\/urun\/zinna-cicegi-30-adet\/","title":{"rendered":"Zinna \u00c7i\u00e7e\u011fi 30 adet"},"content":{"rendered":"<p>Kar\u0131\u015f\u0131k Tek Y\u0131ll\u0131k<\/p>\n<p><strong>Latince ismi:\u00a0<em>Zinnia<\/em><\/strong><\/p>\n<p>Kirli han\u0131m \u00e7i\u00e7e\u011fi olarak da an\u0131lan, kar\u0131\u015f\u0131k renkli ve g\u00f6steri\u015fli bir \u00e7i\u00e7ektir. Kolay yeti\u015ftirilebilen tek y\u0131ll\u0131k bir bitkidir. Yaz boyu \u00e7i\u00e7ek a\u00e7arlar. Her t\u00fcrl\u00fc toprakta yeti\u015ftirilebilir. Bah\u00e7e yeti\u015ftiricili\u011fine uygundur.<\/p>\n<table border=\"1\" cellspacing=\"0\" cellpadding=\"0\">\n<tbody>\n<tr>\n<td>\n<div><strong>Ekim Derinli\u011fi<\/strong><\/div>\n<\/td>\n<td>\n<div>1-1,5\u00a0 cm<\/div>\n<\/td>\n<\/tr>\n<tr>\n<td>\n<div><strong>Y\u00fckseklik<\/strong><\/div>\n<\/td>\n<td>\n<div>50-60 cm<\/div>\n<\/td>\n<\/tr>\n<tr>\n<td>\n<div><strong>Renk \u00d6zelli\u011fi<\/strong><\/div>\n<\/td>\n<td>\n<div>Kar\u0131\u015f\u0131k<\/div>\n<\/td>\n<\/tr>\n<tr>\n<td>\n<div><strong>Ekim zaman\u0131<\/strong><\/div>\n<\/td>\n<td>\n<div>\u0130lkbahar, yaz aylar\u0131<\/div>\n<\/td>\n<\/tr>\n<tr>\n<td>\n<div><strong>Tipi<\/strong><\/div>\n<\/td>\n<td>\n<div>Tek y\u0131ll\u0131k<\/div>\n<\/td>\n<\/tr>\n<tr>\n<td>\n<div><strong>Tahmini \u00c7imlenme G\u00fcn\u00fc<\/strong><\/div>\n<\/td>\n<td>\n<div>20-25\u00a0g\u00fcn<\/div>\n<\/td>\n<\/tr>\n<\/tbody>\n<\/table>\n","protected":false},"excerpt":{"rendered":"<p>Kar\u0131\u015f\u0131k Tek Y\u0131ll\u0131k Latince ismi:\u00a0Zinnia Kirli han\u0131m \u00e7i\u00e7e\u011fi olarak da an\u0131lan, kar\u0131\u015f\u0131k renkli ve g\u00f6steri\u015fli bir \u00e7i\u00e7ektir. Kolay yeti\u015ftirilebilen tek y\u0131ll\u0131k bir bitkidir. Yaz boyu \u00e7i\u00e7ek a\u00e7arlar. Her t\u00fcrl\u00fc toprakta yeti\u015ftirilebilir. Bah\u00e7e yeti\u015ftiricili\u011fine uygundur. Ekim Derinli\u011fi 1-1,5\u00a0 cm Y\u00fckseklik 50-60 cm Renk \u00d6zelli\u011fi Kar\u0131\u015f\u0131k Ekim zaman\u0131 \u0130lkbahar, yaz aylar\u0131 Tipi Tek y\u0131ll\u0131k Tahmini \u00c7imlenme G\u00fcn\u00fc [&hellip;]<\/p>\n","protected":false},"featured_media":25263,"comment_status":"open","ping_status":"closed","template":"","meta":[],"product_cat":[85],"product_tag":[],"class_list":{"0":"post-24337","1":"product","2":"type-product","3":"status-publish","4":"has-post-thumbnail","6":"product_cat-cicek","7":"product_brand-arzuman","9":"first","10":"instock","11":"shipping-taxable","12":"purchasable","13":"product-type-simple"},"_links":{"self":[{"href":"https:\/\/hisaronuziraat.com\/index.php\/wp-json\/wp\/v2\/product\/24337","targetHints":{"allow":["GET"]}}],"collection":[{"href":"https:\/\/hisaronuziraat.com\/index.php\/wp-json\/wp\/v2\/product"}],"about":[{"href":"https:\/\/hisaronuziraat.com\/index.php\/wp-json\/wp\/v2\/types\/product"}],"replies":[{"embeddable":true,"href":"https:\/\/hisaronuziraat.com\/index.php\/wp-json\/wp\/v2\/comments?post=24337"}],"wp:featuredmedia":[{"embeddable":true,"href":"https:\/\/hisaronuziraat.com\/index.php\/wp-json\/wp\/v2\/media\/25263"}],"wp:attachment":[{"href":"https:\/\/hisaronuziraat.com\/index.php\/wp-json\/wp\/v2\/media?parent=24337"}],"wp:term":[{"taxonomy":"product_cat","embeddable":true,"href":"https:\/\/hisaronuziraat.com\/index.php\/wp-json\/wp\/v2\/product_cat?post=24337"},{"taxonomy":"product_tag","embeddable":true,"href":"https:\/\/hisaronuziraat.com\/index.php\/wp-json\/wp\/v2\/product_tag?post=24337"}],"curies":[{"name":"wp","href":"https:\/\/api.w.org\/{rel}","templated":true}]}}