{"id":24336,"date":"2022-12-04T22:05:16","date_gmt":"2022-12-04T19:05:16","guid":{"rendered":"https:\/\/hisaronuziraat.com\/site\/?post_type=product&#038;p=24336"},"modified":"2025-11-03T23:28:06","modified_gmt":"2025-11-03T20:28:06","slug":"hazeren-cicegi","status":"publish","type":"product","link":"https:\/\/hisaronuziraat.com\/index.php\/urun\/hazeren-cicegi\/","title":{"rendered":"Hazeren \u00c7i\u00e7e\u011fi 30 adet"},"content":{"rendered":"<p>Kar\u0131\u015f\u0131k Tek Y\u0131ll\u0131k<\/p>\n<p><strong>Latince ismi:\u00a0<em>Delphinium L.<\/em><\/strong><\/p>\n<p>D\u00fc\u011f\u00fcn \u00e7i\u00e7e\u011figiller (Ranunculaceae) familyas\u0131ndan bir bitki cinsi. Ayr\u0131ca Hazeren ,saray \u00e7i\u00e7e\u011fi , s\u00fcvari mahmuzu olarak da bilinir.\u00a0 May\u0131s-Haziran aylar\u0131 aras\u0131nda renkli \u00e7i\u00e7ekler a\u00e7an, 80-100 cm boyunda tek y\u0131ll\u0131k otsu bir bitki. Boylu, dikine b\u00fcy\u00fcrler. Il\u0131man b\u00f6lgelerde rahatl\u0131kla yeti\u015fmektedir.\u00a0 Her t\u00fcrl\u00fc toprakta rahatl\u0131kla yeti\u015fmektedir. Kesme \u00e7i\u00e7ek\u00e7ilik a\u00e7\u0131s\u0131ndan elveri\u015flidir. Bah\u00e7e yeti\u015ftiricili\u011fine de uygundur.<\/p>\n<table border=\"1\" cellspacing=\"0\" cellpadding=\"0\">\n<tbody>\n<tr>\n<td>\n<div><strong>Ekim Derinli\u011fi<\/strong><\/div>\n<\/td>\n<td>\n<div>0,5-1 cm<\/div>\n<\/td>\n<\/tr>\n<tr>\n<td>\n<div><strong>Y\u00fckseklik<\/strong><\/div>\n<\/td>\n<td>\n<div>80-100 cm<\/div>\n<\/td>\n<\/tr>\n<tr>\n<td>\n<div><strong>Renk<\/strong><\/div>\n<\/td>\n<td>\n<div>Kar\u0131\u015f\u0131k<\/div>\n<\/td>\n<\/tr>\n<tr>\n<td>\n<div><strong>Ekim zaman\u0131<\/strong><\/div>\n<\/td>\n<td>\n<div>\u0130lkbahar, yaz<\/div>\n<\/td>\n<\/tr>\n<tr>\n<td>\n<div><strong>Tipi<\/strong><\/div>\n<\/td>\n<td>\n<div>Tek\u00a0 y\u0131ll\u0131k<\/div>\n<\/td>\n<\/tr>\n<tr>\n<td>\n<div><strong>Tahmini \u00c7imlenme G\u00fcn\u00fc<\/strong><\/div>\n<\/td>\n<td>\n<div>15-20 g\u00fcn<\/div>\n<\/td>\n<\/tr>\n<\/tbody>\n<\/table>\n","protected":false},"excerpt":{"rendered":"<p>Kar\u0131\u015f\u0131k Tek Y\u0131ll\u0131k Latince ismi:\u00a0Delphinium L. D\u00fc\u011f\u00fcn \u00e7i\u00e7e\u011figiller (Ranunculaceae) familyas\u0131ndan bir bitki cinsi. Ayr\u0131ca Hazeren ,saray \u00e7i\u00e7e\u011fi , s\u00fcvari mahmuzu olarak da bilinir.\u00a0 May\u0131s-Haziran aylar\u0131 aras\u0131nda renkli \u00e7i\u00e7ekler a\u00e7an, 80-100 cm boyunda tek y\u0131ll\u0131k otsu bir bitki. Boylu, dikine b\u00fcy\u00fcrler. Il\u0131man b\u00f6lgelerde rahatl\u0131kla yeti\u015fmektedir.\u00a0 Her t\u00fcrl\u00fc toprakta rahatl\u0131kla yeti\u015fmektedir. Kesme \u00e7i\u00e7ek\u00e7ilik a\u00e7\u0131s\u0131ndan elveri\u015flidir. Bah\u00e7e yeti\u015ftiricili\u011fine [&hellip;]<\/p>\n","protected":false},"featured_media":25250,"comment_status":"open","ping_status":"closed","template":"","meta":[],"product_cat":[85],"product_tag":[],"class_list":{"0":"post-24336","1":"product","2":"type-product","3":"status-publish","4":"has-post-thumbnail","6":"product_cat-cicek","7":"product_brand-arzuman","9":"first","10":"instock","11":"shipping-taxable","12":"purchasable","13":"product-type-simple"},"_links":{"self":[{"href":"https:\/\/hisaronuziraat.com\/index.php\/wp-json\/wp\/v2\/product\/24336","targetHints":{"allow":["GET"]}}],"collection":[{"href":"https:\/\/hisaronuziraat.com\/index.php\/wp-json\/wp\/v2\/product"}],"about":[{"href":"https:\/\/hisaronuziraat.com\/index.php\/wp-json\/wp\/v2\/types\/product"}],"replies":[{"embeddable":true,"href":"https:\/\/hisaronuziraat.com\/index.php\/wp-json\/wp\/v2\/comments?post=24336"}],"wp:featuredmedia":[{"embeddable":true,"href":"https:\/\/hisaronuziraat.com\/index.php\/wp-json\/wp\/v2\/media\/25250"}],"wp:attachment":[{"href":"https:\/\/hisaronuziraat.com\/index.php\/wp-json\/wp\/v2\/media?parent=24336"}],"wp:term":[{"taxonomy":"product_cat","embeddable":true,"href":"https:\/\/hisaronuziraat.com\/index.php\/wp-json\/wp\/v2\/product_cat?post=24336"},{"taxonomy":"product_tag","embeddable":true,"href":"https:\/\/hisaronuziraat.com\/index.php\/wp-json\/wp\/v2\/product_tag?post=24336"}],"curies":[{"name":"wp","href":"https:\/\/api.w.org\/{rel}","templated":true}]}}