{"id":24335,"date":"2022-12-04T22:05:16","date_gmt":"2022-12-04T19:05:16","guid":{"rendered":"https:\/\/hisaronuziraat.com\/site\/?post_type=product&#038;p=24335"},"modified":"2025-11-03T23:27:54","modified_gmt":"2025-11-03T20:27:54","slug":"hanim-dugmesi","status":"publish","type":"product","link":"https:\/\/hisaronuziraat.com\/index.php\/urun\/hanim-dugmesi\/","title":{"rendered":"Han\u0131m D\u00fc\u011fmesi 20 adet"},"content":{"rendered":"<p>Pembe, Mor, Beyaz Tek Renk<\/p>\n<p><strong>Latince ismi:\u00a0<\/strong><strong><em>Gomphrena\u00a0 globosa<\/em><\/strong><\/p>\n<p>\u00c7i\u00e7eklerin \u015fekli d\u00fc\u011fmeye benzedi\u011finden bu isimle an\u0131l\u0131r. Baz\u0131 yerlerde Medine \u00c7i\u00e7e\u011fi olarak da bilinir. Tek y\u0131ll\u0131k bir s\u00fcs bitkisidir. Bahar sonlar\u0131ndan sonbahar aylar\u0131na kadar \u00e7i\u00e7ek a\u00e7arlar. Sezon boyunca bah\u00e7e ve bord\u00fcrlerde kullan\u0131labilece\u011fi gibi kesme \u00e7i\u00e7ek ve kuru \u00e7i\u00e7ek aranjmanlar\u0131 i\u00e7in de uydundur. Bah\u00e7e ve saks\u0131 yeti\u015ftiricili\u011fe uygundur.<\/p>\n<p>&nbsp;<\/p>\n<table border=\"1\" cellspacing=\"0\" cellpadding=\"0\">\n<tbody>\n<tr>\n<td>\n<div><strong>Ekim Derinli\u011fi<\/strong><\/div>\n<\/td>\n<td>\n<div>1-1,5 cm<\/div>\n<\/td>\n<\/tr>\n<tr>\n<td>\n<div><strong>Y\u00fckseklik<\/strong><\/div>\n<\/td>\n<td>\n<div>30-35 cm<\/div>\n<\/td>\n<\/tr>\n<tr>\n<td>\n<div><strong>Renk<\/strong><\/div>\n<\/td>\n<td>\n<div>Pembe, mor , beyaz<\/div>\n<\/td>\n<\/tr>\n<tr>\n<td>\n<div><strong>Ekim zaman\u0131<\/strong><\/div>\n<\/td>\n<td>\n<div>\u0130lkbahar, yaz<\/div>\n<\/td>\n<\/tr>\n<tr>\n<td>\n<div><strong>Tipi<\/strong><\/div>\n<\/td>\n<td>\n<div>Tek Y\u0131ll\u0131k<\/div>\n<\/td>\n<\/tr>\n<tr>\n<td>\n<div><strong>Tahmini \u00c7imlenme G\u00fcn\u00fc<\/strong><\/div>\n<\/td>\n<td>\n<div>15-20 g\u00fcn<\/div>\n<\/td>\n<\/tr>\n<\/tbody>\n<\/table>\n","protected":false},"excerpt":{"rendered":"<p>Pembe, Mor, Beyaz Tek Renk Latince ismi:\u00a0Gomphrena\u00a0 globosa \u00c7i\u00e7eklerin \u015fekli d\u00fc\u011fmeye benzedi\u011finden bu isimle an\u0131l\u0131r. Baz\u0131 yerlerde Medine \u00c7i\u00e7e\u011fi olarak da bilinir. Tek y\u0131ll\u0131k bir s\u00fcs bitkisidir. Bahar sonlar\u0131ndan sonbahar aylar\u0131na kadar \u00e7i\u00e7ek a\u00e7arlar. Sezon boyunca bah\u00e7e ve bord\u00fcrlerde kullan\u0131labilece\u011fi gibi kesme \u00e7i\u00e7ek ve kuru \u00e7i\u00e7ek aranjmanlar\u0131 i\u00e7in de uydundur. Bah\u00e7e ve saks\u0131 yeti\u015ftiricili\u011fe uygundur. [&hellip;]<\/p>\n","protected":false},"featured_media":25258,"comment_status":"open","ping_status":"closed","template":"","meta":[],"product_cat":[85],"product_tag":[],"class_list":{"0":"post-24335","1":"product","2":"type-product","3":"status-publish","4":"has-post-thumbnail","6":"product_cat-cicek","7":"product_brand-arzuman","9":"first","10":"instock","11":"shipping-taxable","12":"purchasable","13":"product-type-simple"},"_links":{"self":[{"href":"https:\/\/hisaronuziraat.com\/index.php\/wp-json\/wp\/v2\/product\/24335","targetHints":{"allow":["GET"]}}],"collection":[{"href":"https:\/\/hisaronuziraat.com\/index.php\/wp-json\/wp\/v2\/product"}],"about":[{"href":"https:\/\/hisaronuziraat.com\/index.php\/wp-json\/wp\/v2\/types\/product"}],"replies":[{"embeddable":true,"href":"https:\/\/hisaronuziraat.com\/index.php\/wp-json\/wp\/v2\/comments?post=24335"}],"wp:featuredmedia":[{"embeddable":true,"href":"https:\/\/hisaronuziraat.com\/index.php\/wp-json\/wp\/v2\/media\/25258"}],"wp:attachment":[{"href":"https:\/\/hisaronuziraat.com\/index.php\/wp-json\/wp\/v2\/media?parent=24335"}],"wp:term":[{"taxonomy":"product_cat","embeddable":true,"href":"https:\/\/hisaronuziraat.com\/index.php\/wp-json\/wp\/v2\/product_cat?post=24335"},{"taxonomy":"product_tag","embeddable":true,"href":"https:\/\/hisaronuziraat.com\/index.php\/wp-json\/wp\/v2\/product_tag?post=24335"}],"curies":[{"name":"wp","href":"https:\/\/api.w.org\/{rel}","templated":true}]}}