{"id":24334,"date":"2022-12-04T22:05:16","date_gmt":"2022-12-04T19:05:16","guid":{"rendered":"https:\/\/hisaronuziraat.com\/site\/?post_type=product&#038;p=24334"},"modified":"2025-06-14T14:11:59","modified_gmt":"2025-06-14T11:11:59","slug":"ates-cicegi","status":"publish","type":"product","link":"https:\/\/hisaronuziraat.com\/index.php\/urun\/ates-cicegi\/","title":{"rendered":"Ate\u015f \u00c7i\u00e7e\u011fi 30 adet"},"content":{"rendered":"<p>K\u0131rm\u0131z\u0131 Renk Tek Y\u0131ll\u0131k<\/p>\n<p><strong>Latince ismi:\u00a0<em>Salvia splendens<\/em><\/strong><\/p>\n<p>Ate\u015f\u00e7i\u00e7e\u011fi, dikine geli\u015fen tek y\u0131ll\u0131k otsu bir bitkidir. Yaz ba\u015flar\u0131nda sonbahara kadar s\u00fcrekli a\u00e7an parlak k\u0131rm\u0131z\u0131 renkli, g\u00f6steri\u015fli \u00e7i\u00e7ek salk\u0131mlar\u0131 ile bah\u00e7elerde kendilerine ayr\u0131lan \u00e7i\u00e7ek tarhlar\u0131nda \u00e7ok g\u00fczel dururlar. Ayr\u0131ca evlerin balkonlar\u0131nda saks\u0131lar i\u00e7inde de yeti\u015ftirilebilirler. Besince zengin, nemli ama suyu iyi ak\u0131nt\u0131l\u0131, bah\u00e7e topraklar\u0131n\u0131 ve bol g\u00fcne\u015fli ortamlar\u0131 seven ate\u015f \u00e7i\u00e7ekleri, hafif g\u00f6lge yerlerde de iyi geli\u015fir.<\/p>\n<table border=\"1\" cellspacing=\"0\" cellpadding=\"0\">\n<tbody>\n<tr>\n<td>\n<div><strong>Ekim Derinli\u011fi<\/strong><\/div>\n<\/td>\n<td>\n<div>1 cm<\/div>\n<\/td>\n<\/tr>\n<tr>\n<td>\n<div><strong>Y\u00fckseklik<\/strong><\/div>\n<\/td>\n<td>\n<div>15-25 cm<\/div>\n<\/td>\n<\/tr>\n<tr>\n<td>\n<div><strong>Renk \u00d6zelli\u011fi<\/strong><\/div>\n<\/td>\n<td>\n<div>Koyu k\u0131rm\u0131z\u0131 renkli<\/div>\n<\/td>\n<\/tr>\n<tr>\n<td>\n<div><strong>Ekim zaman\u0131<\/strong><\/div>\n<\/td>\n<td>\n<div>\u0130lkbahar, yaz aylar\u0131<\/div>\n<\/td>\n<\/tr>\n<tr>\n<td>\n<div><strong>Tipi<\/strong><\/div>\n<\/td>\n<td>\n<div>Tek y\u0131ll\u0131k<\/div>\n<\/td>\n<\/tr>\n<tr>\n<td>\n<div><strong>Tahmini \u00c7imlenme G\u00fcn\u00fc<\/strong><\/div>\n<\/td>\n<td>\n<div>15-20\u00a0g\u00fcn<\/div>\n<\/td>\n<\/tr>\n<\/tbody>\n<\/table>\n","protected":false},"excerpt":{"rendered":"<p>K\u0131rm\u0131z\u0131 Renk Tek Y\u0131ll\u0131k Latince ismi:\u00a0Salvia splendens Ate\u015f\u00e7i\u00e7e\u011fi, dikine geli\u015fen tek y\u0131ll\u0131k otsu bir bitkidir. Yaz ba\u015flar\u0131nda sonbahara kadar s\u00fcrekli a\u00e7an parlak k\u0131rm\u0131z\u0131 renkli, g\u00f6steri\u015fli \u00e7i\u00e7ek salk\u0131mlar\u0131 ile bah\u00e7elerde kendilerine ayr\u0131lan \u00e7i\u00e7ek tarhlar\u0131nda \u00e7ok g\u00fczel dururlar. Ayr\u0131ca evlerin balkonlar\u0131nda saks\u0131lar i\u00e7inde de yeti\u015ftirilebilirler. Besince zengin, nemli ama suyu iyi ak\u0131nt\u0131l\u0131, bah\u00e7e topraklar\u0131n\u0131 ve bol g\u00fcne\u015fli [&hellip;]<\/p>\n","protected":false},"featured_media":25255,"comment_status":"open","ping_status":"closed","template":"","meta":[],"product_cat":[85],"product_tag":[],"class_list":{"0":"post-24334","1":"product","2":"type-product","3":"status-publish","4":"has-post-thumbnail","6":"product_cat-cicek","7":"product_brand-arzuman","9":"first","10":"instock","11":"shipping-taxable","12":"purchasable","13":"product-type-simple"},"_links":{"self":[{"href":"https:\/\/hisaronuziraat.com\/index.php\/wp-json\/wp\/v2\/product\/24334","targetHints":{"allow":["GET"]}}],"collection":[{"href":"https:\/\/hisaronuziraat.com\/index.php\/wp-json\/wp\/v2\/product"}],"about":[{"href":"https:\/\/hisaronuziraat.com\/index.php\/wp-json\/wp\/v2\/types\/product"}],"replies":[{"embeddable":true,"href":"https:\/\/hisaronuziraat.com\/index.php\/wp-json\/wp\/v2\/comments?post=24334"}],"wp:featuredmedia":[{"embeddable":true,"href":"https:\/\/hisaronuziraat.com\/index.php\/wp-json\/wp\/v2\/media\/25255"}],"wp:attachment":[{"href":"https:\/\/hisaronuziraat.com\/index.php\/wp-json\/wp\/v2\/media?parent=24334"}],"wp:term":[{"taxonomy":"product_cat","embeddable":true,"href":"https:\/\/hisaronuziraat.com\/index.php\/wp-json\/wp\/v2\/product_cat?post=24334"},{"taxonomy":"product_tag","embeddable":true,"href":"https:\/\/hisaronuziraat.com\/index.php\/wp-json\/wp\/v2\/product_tag?post=24334"}],"curies":[{"name":"wp","href":"https:\/\/api.w.org\/{rel}","templated":true}]}}