{"id":24333,"date":"2022-12-04T22:05:16","date_gmt":"2022-12-04T19:05:16","guid":{"rendered":"https:\/\/hisaronuziraat.com\/site\/?post_type=product&#038;p=24333"},"modified":"2025-11-03T23:27:12","modified_gmt":"2025-11-03T20:27:12","slug":"ezan-cicegi","status":"publish","type":"product","link":"https:\/\/hisaronuziraat.com\/index.php\/urun\/ezan-cicegi\/","title":{"rendered":"Ezan \u00c7i\u00e7e\u011fi"},"content":{"rendered":"<p>Sar\u0131 Renk \u00c7ok Y\u0131ll\u0131k<\/p>\n<p><strong>Latince ismi:\u00a0<\/strong><em><strong>Oenothera<\/strong><\/em><\/p>\n<p>\u0130smini \u00e7i\u00e7eklerinin ak\u015fam ezan\u0131na do\u011fru a\u00e7mas\u0131ndan al\u0131r. Gece mumu \u00e7i\u00e7e\u011fi olarak da bilinmektedir. G\u00fcne\u015fi \u00e7ok sever. Susuzlu\u011fa dayan\u0131kl\u0131 olmakla beraber nemli topraklarda \u00e7ok daha iyi geli\u015fim g\u00f6sterir. \u00c7ok y\u0131ll\u0131k olup, \u00e7i\u00e7ekleri u\u00e7uk sar\u0131 renkli ve \u00e7anak \u015feklindedir. Ayr\u0131ca ilk y\u0131l \u00e7i\u00e7ek a\u00e7mayabilir. \u00c7i\u00e7ekler may\u0131s ay\u0131nda a\u00e7maya ba\u015flar ve sonbahar aylar\u0131na kadar devam eder. Bah\u00e7e yeti\u015ftiricili\u011fine uygundur.<\/p>\n<p>&nbsp;<\/p>\n<table border=\"1\" cellspacing=\"0\" cellpadding=\"0\">\n<tbody>\n<tr>\n<td>\n<div><strong>Ekim Derinli\u011fi<\/strong><\/div>\n<\/td>\n<td>\n<div>0,5-1 cm<\/div>\n<\/td>\n<\/tr>\n<tr>\n<td>\n<div><strong>Y\u00fckseklik<\/strong><\/div>\n<\/td>\n<td>\n<div>50-100 cm<\/div>\n<\/td>\n<\/tr>\n<tr>\n<td>\n<div><strong>Renk<\/strong><\/div>\n<\/td>\n<td>\n<div>Sar\u0131<\/div>\n<\/td>\n<\/tr>\n<tr>\n<td>\n<div><strong>Ekim zaman\u0131<\/strong><\/div>\n<\/td>\n<td>\n<div>\u0130lkbahar, yaz<\/div>\n<\/td>\n<\/tr>\n<tr>\n<td>\n<div><strong>Tipi<\/strong><\/div>\n<\/td>\n<td>\n<div>\u00c7ok y\u0131ll\u0131k<\/div>\n<\/td>\n<\/tr>\n<tr>\n<td>\n<div><strong>Tahmini \u00c7imlenme G\u00fcn\u00fc<\/strong><\/div>\n<\/td>\n<td>\n<div>20-25 g\u00fcn<\/div>\n<\/td>\n<\/tr>\n<\/tbody>\n<\/table>\n","protected":false},"excerpt":{"rendered":"<p>Sar\u0131 Renk \u00c7ok Y\u0131ll\u0131k Latince ismi:\u00a0Oenothera \u0130smini \u00e7i\u00e7eklerinin ak\u015fam ezan\u0131na do\u011fru a\u00e7mas\u0131ndan al\u0131r. Gece mumu \u00e7i\u00e7e\u011fi olarak da bilinmektedir. G\u00fcne\u015fi \u00e7ok sever. Susuzlu\u011fa dayan\u0131kl\u0131 olmakla beraber nemli topraklarda \u00e7ok daha iyi geli\u015fim g\u00f6sterir. \u00c7ok y\u0131ll\u0131k olup, \u00e7i\u00e7ekleri u\u00e7uk sar\u0131 renkli ve \u00e7anak \u015feklindedir. Ayr\u0131ca ilk y\u0131l \u00e7i\u00e7ek a\u00e7mayabilir. \u00c7i\u00e7ekler may\u0131s ay\u0131nda a\u00e7maya ba\u015flar ve sonbahar [&hellip;]<\/p>\n","protected":false},"featured_media":25352,"comment_status":"open","ping_status":"closed","template":"","meta":[],"product_cat":[85],"product_tag":[],"class_list":{"0":"post-24333","1":"product","2":"type-product","3":"status-publish","4":"has-post-thumbnail","6":"product_cat-cicek","7":"product_brand-arzuman","9":"first","10":"outofstock","11":"shipping-taxable","12":"purchasable","13":"product-type-simple"},"_links":{"self":[{"href":"https:\/\/hisaronuziraat.com\/index.php\/wp-json\/wp\/v2\/product\/24333","targetHints":{"allow":["GET"]}}],"collection":[{"href":"https:\/\/hisaronuziraat.com\/index.php\/wp-json\/wp\/v2\/product"}],"about":[{"href":"https:\/\/hisaronuziraat.com\/index.php\/wp-json\/wp\/v2\/types\/product"}],"replies":[{"embeddable":true,"href":"https:\/\/hisaronuziraat.com\/index.php\/wp-json\/wp\/v2\/comments?post=24333"}],"wp:featuredmedia":[{"embeddable":true,"href":"https:\/\/hisaronuziraat.com\/index.php\/wp-json\/wp\/v2\/media\/25352"}],"wp:attachment":[{"href":"https:\/\/hisaronuziraat.com\/index.php\/wp-json\/wp\/v2\/media?parent=24333"}],"wp:term":[{"taxonomy":"product_cat","embeddable":true,"href":"https:\/\/hisaronuziraat.com\/index.php\/wp-json\/wp\/v2\/product_cat?post=24333"},{"taxonomy":"product_tag","embeddable":true,"href":"https:\/\/hisaronuziraat.com\/index.php\/wp-json\/wp\/v2\/product_tag?post=24333"}],"curies":[{"name":"wp","href":"https:\/\/api.w.org\/{rel}","templated":true}]}}