{"id":24331,"date":"2022-12-04T22:05:15","date_gmt":"2022-12-04T19:05:15","guid":{"rendered":"https:\/\/hisaronuziraat.com\/site\/?post_type=product&#038;p=24331"},"modified":"2025-11-03T23:29:58","modified_gmt":"2025-11-03T20:29:58","slug":"aster-kasimpati","status":"publish","type":"product","link":"https:\/\/hisaronuziraat.com\/index.php\/urun\/aster-kasimpati\/","title":{"rendered":"Aster (Kas\u0131mpat\u0131) 15gr"},"content":{"rendered":"<p>Kar\u0131\u015f\u0131k Renk Tek Y\u0131ll\u0131k<\/p>\n<p>Y\u0131ld\u0131zpat\u0131 , papatyagiller familyas\u0131ndan al\u00e7ak boylu bord\u00fcrler ve \u00e7ay\u0131r i\u00e7lerinde, \u00e7al\u0131 \u00f6nlerinde gruplar da kullan\u0131lmaktad\u0131r. Tek y\u0131ll\u0131k bir bitkidir. Ayd\u0131nl\u0131k ya da g\u00f6lge de yeti\u015febilir. \u00d6zellikle daha g\u00fczel bir \u00e7i\u00e7eklenme i\u00e7in organik maddece zengin, nemli, derin topraklar tercih edilmelidir. Bah\u00e7e yeti\u015ftiricili\u011fine uygundur.<\/p>\n","protected":false},"excerpt":{"rendered":"<p>Kar\u0131\u015f\u0131k Renk Tek Y\u0131ll\u0131k Y\u0131ld\u0131zpat\u0131 , papatyagiller familyas\u0131ndan al\u00e7ak boylu bord\u00fcrler ve \u00e7ay\u0131r i\u00e7lerinde, \u00e7al\u0131 \u00f6nlerinde gruplar da kullan\u0131lmaktad\u0131r. Tek y\u0131ll\u0131k bir bitkidir. Ayd\u0131nl\u0131k ya da g\u00f6lge de yeti\u015febilir. \u00d6zellikle daha g\u00fczel bir \u00e7i\u00e7eklenme i\u00e7in organik maddece zengin, nemli, derin topraklar tercih edilmelidir. Bah\u00e7e yeti\u015ftiricili\u011fine uygundur.<\/p>\n","protected":false},"featured_media":24716,"comment_status":"open","ping_status":"closed","template":"","meta":[],"product_cat":[85],"product_tag":[],"class_list":{"0":"post-24331","1":"product","2":"type-product","3":"status-publish","4":"has-post-thumbnail","6":"product_cat-cicek","7":"product_brand-arzuman","9":"first","10":"instock","11":"shipping-taxable","12":"purchasable","13":"product-type-simple"},"_links":{"self":[{"href":"https:\/\/hisaronuziraat.com\/index.php\/wp-json\/wp\/v2\/product\/24331","targetHints":{"allow":["GET"]}}],"collection":[{"href":"https:\/\/hisaronuziraat.com\/index.php\/wp-json\/wp\/v2\/product"}],"about":[{"href":"https:\/\/hisaronuziraat.com\/index.php\/wp-json\/wp\/v2\/types\/product"}],"replies":[{"embeddable":true,"href":"https:\/\/hisaronuziraat.com\/index.php\/wp-json\/wp\/v2\/comments?post=24331"}],"wp:featuredmedia":[{"embeddable":true,"href":"https:\/\/hisaronuziraat.com\/index.php\/wp-json\/wp\/v2\/media\/24716"}],"wp:attachment":[{"href":"https:\/\/hisaronuziraat.com\/index.php\/wp-json\/wp\/v2\/media?parent=24331"}],"wp:term":[{"taxonomy":"product_cat","embeddable":true,"href":"https:\/\/hisaronuziraat.com\/index.php\/wp-json\/wp\/v2\/product_cat?post=24331"},{"taxonomy":"product_tag","embeddable":true,"href":"https:\/\/hisaronuziraat.com\/index.php\/wp-json\/wp\/v2\/product_tag?post=24331"}],"curies":[{"name":"wp","href":"https:\/\/api.w.org\/{rel}","templated":true}]}}