{"id":24330,"date":"2022-12-04T22:05:15","date_gmt":"2022-12-04T19:05:15","guid":{"rendered":"https:\/\/hisaronuziraat.com\/site\/?post_type=product&#038;p=24330"},"modified":"2025-11-03T23:29:35","modified_gmt":"2025-11-03T20:29:35","slug":"aksam-sefasi","status":"publish","type":"product","link":"https:\/\/hisaronuziraat.com\/index.php\/urun\/aksam-sefasi\/","title":{"rendered":"Ak\u015fam Sefas\u0131 25 adet"},"content":{"rendered":"<p>Kar\u0131\u015f\u0131k Renk Tek Y\u0131ll\u0131k<\/p>\n<p>Mis kokulu ve kar\u0131\u015f\u0131k renkli bir \u00e7i\u00e7ektir. Tek y\u0131ll\u0131k olup g\u00fcne\u015fin etkisi azald\u0131ktan sonra a\u00e7maya ba\u015flar. \u00c7i\u00e7eklenme mevsimi yaz ve sonbahar boyunca devam eder. G\u00fcne\u015fi tercih eder ancak yar\u0131 g\u00f6lgede de yeti\u015ftirilebilir. Her \u00e7e\u015fit toprakta yeti\u015ftirilebilir. Tohumlar\u0131 iri ve siyaht\u0131r. So\u011fu\u011fa dayan\u0131kl\u0131d\u0131r. Bah\u00e7e yeti\u015ftiricili\u011fine uygundur.<\/p>\n","protected":false},"excerpt":{"rendered":"<p>Kar\u0131\u015f\u0131k Renk Tek Y\u0131ll\u0131k Mis kokulu ve kar\u0131\u015f\u0131k renkli bir \u00e7i\u00e7ektir. Tek y\u0131ll\u0131k olup g\u00fcne\u015fin etkisi azald\u0131ktan sonra a\u00e7maya ba\u015flar. \u00c7i\u00e7eklenme mevsimi yaz ve sonbahar boyunca devam eder. G\u00fcne\u015fi tercih eder ancak yar\u0131 g\u00f6lgede de yeti\u015ftirilebilir. Her \u00e7e\u015fit toprakta yeti\u015ftirilebilir. Tohumlar\u0131 iri ve siyaht\u0131r. So\u011fu\u011fa dayan\u0131kl\u0131d\u0131r. Bah\u00e7e yeti\u015ftiricili\u011fine uygundur.<\/p>\n","protected":false},"featured_media":24719,"comment_status":"open","ping_status":"closed","template":"","meta":[],"product_cat":[85],"product_tag":[],"class_list":{"0":"post-24330","1":"product","2":"type-product","3":"status-publish","4":"has-post-thumbnail","6":"product_cat-cicek","7":"product_brand-arzuman","9":"first","10":"instock","11":"shipping-taxable","12":"purchasable","13":"product-type-simple"},"_links":{"self":[{"href":"https:\/\/hisaronuziraat.com\/index.php\/wp-json\/wp\/v2\/product\/24330","targetHints":{"allow":["GET"]}}],"collection":[{"href":"https:\/\/hisaronuziraat.com\/index.php\/wp-json\/wp\/v2\/product"}],"about":[{"href":"https:\/\/hisaronuziraat.com\/index.php\/wp-json\/wp\/v2\/types\/product"}],"replies":[{"embeddable":true,"href":"https:\/\/hisaronuziraat.com\/index.php\/wp-json\/wp\/v2\/comments?post=24330"}],"wp:featuredmedia":[{"embeddable":true,"href":"https:\/\/hisaronuziraat.com\/index.php\/wp-json\/wp\/v2\/media\/24719"}],"wp:attachment":[{"href":"https:\/\/hisaronuziraat.com\/index.php\/wp-json\/wp\/v2\/media?parent=24330"}],"wp:term":[{"taxonomy":"product_cat","embeddable":true,"href":"https:\/\/hisaronuziraat.com\/index.php\/wp-json\/wp\/v2\/product_cat?post=24330"},{"taxonomy":"product_tag","embeddable":true,"href":"https:\/\/hisaronuziraat.com\/index.php\/wp-json\/wp\/v2\/product_tag?post=24330"}],"curies":[{"name":"wp","href":"https:\/\/api.w.org\/{rel}","templated":true}]}}