{"id":24328,"date":"2022-12-04T22:05:15","date_gmt":"2022-12-04T19:05:15","guid":{"rendered":"https:\/\/hisaronuziraat.com\/site\/?post_type=product&#038;p=24328"},"modified":"2025-11-03T23:29:20","modified_gmt":"2025-11-03T20:29:20","slug":"papatya-kir","status":"publish","type":"product","link":"https:\/\/hisaronuziraat.com\/index.php\/urun\/papatya-kir\/","title":{"rendered":"Papatya (K\u0131r) 100 adet"},"content":{"rendered":"<p>Zarif yap\u0131lar\u0131 ile papatyalar \u00e7i\u00e7ek d\u00fcnyas\u0131n\u0131n popular s\u00fcs bitkilerinden biridirler. T\u0131bbi aromatik bir bitkidir. Ortas\u0131 sar\u0131 \u00e7evresi beyaz pedall\u0131 ve k\u0131ll\u0131 dallar\u0131 vard\u0131r. Haziran-Temmuz aylar\u0131nda \u00e7i\u00e7ek a\u00e7arlar. Yaz s\u0131caklar\u0131nda topra\u011f\u0131n nemli kalmas\u0131na dikkat edilmeli. Yaz s\u0131caklar\u0131na \u00e7ok uzun s\u00fcre dayanamaz. Tohumlar bahar\u0131n ba\u015f\u0131nda ya da sonbahar\u0131n sonunda ekilir. Park ve bah\u00e7elerde tek olarak bordur bitkisi olarak kullan\u0131labilir. Vazo aranjmanlar\u0131n da kullan\u0131labilir. Saks\u0131da da yeti\u015ftirilebilir.<\/p>\n","protected":false},"excerpt":{"rendered":"<p>Zarif yap\u0131lar\u0131 ile papatyalar \u00e7i\u00e7ek d\u00fcnyas\u0131n\u0131n popular s\u00fcs bitkilerinden biridirler. T\u0131bbi aromatik bir bitkidir. Ortas\u0131 sar\u0131 \u00e7evresi beyaz pedall\u0131 ve k\u0131ll\u0131 dallar\u0131 vard\u0131r. Haziran-Temmuz aylar\u0131nda \u00e7i\u00e7ek a\u00e7arlar. Yaz s\u0131caklar\u0131nda topra\u011f\u0131n nemli kalmas\u0131na dikkat edilmeli. Yaz s\u0131caklar\u0131na \u00e7ok uzun s\u00fcre dayanamaz. Tohumlar bahar\u0131n ba\u015f\u0131nda ya da sonbahar\u0131n sonunda ekilir. Park ve bah\u00e7elerde tek olarak bordur bitkisi [&hellip;]<\/p>\n","protected":false},"featured_media":24722,"comment_status":"open","ping_status":"closed","template":"","meta":[],"product_cat":[85],"product_tag":[],"class_list":{"0":"post-24328","1":"product","2":"type-product","3":"status-publish","4":"has-post-thumbnail","6":"product_cat-cicek","7":"product_brand-arzuman","9":"first","10":"instock","11":"shipping-taxable","12":"purchasable","13":"product-type-simple"},"_links":{"self":[{"href":"https:\/\/hisaronuziraat.com\/index.php\/wp-json\/wp\/v2\/product\/24328","targetHints":{"allow":["GET"]}}],"collection":[{"href":"https:\/\/hisaronuziraat.com\/index.php\/wp-json\/wp\/v2\/product"}],"about":[{"href":"https:\/\/hisaronuziraat.com\/index.php\/wp-json\/wp\/v2\/types\/product"}],"replies":[{"embeddable":true,"href":"https:\/\/hisaronuziraat.com\/index.php\/wp-json\/wp\/v2\/comments?post=24328"}],"wp:featuredmedia":[{"embeddable":true,"href":"https:\/\/hisaronuziraat.com\/index.php\/wp-json\/wp\/v2\/media\/24722"}],"wp:attachment":[{"href":"https:\/\/hisaronuziraat.com\/index.php\/wp-json\/wp\/v2\/media?parent=24328"}],"wp:term":[{"taxonomy":"product_cat","embeddable":true,"href":"https:\/\/hisaronuziraat.com\/index.php\/wp-json\/wp\/v2\/product_cat?post=24328"},{"taxonomy":"product_tag","embeddable":true,"href":"https:\/\/hisaronuziraat.com\/index.php\/wp-json\/wp\/v2\/product_tag?post=24328"}],"curies":[{"name":"wp","href":"https:\/\/api.w.org\/{rel}","templated":true}]}}