{"id":24326,"date":"2022-12-04T22:05:14","date_gmt":"2022-12-04T19:05:14","guid":{"rendered":"https:\/\/hisaronuziraat.com\/site\/?post_type=product&#038;p=24326"},"modified":"2025-11-03T23:30:42","modified_gmt":"2025-11-03T20:30:42","slug":"adacayi","status":"publish","type":"product","link":"https:\/\/hisaronuziraat.com\/index.php\/urun\/adacayi\/","title":{"rendered":"Ada\u00e7ay\u0131 50 adet"},"content":{"rendered":"<p>Ye\u015fil Renk \u00c7ok Y\u0131ll\u0131k<br \/>\nAda\u00e7ay\u0131 s\u0131ca\u011f\u0131 seven \u00e7ok y\u0131ll\u0131k, t\u0131bbi ve aromatik bir bitkidir. A\u015f\u0131r\u0131 so\u011fuklara dayan\u0131m\u0131 d\u00fc\u015f\u00fckt\u00fcr. Bah\u00e7ede s\u00fcs bitkisi olarak da yeti\u015ftirilebilir. K\u00fc\u00e7\u00fck \u00e7i\u00e7ekleri salk\u0131m \u00fczerinde toplam\u0131\u015f olup mor tonlar\u0131ndad\u0131r. Yapraklar\u0131 t\u00fcyl\u00fc beyaz\u0131mt\u0131rak, \u0131t\u0131rl\u0131 bir bitkidir. Bitki yapraklar\u0131 ya\u015f ve kuru olarak de\u011ferlendirilir. Bah\u00e7e yeti\u015ftiricili\u011fine uygundur.<\/p>\n<p>&nbsp;<\/p>\n","protected":false},"excerpt":{"rendered":"<p>Ye\u015fil Renk \u00c7ok Y\u0131ll\u0131k Ada\u00e7ay\u0131 s\u0131ca\u011f\u0131 seven \u00e7ok y\u0131ll\u0131k, t\u0131bbi ve aromatik bir bitkidir. A\u015f\u0131r\u0131 so\u011fuklara dayan\u0131m\u0131 d\u00fc\u015f\u00fckt\u00fcr. Bah\u00e7ede s\u00fcs bitkisi olarak da yeti\u015ftirilebilir. K\u00fc\u00e7\u00fck \u00e7i\u00e7ekleri salk\u0131m \u00fczerinde toplam\u0131\u015f olup mor tonlar\u0131ndad\u0131r. Yapraklar\u0131 t\u00fcyl\u00fc beyaz\u0131mt\u0131rak, \u0131t\u0131rl\u0131 bir bitkidir. Bitki yapraklar\u0131 ya\u015f ve kuru olarak de\u011ferlendirilir. Bah\u00e7e yeti\u015ftiricili\u011fine uygundur. &nbsp;<\/p>\n","protected":false},"featured_media":24707,"comment_status":"open","ping_status":"closed","template":"","meta":[],"product_cat":[87],"product_tag":[],"class_list":{"0":"post-24326","1":"product","2":"type-product","3":"status-publish","4":"has-post-thumbnail","6":"product_cat-tibbi-bitki","7":"product_brand-arzuman","9":"first","10":"instock","11":"shipping-taxable","12":"purchasable","13":"product-type-simple"},"_links":{"self":[{"href":"https:\/\/hisaronuziraat.com\/index.php\/wp-json\/wp\/v2\/product\/24326","targetHints":{"allow":["GET"]}}],"collection":[{"href":"https:\/\/hisaronuziraat.com\/index.php\/wp-json\/wp\/v2\/product"}],"about":[{"href":"https:\/\/hisaronuziraat.com\/index.php\/wp-json\/wp\/v2\/types\/product"}],"replies":[{"embeddable":true,"href":"https:\/\/hisaronuziraat.com\/index.php\/wp-json\/wp\/v2\/comments?post=24326"}],"wp:featuredmedia":[{"embeddable":true,"href":"https:\/\/hisaronuziraat.com\/index.php\/wp-json\/wp\/v2\/media\/24707"}],"wp:attachment":[{"href":"https:\/\/hisaronuziraat.com\/index.php\/wp-json\/wp\/v2\/media?parent=24326"}],"wp:term":[{"taxonomy":"product_cat","embeddable":true,"href":"https:\/\/hisaronuziraat.com\/index.php\/wp-json\/wp\/v2\/product_cat?post=24326"},{"taxonomy":"product_tag","embeddable":true,"href":"https:\/\/hisaronuziraat.com\/index.php\/wp-json\/wp\/v2\/product_tag?post=24326"}],"curies":[{"name":"wp","href":"https:\/\/api.w.org\/{rel}","templated":true}]}}