{"id":24322,"date":"2022-12-04T22:05:13","date_gmt":"2022-12-04T19:05:13","guid":{"rendered":"https:\/\/hisaronuziraat.com\/site\/?post_type=product&amp;p=24322"},"modified":"2022-12-04T22:05:13","modified_gmt":"2022-12-04T19:05:13","slug":"cigdem-beyaz-1-adet","status":"publish","type":"product","link":"https:\/\/hisaronuziraat.com\/index.php\/urun\/cigdem-beyaz-1-adet\/","title":{"rendered":"\u00c7i\u011fdem Beyaz 1 adet"},"content":{"rendered":"<p>Beyaz Renkli, \u00c7ok Y\u0131ll\u0131k<\/p>\n","protected":false},"excerpt":{"rendered":"<p>Beyaz Renkli, \u00c7ok Y\u0131ll\u0131k<\/p>\n","protected":false},"featured_media":24352,"comment_status":"open","ping_status":"closed","template":"","meta":[],"product_cat":[85],"product_tag":[],"class_list":{"0":"post-24322","1":"product","2":"type-product","3":"status-publish","4":"has-post-thumbnail","6":"product_cat-cicek","7":"product_brand-atlas-lale","9":"first","10":"outofstock","11":"shipping-taxable","12":"product-type-simple"},"_links":{"self":[{"href":"https:\/\/hisaronuziraat.com\/index.php\/wp-json\/wp\/v2\/product\/24322","targetHints":{"allow":["GET"]}}],"collection":[{"href":"https:\/\/hisaronuziraat.com\/index.php\/wp-json\/wp\/v2\/product"}],"about":[{"href":"https:\/\/hisaronuziraat.com\/index.php\/wp-json\/wp\/v2\/types\/product"}],"replies":[{"embeddable":true,"href":"https:\/\/hisaronuziraat.com\/index.php\/wp-json\/wp\/v2\/comments?post=24322"}],"wp:featuredmedia":[{"embeddable":true,"href":"https:\/\/hisaronuziraat.com\/index.php\/wp-json\/wp\/v2\/media\/24352"}],"wp:attachment":[{"href":"https:\/\/hisaronuziraat.com\/index.php\/wp-json\/wp\/v2\/media?parent=24322"}],"wp:term":[{"taxonomy":"product_cat","embeddable":true,"href":"https:\/\/hisaronuziraat.com\/index.php\/wp-json\/wp\/v2\/product_cat?post=24322"},{"taxonomy":"product_tag","embeddable":true,"href":"https:\/\/hisaronuziraat.com\/index.php\/wp-json\/wp\/v2\/product_tag?post=24322"}],"curies":[{"name":"wp","href":"https:\/\/api.w.org\/{rel}","templated":true}]}}