{"id":9,"date":"2024-07-18T15:07:52","date_gmt":"2024-07-18T12:07:52","guid":{"rendered":"https:\/\/hisaronuziraat.com\/site\/index.php\/sepet\/"},"modified":"2025-03-17T17:55:15","modified_gmt":"2025-03-17T14:55:15","slug":"sepet","status":"publish","type":"page","link":"https:\/\/hisaronuziraat.com\/index.php\/sepet\/","title":{"rendered":"Sepet"},"content":{"rendered":"<div data-block-name=\"woocommerce\/cart\" class=\"wp-block-woocommerce-cart alignwide is-loading\"><div data-block-name=\"woocommerce\/filled-cart-block\" class=\"wp-block-woocommerce-filled-cart-block\"><div data-block-name=\"woocommerce\/cart-items-block\" class=\"wp-block-woocommerce-cart-items-block\"><div data-block-name=\"woocommerce\/cart-line-items-block\" class=\"wp-block-woocommerce-cart-line-items-block\"><\/div>\n\n<div data-block-name=\"woocommerce\/cart-cross-sells-block\" class=\"wp-block-woocommerce-cart-cross-sells-block\">\n<h2 class=\"wp-block-heading has-large-font-size\">\u0130lginizi \u00e7ekebilir\u2026<\/h2>\n\n\n<div data-block-name=\"woocommerce\/cart-cross-sells-products-block\" class=\"wp-block-woocommerce-cart-cross-sells-products-block\"><\/div><\/div><\/div>\n\n<div data-block-name=\"woocommerce\/cart-totals-block\" class=\"wp-block-woocommerce-cart-totals-block\"><div data-block-name=\"woocommerce\/cart-order-summary-block\" class=\"wp-block-woocommerce-cart-order-summary-block\"><div data-block-name=\"woocommerce\/cart-order-summary-heading-block\" class=\"wp-block-woocommerce-cart-order-summary-heading-block\"><\/div><div data-block-name=\"woocommerce\/cart-order-summary-coupon-form-block\" class=\"wp-block-woocommerce-cart-order-summary-coupon-form-block\"><\/div><div data-block-name=\"woocommerce\/cart-order-summary-totals-block\" class=\"wp-block-woocommerce-cart-order-summary-totals-block\">\n<div data-block-name=\"woocommerce\/cart-order-summary-subtotal-block\" class=\"wp-block-woocommerce-cart-order-summary-subtotal-block\"><\/div>\n<div data-block-name=\"woocommerce\/cart-order-summary-discount-block\" class=\"wp-block-woocommerce-cart-order-summary-discount-block\"><\/div>\n<div data-block-name=\"woocommerce\/cart-order-summary-fee-block\" class=\"wp-block-woocommerce-cart-order-summary-fee-block\"><\/div>\n<div data-block-name=\"woocommerce\/cart-order-summary-shipping-block\" class=\"wp-block-woocommerce-cart-order-summary-shipping-block\"><\/div>\n<div data-block-name=\"woocommerce\/cart-order-summary-taxes-block\" class=\"wp-block-woocommerce-cart-order-summary-taxes-block\"><\/div><\/div><\/div>\n\n<div data-block-name=\"woocommerce\/cart-express-payment-block\" class=\"wp-block-woocommerce-cart-express-payment-block\"><\/div>\n\n<div data-block-name=\"woocommerce\/proceed-to-checkout-block\" class=\"wp-block-woocommerce-proceed-to-checkout-block\"><\/div>\n\n<div data-block-name=\"woocommerce\/cart-accepted-payment-methods-block\" class=\"wp-block-woocommerce-cart-accepted-payment-methods-block\"><\/div><\/div><\/div>\n\n<div data-block-name=\"woocommerce\/empty-cart-block\" class=\"wp-block-woocommerce-empty-cart-block\">\n<h2 class=\"wp-block-heading has-text-align-center with-empty-cart-icon wc-block-cart__empty-cart__title\">Sepetiniz \u015fu anda bo\u015f!<\/h2>\n\n\n\n<hr class=\"wp-block-separator has-alpha-channel-opacity is-style-dots\"\/>\n\n\n\n<h2 class=\"wp-block-heading has-text-align-center\">Ma\u011fazada yeni<\/h2>\n\n\n<div data-block-name=\"woocommerce\/product-new\" data-columns=\"4\" data-rows=\"1\" class=\"wc-block-grid wp-block-product-new wc-block-product-new has-4-columns\"><ul class=\"wc-block-grid__products\"><li class=\"wc-block-grid__product\">\n\t\t\t\t<a href=\"https:\/\/hisaronuziraat.com\/index.php\/urun\/cigdem-mor-1-adet\/\" class=\"wc-block-grid__product-link\">\n\t\t\t\t\t\n\t\t\t\t\t<div class=\"wc-block-grid__product-image\"><img fetchpriority=\"high\" decoding=\"async\" width=\"570\" height=\"570\" src=\"https:\/\/hisaronuziraat.com\/wp-content\/uploads\/2022\/12\/buyuleyici-eflatun-renkli-grand-maitre-cigdem-sogani-5-adet-kc4426113-1-3bd9ca3013c64a5d8e8b312ac3929e17-570x570.jpg\" class=\"attachment-woocommerce_thumbnail size-woocommerce_thumbnail\" alt=\"\u00c7i\u011fdem Mor 1 adet\" srcset=\"https:\/\/hisaronuziraat.com\/wp-content\/uploads\/2022\/12\/buyuleyici-eflatun-renkli-grand-maitre-cigdem-sogani-5-adet-kc4426113-1-3bd9ca3013c64a5d8e8b312ac3929e17-570x570.jpg 570w, https:\/\/hisaronuziraat.com\/wp-content\/uploads\/2022\/12\/buyuleyici-eflatun-renkli-grand-maitre-cigdem-sogani-5-adet-kc4426113-1-3bd9ca3013c64a5d8e8b312ac3929e17-130x130.jpg 130w, https:\/\/hisaronuziraat.com\/wp-content\/uploads\/2022\/12\/buyuleyici-eflatun-renkli-grand-maitre-cigdem-sogani-5-adet-kc4426113-1-3bd9ca3013c64a5d8e8b312ac3929e17-150x150.jpg 150w\" sizes=\"(max-width: 570px) 100vw, 570px\" \/><\/div>\n\t\t\t\t\t<div class=\"wc-block-grid__product-title\">\u00c7i\u011fdem Mor 1 adet<\/div>\n\t\t\t\t<\/a>\n\t\t\t\t<div class=\"wc-block-grid__product-price price\"><\/div>\n\t\t\t\t\n\t\t\t\t<div class=\"wp-block-button wc-block-grid__product-add-to-cart\"><a href=\"https:\/\/hisaronuziraat.com\/index.php\/urun\/cigdem-mor-1-adet\/\" aria-label=\"Read more about &ldquo;\u00c7i\u011fdem Mor 1 adet&rdquo;\" data-quantity=\"1\" data-product_id=\"25358\" data-product_sku=\"2022HZ18-1-1\" data-price=\"0\" rel=\"nofollow\" class=\"wp-block-button__link  add_to_cart_button\">Read more<\/a><\/div>\n\t\t\t<\/li><li class=\"wc-block-grid__product\">\n\t\t\t\t<a href=\"https:\/\/hisaronuziraat.com\/index.php\/urun\/cigdem-sari-1-adet\/\" class=\"wc-block-grid__product-link\">\n\t\t\t\t\t\n\t\t\t\t\t<div class=\"wc-block-grid__product-image\"><img decoding=\"async\" width=\"500\" height=\"500\" src=\"https:\/\/hisaronuziraat.com\/wp-content\/uploads\/2022\/12\/11200286195762.jpg\" class=\"attachment-woocommerce_thumbnail size-woocommerce_thumbnail\" alt=\"\u00c7i\u011fdem Sar\u0131 1 adet\" srcset=\"https:\/\/hisaronuziraat.com\/wp-content\/uploads\/2022\/12\/11200286195762.jpg 500w, https:\/\/hisaronuziraat.com\/wp-content\/uploads\/2022\/12\/11200286195762-130x130.jpg 130w, https:\/\/hisaronuziraat.com\/wp-content\/uploads\/2022\/12\/11200286195762-300x300.jpg 300w, https:\/\/hisaronuziraat.com\/wp-content\/uploads\/2022\/12\/11200286195762-150x150.jpg 150w\" sizes=\"(max-width: 500px) 100vw, 500px\" \/><\/div>\n\t\t\t\t\t<div class=\"wc-block-grid__product-title\">\u00c7i\u011fdem Sar\u0131 1 adet<\/div>\n\t\t\t\t<\/a>\n\t\t\t\t<div class=\"wc-block-grid__product-price price\"><\/div>\n\t\t\t\t\n\t\t\t\t<div class=\"wp-block-button wc-block-grid__product-add-to-cart\"><a href=\"https:\/\/hisaronuziraat.com\/index.php\/urun\/cigdem-sari-1-adet\/\" aria-label=\"Read more about &ldquo;\u00c7i\u011fdem Sar\u0131 1 adet&rdquo;\" data-quantity=\"1\" data-product_id=\"25355\" data-product_sku=\"2022HZ18-1\" data-price=\"0\" rel=\"nofollow\" class=\"wp-block-button__link  add_to_cart_button\">Read more<\/a><\/div>\n\t\t\t<\/li><li class=\"wc-block-grid__product\">\n\t\t\t\t<a href=\"https:\/\/hisaronuziraat.com\/index.php\/urun\/sirt-pompasi-5lt\/\" class=\"wc-block-grid__product-link\">\n\t\t\t\t\t\n\t\t\t\t\t<div class=\"wc-block-grid__product-image\"><img decoding=\"async\" width=\"550\" height=\"550\" src=\"https:\/\/hisaronuziraat.com\/wp-content\/uploads\/2022\/12\/format_webp-1.webp\" class=\"attachment-woocommerce_thumbnail size-woocommerce_thumbnail\" alt=\"S\u0131rt Pompas\u0131 5lt\" srcset=\"https:\/\/hisaronuziraat.com\/wp-content\/uploads\/2022\/12\/format_webp-1.webp 550w, https:\/\/hisaronuziraat.com\/wp-content\/uploads\/2022\/12\/format_webp-1-130x130.webp 130w, https:\/\/hisaronuziraat.com\/wp-content\/uploads\/2022\/12\/format_webp-1-300x300.webp 300w, https:\/\/hisaronuziraat.com\/wp-content\/uploads\/2022\/12\/format_webp-1-150x150.webp 150w\" sizes=\"(max-width: 550px) 100vw, 550px\" \/><\/div>\n\t\t\t\t\t<div class=\"wc-block-grid__product-title\">S\u0131rt Pompas\u0131 5lt<\/div>\n\t\t\t\t<\/a>\n\t\t\t\t<div class=\"wc-block-grid__product-price price\"><span class=\"woocommerce-Price-amount amount\"><span class=\"woocommerce-Price-currencySymbol\">&#8378;<\/span>850,00<\/span><\/div>\n\t\t\t\t\n\t\t\t\t<div class=\"wp-block-button wc-block-grid__product-add-to-cart\"><a href=\"?add-to-cart=25345\" aria-label=\"Add to cart: &ldquo;S\u0131rt Pompas\u0131 5lt&rdquo;\" data-quantity=\"1\" data-product_id=\"25345\" data-product_sku=\"\" data-price=\"850\" rel=\"nofollow\" class=\"wp-block-button__link  add_to_cart_button ajax_add_to_cart\">Add to cart<\/a><\/div>\n\t\t\t<\/li><li class=\"wc-block-grid__product\">\n\t\t\t\t<a href=\"https:\/\/hisaronuziraat.com\/index.php\/urun\/sirt-pompasi-10lt\/\" class=\"wc-block-grid__product-link\">\n\t\t\t\t\t\n\t\t\t\t\t<div class=\"wc-block-grid__product-image\"><img loading=\"lazy\" decoding=\"async\" width=\"500\" height=\"500\" src=\"https:\/\/hisaronuziraat.com\/wp-content\/uploads\/2022\/12\/11054420394034-1.jpg\" class=\"attachment-woocommerce_thumbnail size-woocommerce_thumbnail\" alt=\"S\u0131rt Pompas\u0131 10lt\" srcset=\"https:\/\/hisaronuziraat.com\/wp-content\/uploads\/2022\/12\/11054420394034-1.jpg 500w, https:\/\/hisaronuziraat.com\/wp-content\/uploads\/2022\/12\/11054420394034-1-130x130.jpg 130w, https:\/\/hisaronuziraat.com\/wp-content\/uploads\/2022\/12\/11054420394034-1-300x300.jpg 300w, https:\/\/hisaronuziraat.com\/wp-content\/uploads\/2022\/12\/11054420394034-1-150x150.jpg 150w\" sizes=\"(max-width: 500px) 100vw, 500px\" \/><\/div>\n\t\t\t\t\t<div class=\"wc-block-grid__product-title\">S\u0131rt Pompas\u0131 10lt<\/div>\n\t\t\t\t<\/a>\n\t\t\t\t<div class=\"wc-block-grid__product-price price\"><span class=\"woocommerce-Price-amount amount\"><span class=\"woocommerce-Price-currencySymbol\">&#8378;<\/span>1.000,00<\/span><\/div>\n\t\t\t\t\n\t\t\t\t<div class=\"wp-block-button wc-block-grid__product-add-to-cart\"><a href=\"?add-to-cart=25342\" aria-label=\"Add to cart: &ldquo;S\u0131rt Pompas\u0131 10lt&rdquo;\" data-quantity=\"1\" data-product_id=\"25342\" data-product_sku=\"\" data-price=\"1000\" rel=\"nofollow\" class=\"wp-block-button__link  add_to_cart_button ajax_add_to_cart\">Add to cart<\/a><\/div>\n\t\t\t<\/li><\/ul><\/div><\/div><\/div>","protected":false},"excerpt":{"rendered":"","protected":false},"author":1,"featured_media":0,"parent":0,"menu_order":0,"comment_status":"closed","ping_status":"closed","template":"","meta":{"footnotes":""},"class_list":["post-9","page","type-page","status-publish","hentry"],"_links":{"self":[{"href":"https:\/\/hisaronuziraat.com\/index.php\/wp-json\/wp\/v2\/pages\/9","targetHints":{"allow":["GET"]}}],"collection":[{"href":"https:\/\/hisaronuziraat.com\/index.php\/wp-json\/wp\/v2\/pages"}],"about":[{"href":"https:\/\/hisaronuziraat.com\/index.php\/wp-json\/wp\/v2\/types\/page"}],"author":[{"embeddable":true,"href":"https:\/\/hisaronuziraat.com\/index.php\/wp-json\/wp\/v2\/users\/1"}],"replies":[{"embeddable":true,"href":"https:\/\/hisaronuziraat.com\/index.php\/wp-json\/wp\/v2\/comments?post=9"}],"version-history":[{"count":1,"href":"https:\/\/hisaronuziraat.com\/index.php\/wp-json\/wp\/v2\/pages\/9\/revisions"}],"predecessor-version":[{"id":25692,"href":"https:\/\/hisaronuziraat.com\/index.php\/wp-json\/wp\/v2\/pages\/9\/revisions\/25692"}],"wp:attachment":[{"href":"https:\/\/hisaronuziraat.com\/index.php\/wp-json\/wp\/v2\/media?parent=9"}],"curies":[{"name":"wp","href":"https:\/\/api.w.org\/{rel}","templated":true}]}}