{"id":633,"date":"2020-10-13T09:00:26","date_gmt":"2020-10-13T09:00:26","guid":{"rendered":"http:\/\/localhost\/razzi\/?page_id=633"},"modified":"2025-03-17T16:46:08","modified_gmt":"2025-03-17T13:46:08","slug":"hakkimizda","status":"publish","type":"page","link":"https:\/\/hisaronuziraat.com\/index.php\/hakkimizda\/","title":{"rendered":"Hakk\u0131m\u0131zda"},"content":{"rendered":"\t\t<div data-elementor-type=\"wp-page\" data-elementor-id=\"633\" class=\"elementor elementor-633\">\n\t\t\t\t\t\t<section class=\"elementor-section elementor-top-section elementor-element elementor-element-b1be108 elementor-section-boxed elementor-section-height-default elementor-section-height-default\" data-id=\"b1be108\" data-element_type=\"section\" data-settings=\"{&quot;background_background&quot;:&quot;classic&quot;}\">\n\t\t\t\t\t\t<div class=\"elementor-container elementor-column-gap-no\">\n\t\t\t\t\t<div class=\"elementor-column elementor-col-100 elementor-top-column elementor-element elementor-element-2e0515c\" data-id=\"2e0515c\" data-element_type=\"column\" data-settings=\"{&quot;background_background&quot;:&quot;classic&quot;}\">\n\t\t\t<div class=\"elementor-widget-wrap elementor-element-populated\">\n\t\t\t\t\t\t<div class=\"elementor-element elementor-element-062d9d3 elementor-widget elementor-widget-heading\" data-id=\"062d9d3\" data-element_type=\"widget\" data-widget_type=\"heading.default\">\n\t\t\t\t<div class=\"elementor-widget-container\">\n\t\t\t<style>\/*! elementor - v3.23.0 - 15-07-2024 *\/\n.elementor-heading-title{padding:0;margin:0;line-height:1}.elementor-widget-heading .elementor-heading-title[class*=elementor-size-]>a{color:inherit;font-size:inherit;line-height:inherit}.elementor-widget-heading .elementor-heading-title.elementor-size-small{font-size:15px}.elementor-widget-heading .elementor-heading-title.elementor-size-medium{font-size:19px}.elementor-widget-heading .elementor-heading-title.elementor-size-large{font-size:29px}.elementor-widget-heading .elementor-heading-title.elementor-size-xl{font-size:39px}.elementor-widget-heading .elementor-heading-title.elementor-size-xxl{font-size:59px}<\/style><h2 class=\"elementor-heading-title elementor-size-default\">Verimli Topraklar, G\u00fc\u00e7l\u00fc \u00dcr\u00fcnler!<\/h2>\t\t<\/div>\n\t\t\t\t<\/div>\n\t\t\t\t\t<\/div>\n\t\t<\/div>\n\t\t\t\t\t<\/div>\n\t\t<\/section>\n\t\t\t\t<section class=\"elementor-section elementor-top-section elementor-element elementor-element-a9435d9 elementor-section-boxed elementor-section-height-default elementor-section-height-default\" data-id=\"a9435d9\" data-element_type=\"section\">\n\t\t\t\t\t\t<div class=\"elementor-container elementor-column-gap-extended\">\n\t\t\t\t\t<div class=\"elementor-column elementor-col-50 elementor-top-column elementor-element elementor-element-2ca6e37\" data-id=\"2ca6e37\" data-element_type=\"column\">\n\t\t\t<div class=\"elementor-widget-wrap elementor-element-populated\">\n\t\t\t\t\t\t<div class=\"elementor-element elementor-element-19a047b elementor-widget elementor-widget-image\" data-id=\"19a047b\" data-element_type=\"widget\" data-widget_type=\"image.default\">\n\t\t\t\t<div class=\"elementor-widget-container\">\n\t\t\t<style>\/*! elementor - v3.23.0 - 15-07-2024 *\/\n.elementor-widget-image{text-align:center}.elementor-widget-image a{display:inline-block}.elementor-widget-image a img[src$=\".svg\"]{width:48px}.elementor-widget-image img{vertical-align:middle;display:inline-block}<\/style>\t\t\t\t\t\t\t\t\t\t<img fetchpriority=\"high\" decoding=\"async\" width=\"640\" height=\"391\" src=\"https:\/\/hisaronuziraat.com\/wp-content\/uploads\/2024\/07\/i-1024x626.webp\" class=\"attachment-large size-large wp-image-11371\" alt=\"\" srcset=\"https:\/\/hisaronuziraat.com\/wp-content\/uploads\/2024\/07\/i-1024x626.webp 1024w, https:\/\/hisaronuziraat.com\/wp-content\/uploads\/2024\/07\/i-600x367.webp 600w, https:\/\/hisaronuziraat.com\/wp-content\/uploads\/2024\/07\/i-300x184.webp 300w, https:\/\/hisaronuziraat.com\/wp-content\/uploads\/2024\/07\/i-768x470.webp 768w, https:\/\/hisaronuziraat.com\/wp-content\/uploads\/2024\/07\/i.webp 1200w\" sizes=\"(max-width: 640px) 100vw, 640px\" \/>\t\t\t\t\t\t\t\t\t\t\t\t\t<\/div>\n\t\t\t\t<\/div>\n\t\t\t\t\t<\/div>\n\t\t<\/div>\n\t\t\t\t<div class=\"elementor-column elementor-col-50 elementor-top-column elementor-element elementor-element-0f3eef1\" data-id=\"0f3eef1\" data-element_type=\"column\">\n\t\t\t<div class=\"elementor-widget-wrap elementor-element-populated\">\n\t\t\t\t\t\t<div class=\"elementor-element elementor-element-57f1c50 elementor-widget elementor-widget-heading\" data-id=\"57f1c50\" data-element_type=\"widget\" data-widget_type=\"heading.default\">\n\t\t\t\t<div class=\"elementor-widget-container\">\n\t\t\t<h6 class=\"elementor-heading-title elementor-size-default\">H\u0130SAR\u00d6N\u00dc Z\u0130RAAT<\/h6>\t\t<\/div>\n\t\t\t\t<\/div>\n\t\t\t\t<div class=\"elementor-element elementor-element-b2daf09 elementor-widget elementor-widget-heading\" data-id=\"b2daf09\" data-element_type=\"widget\" data-widget_type=\"heading.default\">\n\t\t\t\t<div class=\"elementor-widget-container\">\n\t\t\t<h3 class=\"elementor-heading-title elementor-size-default\">Verimli Topraklar \u0130\u00e7in G\u00fc\u00e7l\u00fc \u00c7\u00f6z\u00fcmler<\/h3>\t\t<\/div>\n\t\t\t\t<\/div>\n\t\t\t\t<div class=\"elementor-element elementor-element-20f4454 elementor-widget elementor-widget-text-editor\" data-id=\"20f4454\" data-element_type=\"widget\" data-widget_type=\"text-editor.default\">\n\t\t\t\t<div class=\"elementor-widget-container\">\n\t\t\t<style>\/*! elementor - v3.23.0 - 15-07-2024 *\/\n.elementor-widget-text-editor.elementor-drop-cap-view-stacked .elementor-drop-cap{background-color:#69727d;color:#fff}.elementor-widget-text-editor.elementor-drop-cap-view-framed .elementor-drop-cap{color:#69727d;border:3px solid;background-color:transparent}.elementor-widget-text-editor:not(.elementor-drop-cap-view-default) .elementor-drop-cap{margin-top:8px}.elementor-widget-text-editor:not(.elementor-drop-cap-view-default) .elementor-drop-cap-letter{width:1em;height:1em}.elementor-widget-text-editor .elementor-drop-cap{float:left;text-align:center;line-height:1;font-size:50px}.elementor-widget-text-editor .elementor-drop-cap-letter{display:inline-block}<\/style>\t\t\t\t<p data-start=\"59\" data-end=\"332\">H\u0130SAR\u00d6N\u00dc Z\u0130RAAT olarak, tar\u0131msal \u00fcretimi destekleyen zirai malzemeler, kaliteli tohumlar ve reng\u00e2renk \u00e7i\u00e7ek \u00e7e\u015fitleriyle topra\u011f\u0131n\u0131za de\u011fer kat\u0131yoruz. \u00c7ift\u00e7ilerimizin, bah\u00e7\u0131vanlar\u0131n ve do\u011faseverlerin ihtiya\u00e7 duydu\u011fu her t\u00fcrl\u00fc ekipman\u0131 ve bitkiyi en kaliteli haliyle sunuyoruz.<\/p><p data-start=\"334\" data-end=\"576\">\u00dcr\u00fcn yelpazemizde; tar\u0131m ila\u00e7lar\u0131, g\u00fcbreler, sulama sistemleri, fide ve tohum \u00e7e\u015fitleri, bah\u00e7e malzemeleri ve s\u00fcs bitkileri yer almaktad\u0131r. Amac\u0131m\u0131z, \u00fcretiminizi verimli hale getirmek ve do\u011fay\u0131 en g\u00fczel haliyle ya\u015faman\u0131za katk\u0131 sa\u011flamakt\u0131r.<\/p><p data-start=\"578\" data-end=\"723\"><strong data-start=\"578\" data-end=\"592\">Neden Biz?<\/strong><br data-start=\"592\" data-end=\"595\" \/>\u2705 Kaliteli ve g\u00fcvenilir \u00fcr\u00fcnler<br data-start=\"626\" data-end=\"629\" \/>\u2705 Geni\u015f \u00fcr\u00fcn yelpazesi<br data-start=\"651\" data-end=\"654\" \/>\u2705 Uzman deste\u011fi ve dan\u0131\u015fmanl\u0131k<br data-start=\"684\" data-end=\"687\" \/>\u2705 \u00c7ift\u00e7iye ve do\u011faya dost \u00e7\u00f6z\u00fcmler<\/p><p data-start=\"725\" data-end=\"788\" data-is-last-node=\"\" data-is-only-node=\"\">Sa\u011fl\u0131kl\u0131 \u00fcretim ve reng\u00e2renk bah\u00e7eler i\u00e7in yan\u0131n\u0131zday\u0131z!<\/p>\t\t\t\t\t\t<\/div>\n\t\t\t\t<\/div>\n\t\t\t\t\t<\/div>\n\t\t<\/div>\n\t\t\t\t\t<\/div>\n\t\t<\/section>\n\t\t\t\t<\/div>\n\t\t","protected":false},"excerpt":{"rendered":"<p>Verimli Topraklar, G\u00fc\u00e7l\u00fc \u00dcr\u00fcnler! H\u0130SAR\u00d6N\u00dc Z\u0130RAAT Verimli Topraklar \u0130\u00e7in G\u00fc\u00e7l\u00fc \u00c7\u00f6z\u00fcmler H\u0130SAR\u00d6N\u00dc Z\u0130RAAT olarak, tar\u0131msal \u00fcretimi destekleyen zirai malzemeler, kaliteli tohumlar ve reng\u00e2renk \u00e7i\u00e7ek \u00e7e\u015fitleriyle topra\u011f\u0131n\u0131za de\u011fer kat\u0131yoruz. \u00c7ift\u00e7ilerimizin, bah\u00e7\u0131vanlar\u0131n ve do\u011faseverlerin ihtiya\u00e7 duydu\u011fu her t\u00fcrl\u00fc ekipman\u0131 ve bitkiyi en kaliteli haliyle sunuyoruz. \u00dcr\u00fcn yelpazemizde; tar\u0131m ila\u00e7lar\u0131, g\u00fcbreler, sulama sistemleri, fide ve tohum \u00e7e\u015fitleri, bah\u00e7e [&hellip;]<\/p>\n","protected":false},"author":1,"featured_media":0,"parent":0,"menu_order":0,"comment_status":"closed","ping_status":"closed","template":"","meta":{"footnotes":""},"class_list":["post-633","page","type-page","status-publish","hentry"],"_links":{"self":[{"href":"https:\/\/hisaronuziraat.com\/index.php\/wp-json\/wp\/v2\/pages\/633","targetHints":{"allow":["GET"]}}],"collection":[{"href":"https:\/\/hisaronuziraat.com\/index.php\/wp-json\/wp\/v2\/pages"}],"about":[{"href":"https:\/\/hisaronuziraat.com\/index.php\/wp-json\/wp\/v2\/types\/page"}],"author":[{"embeddable":true,"href":"https:\/\/hisaronuziraat.com\/index.php\/wp-json\/wp\/v2\/users\/1"}],"replies":[{"embeddable":true,"href":"https:\/\/hisaronuziraat.com\/index.php\/wp-json\/wp\/v2\/comments?post=633"}],"version-history":[{"count":5,"href":"https:\/\/hisaronuziraat.com\/index.php\/wp-json\/wp\/v2\/pages\/633\/revisions"}],"predecessor-version":[{"id":25578,"href":"https:\/\/hisaronuziraat.com\/index.php\/wp-json\/wp\/v2\/pages\/633\/revisions\/25578"}],"wp:attachment":[{"href":"https:\/\/hisaronuziraat.com\/index.php\/wp-json\/wp\/v2\/media?parent=633"}],"curies":[{"name":"wp","href":"https:\/\/api.w.org\/{rel}","templated":true}]}}